{"id":998,"date":"2025-10-08T10:38:26","date_gmt":"2025-10-08T13:38:26","guid":{"rendered":"https:\/\/mapasocialmt.org.br\/site\/?page_id=998"},"modified":"2025-11-14T09:19:58","modified_gmt":"2025-11-14T12:19:58","slug":"queimadas","status":"publish","type":"page","link":"https:\/\/mapasocialmt.org.br\/site\/queimadas\/","title":{"rendered":"Queimadas &#8211; Mapa Social MT"},"content":{"rendered":"\t\t<div data-elementor-type=\"wp-page\" data-elementor-id=\"998\" class=\"elementor elementor-998\" data-elementor-post-type=\"page\">\n\t\t\t\t<div class=\"elementor-element elementor-element-21c7796 e-flex e-con-boxed e-con e-parent\" data-id=\"21c7796\" data-element_type=\"container\" data-e-type=\"container\">\n\t\t\t\t\t<div class=\"e-con-inner\">\n\t\t<div class=\"elementor-element elementor-element-ecf8ae1 e-con-full e-flex e-con e-child\" data-id=\"ecf8ae1\" data-element_type=\"container\" data-e-type=\"container\">\n\t\t\t\t<div class=\"elementor-element elementor-element-141685b elementor-icon-list--layout-traditional elementor-list-item-link-full_width elementor-widget elementor-widget-icon-list\" data-id=\"141685b\" data-element_type=\"widget\" data-e-type=\"widget\" data-widget_type=\"icon-list.default\">\n\t\t\t\t\t\t\t<ul class=\"elementor-icon-list-items\">\n\t\t\t\t\t\t\t<li class=\"elementor-icon-list-item\">\n\t\t\t\t\t\t\t\t\t\t\t<span class=\"elementor-icon-list-icon\">\n\t\t\t\t\t\t\t<svg xmlns=\"http:\/\/www.w3.org\/2000\/svg\" width=\"120\" height=\"120\" viewBox=\"0 0 120 120\" fill=\"none\"><g clip-path=\"url(#clip0_269_2275)\"><path d=\"M0 12.4191C0 7.30065 4.14928 3.15137 9.26768 3.15137H106.063C111.182 3.15137 115.331 7.30065 115.331 12.419V109.215C115.331 114.333 111.182 118.482 106.063 118.482H9.26768C4.14929 118.482 0 114.333 0 109.215V12.4191Z\" fill=\"#85BD32\"><\/path><path d=\"M58.1815 84.4985C59.2112 84.4985 59.7261 85.0134 61.1235 85.0471V99.7635C61.1235 99.7635 60.2409 99.9447 59.726 99.9447C58.6963 99.9447 58.9619 99.9447 58.1816 99.9447C57.4013 99.9447 57.1516 99.9447 56.6368 99.9447C55.607 99.9447 55.2393 99.7635 55.2393 99.7635V85.0473C56.6369 85.0134 57.1517 84.4985 58.1815 84.4985C58.1715 85.6478 58.1785 84.8443 58.1815 84.4985ZM83.9619 37.2759C81.8301 32.1983 78.2463 27.8632 73.6601 24.8147C69.0739 21.7661 63.6896 20.1397 58.1826 20.1396C52.6756 20.1396 47.2913 21.7658 42.705 24.8142C38.1187 27.8627 34.5348 32.1976 32.4029 37.2752C27.8217 39.3959 23.9393 42.7775 21.2101 47.0243C18.4808 51.2712 17.0177 56.2076 16.9918 61.2557C16.953 75.5314 28.525 87.4392 42.7884 87.7998C47.1015 87.9154 51.3769 86.9702 55.2393 85.0473V71.974L39.213 63.9608C39.1313 63.9037 38.6162 63.3888 38.6162 63.3888C38.6162 63.3888 39.8163 62.1889 40.161 61.8442C40.6758 61.3293 40.3838 60.5528 40.6759 60.2996C40.9679 60.0464 40.9191 60.0564 41.1907 59.7847C41.1907 59.7847 41.4605 59.515 41.7056 59.2698C41.9507 59.0247 41.8444 58.6979 41.8444 58.6979L55.2393 65.3952V46.6187H58.1814H61.1235V56.5689L74.5183 49.8715C74.6573 50.0022 74.6573 50.0022 74.6573 50.0022L75.1721 50.517L75.687 51.0319L76.7167 52.0617L77.2316 52.5765L77.7465 53.0914L78.7762 54.1211C78.7762 54.1211 77.2316 55.1509 77.1498 55.1344L61.1235 63.1477V85.0471C64.7785 86.8684 68.8073 87.8138 72.8909 87.8084C73.1186 87.8084 73.3466 87.8055 73.575 87.7998C87.8385 87.4389 99.4105 75.5307 99.371 61.2543C99.3449 56.2067 97.8818 51.271 95.1529 47.0246C92.4241 42.7782 88.5423 39.3967 83.9619 37.2759Z\" fill=\"#F7F7F7\"><\/path><rect x=\"38.1094\" y=\"54.6377\" width=\"6.17845\" height=\"9.26768\" transform=\"rotate(26.4451 38.1094 54.6377)\" fill=\"#F7F7F7\"><\/rect><rect width=\"120\" height=\"120\" rx=\"9.45266\" fill=\"#F59E32\"><\/rect><path d=\"M65.3794 52.4219C65.6184 55.2879 66.3403 58.0986 67.521 60.7344C68.9852 64.0029 71.1213 66.9258 73.7876 69.3184C77.3548 73.1946 80.3579 76.6471 80.3579 83.1367C80.3579 89.8053 78.4175 94.6083 75.2954 97.7402C72.2776 100.767 67.664 102.726 61.1958 102.851C60.9768 102.853 60.7565 102.856 60.5356 102.856C60.313 102.856 60.0913 102.853 59.8706 102.851C53.3764 102.728 48.7698 100.81 45.7661 97.8193C42.6634 94.7295 40.7153 89.941 40.7153 83.1367C40.7153 80.7163 41.3503 77.1102 42.4927 73.5723C43.262 71.1898 44.1578 69.1644 45.0288 67.6904C45.3368 68.4726 45.7015 69.2326 46.1206 69.9639L51.4155 79.2031L53.9966 68.8711C54.9057 65.2323 56.5309 61.8076 58.7778 58.7959C60.6199 56.327 62.85 54.1748 65.3794 52.4219ZM73.9292 13.9277C73.9292 13.9277 73.5902 20.6347 73.5942 21.4072C73.558 25.7639 74.4717 30.0778 76.2739 34.0566C78.0761 38.0353 80.7248 41.5869 84.0405 44.4707C89.3508 50.1721 95.3579 56.6453 95.3579 68.5625C95.3579 82.308 90.1299 92.5269 80.5483 98.0898C83.2276 94.1978 84.6431 89.15 84.6431 83.1367C84.643 74.7948 80.4854 70.2634 76.8091 66.2725C74.5135 64.2537 72.6798 61.7676 71.4321 58.9824C70.2624 56.3712 69.6329 53.5541 69.5796 50.6992L69.5767 50.1279C69.5739 49.5862 69.643 45.0062 69.6431 45C69.6006 45.0232 65.3569 47.3419 64.9058 47.6377C61.179 49.8456 57.9284 52.7671 55.3423 56.2334C52.7561 59.6998 50.8853 63.6424 49.8384 67.833C49.2299 66.7713 48.774 65.6299 48.4829 64.4424C48.1013 62.8851 47.1469 58.9443 47.1431 58.9287C47.1107 58.9615 44.2443 61.8659 43.27 62.8818L42.9136 63.2734C39.2574 67.5093 36.4292 77.3225 36.4292 83.1367C36.4292 89.2279 37.8339 94.2842 40.4976 98.1602C30.9325 92.6666 25.7144 82.5154 25.7144 68.5625C25.7144 59.9889 30.0673 45.3274 35.5952 39.626C36.152 39.0765 40.6747 34.8583 40.7144 34.8213L43.1255 41.8555C43.1301 41.8697 44.2074 45.1856 45.0845 46.6992C46.5967 40.7128 49.2983 35.0807 53.0337 30.1289C56.7691 25.1771 61.4642 21.0037 66.8472 17.8496C67.5018 17.425 73.9292 13.9277 73.9292 13.9277Z\" fill=\"#F7F7F7\"><\/path><\/g><defs><clipPath id=\"clip0_269_2275\"><rect width=\"120\" height=\"120\" fill=\"white\"><\/rect><\/clipPath><\/defs><\/svg>\t\t\t\t\t\t<\/span>\n\t\t\t\t\t\t\t\t\t\t<span class=\"elementor-icon-list-text\">Queimadas<\/span>\n\t\t\t\t\t\t\t\t\t<\/li>\n\t\t\t\t\t\t<\/ul>\n\t\t\t\t\t\t<\/div>\n\t\t\t\t<div class=\"elementor-element elementor-element-15292dd elementor-widget-divider--view-line elementor-widget elementor-widget-divider\" data-id=\"15292dd\" data-element_type=\"widget\" data-e-type=\"widget\" data-widget_type=\"divider.default\">\n\t\t\t\t\t\t\t<div class=\"elementor-divider\">\n\t\t\t<span class=\"elementor-divider-separator\">\n\t\t\t\t\t\t<\/span>\n\t\t<\/div>\n\t\t\t\t\t\t<\/div>\n\t\t\t\t<div class=\"elementor-element elementor-element-ffd5fff elementor-widget elementor-widget-text-editor\" data-id=\"ffd5fff\" data-element_type=\"widget\" data-e-type=\"widget\" data-widget_type=\"text-editor.default\">\n\t\t\t\t\t\t\t\t\t<p>Os impactos socioambientais decorrentes da pr\u00e1tica das queimadas, sobretudo na regi\u00e3o tropical, s\u00e3o motivos de preocupa\u00e7\u00e3o em \u00e2mbito nacional e internacional. De maneira geral, as queimadas s\u00e3o constantemente associadas \u00e0 din\u00e2mica do desmatamento. No cen\u00e1rio mato-grossense, podemos assegurar ser inerente esse arrolamento entre o desmatamento, a degrada\u00e7\u00e3o, a explora\u00e7\u00e3o madeireira e o inc\u00eandio florestal, sendo imprescind\u00edvel a pondera\u00e7\u00e3o desse entrela\u00e7amento em qualquer a\u00e7\u00e3o de controle e ordenamento territorial. As significativas altera\u00e7\u00f5es no uso e ocupa\u00e7\u00e3o do territ\u00f3rio em MT sempre contaram com o uso do fogo para sua promo\u00e7\u00e3o, pois a limpeza (entre aspas) das \u00e1reas para a comprova\u00e7\u00e3o do seu uso efetivo e morada habitual garante o direito \u00e0 posse de terras devolutas. Assim, a limpeza (entre aspas), propiciada pelos inc\u00eandios florestais, ap\u00f3s a retirada das madeiras de lei, abona aos ocupantes da terra o direito, a posse e a valoriza\u00e7\u00e3o financeira.<\/p>\t\t\t\t\t\t\t\t<\/div>\n\t\t\t\t<\/div>\n\t\t<div class=\"elementor-element elementor-element-21d9e20 e-con-full e-flex e-con e-child\" data-id=\"21d9e20\" data-element_type=\"container\" data-e-type=\"container\">\n\t\t\t\t<div class=\"elementor-element elementor-element-d320ee5 elementor-widget elementor-widget-image\" data-id=\"d320ee5\" data-element_type=\"widget\" data-e-type=\"widget\" data-widget_type=\"image.default\">\n\t\t\t\t\t\t\t\t\t\t\t\t\t\t\t\t<a href=\"https:\/\/mapasocialmt.org.br\/mapa\/#conflito=queimada\" target=\"_blank\">\n\t\t\t\t\t\t\t<img fetchpriority=\"high\" decoding=\"async\" width=\"963\" height=\"771\" src=\"https:\/\/mapasocialmt.org.br\/site\/wp-content\/uploads\/2025\/10\/Conflito-Qeuimada.jpg\" class=\"attachment-full size-full wp-image-1001\" alt=\"\" srcset=\"https:\/\/mapasocialmt.org.br\/site\/wp-content\/uploads\/2025\/10\/Conflito-Qeuimada.jpg 963w, https:\/\/mapasocialmt.org.br\/site\/wp-content\/uploads\/2025\/10\/Conflito-Qeuimada-300x240.jpg 300w, https:\/\/mapasocialmt.org.br\/site\/wp-content\/uploads\/2025\/10\/Conflito-Qeuimada-768x615.jpg 768w\" sizes=\"(max-width: 963px) 100vw, 963px\" \/>\t\t\t\t\t\t\t\t<\/a>\n\t\t\t\t\t\t\t\t\t\t\t\t\t\t\t<\/div>\n\t\t\t\t<div class=\"elementor-element elementor-element-e303122 elementor-widget elementor-widget-button\" data-id=\"e303122\" data-element_type=\"widget\" data-e-type=\"widget\" data-widget_type=\"button.default\">\n\t\t\t\t\t\t\t\t\t\t<a class=\"elementor-button elementor-button-link elementor-size-sm\" href=\"https:\/\/mapasocialmt.org.br\/mapa\/#conflito=queimada\" target=\"_blank\">\n\t\t\t\t\t\t<span class=\"elementor-button-content-wrapper\">\n\t\t\t\t\t\t\t\t\t<span class=\"elementor-button-text\">Mapa completo<\/span>\n\t\t\t\t\t<\/span>\n\t\t\t\t\t<\/a>\n\t\t\t\t\t\t\t\t<\/div>\n\t\t\t\t<div class=\"elementor-element elementor-element-2e7daa3 elementor-widget elementor-widget-text-editor\" data-id=\"2e7daa3\" data-element_type=\"widget\" data-e-type=\"widget\" data-widget_type=\"text-editor.default\">\n\t\t\t\t\t\t\t\t\t<p>Refer\u00eancia: SILVA, Regina Aparecida da. Do invis\u00edvel ao vis\u00edvel: o mapeamento dos grupos sociais do estado de Mato Grosso &#8211; Brasil. S\u00e3o Carlos: UFscar, 2011.<\/p><p>\u00a0<\/p>\t\t\t\t\t\t\t\t<\/div>\n\t\t\t\t<\/div>\n\t\t\t\t\t<\/div>\n\t\t\t\t<\/div>\n\t\t\t\t<\/div>\n\t\t","protected":false},"excerpt":{"rendered":"<p>Queimadas Os impactos socioambientais decorrentes da pr\u00e1tica das queimadas, sobretudo na regi\u00e3o tropical, s\u00e3o motivos de preocupa\u00e7\u00e3o em \u00e2mbito nacional e internacional. De maneira geral, as queimadas s\u00e3o constantemente associadas \u00e0 din\u00e2mica do desmatamento. No cen\u00e1rio mato-grossense, podemos assegurar ser inerente esse arrolamento entre o desmatamento, a degrada\u00e7\u00e3o, a explora\u00e7\u00e3o madeireira e o inc\u00eandio florestal, [&hellip;]<\/p>\n","protected":false},"author":1,"featured_media":0,"parent":0,"menu_order":0,"comment_status":"closed","ping_status":"closed","template":"elementor_header_footer","meta":{"footnotes":""},"class_list":["post-998","page","type-page","status-publish","hentry"],"yoast_head":"<!-- This site is optimized with the Yoast SEO plugin v27.5 - https:\/\/yoast.com\/product\/yoast-seo-wordpress\/ -->\n<title>Queimadas - Mapa Social MT<\/title>\n<meta name=\"robots\" content=\"index, follow, max-snippet:-1, max-image-preview:large, max-video-preview:-1\" \/>\n<link rel=\"canonical\" href=\"https:\/\/mapasocialmt.org.br\/site\/queimadas\/\" \/>\n<meta property=\"og:locale\" content=\"pt_BR\" \/>\n<meta property=\"og:type\" content=\"article\" \/>\n<meta property=\"og:title\" content=\"Queimadas - Mapa Social MT\" \/>\n<meta property=\"og:description\" content=\"Queimadas Os impactos socioambientais decorrentes da pr\u00e1tica das queimadas, sobretudo na regi\u00e3o tropical, s\u00e3o motivos de preocupa\u00e7\u00e3o em \u00e2mbito nacional e internacional. De maneira geral, as queimadas s\u00e3o constantemente associadas \u00e0 din\u00e2mica do desmatamento. No cen\u00e1rio mato-grossense, podemos assegurar ser inerente esse arrolamento entre o desmatamento, a degrada\u00e7\u00e3o, a explora\u00e7\u00e3o madeireira e o inc\u00eandio florestal, [&hellip;]\" \/>\n<meta property=\"og:url\" content=\"https:\/\/mapasocialmt.org.br\/site\/queimadas\/\" \/>\n<meta property=\"og:site_name\" content=\"Mapa Social MT\" \/>\n<meta property=\"article:modified_time\" content=\"2025-11-14T12:19:58+00:00\" \/>\n<meta property=\"og:image\" content=\"https:\/\/mapasocialmt.org.br\/site\/wp-content\/uploads\/2025\/10\/Conflito-Qeuimada.jpg\" \/>\n<meta name=\"twitter:card\" content=\"summary_large_image\" \/>\n<meta name=\"twitter:label1\" content=\"Est. tempo de leitura\" \/>\n\t<meta name=\"twitter:data1\" content=\"2 minutos\" \/>\n<script type=\"application\/ld+json\" class=\"yoast-schema-graph\">{\"@context\":\"https:\\\/\\\/schema.org\",\"@graph\":[{\"@type\":\"WebPage\",\"@id\":\"https:\\\/\\\/mapasocialmt.org.br\\\/site\\\/queimadas\\\/\",\"url\":\"https:\\\/\\\/mapasocialmt.org.br\\\/site\\\/queimadas\\\/\",\"name\":\"Queimadas - Mapa Social MT\",\"isPartOf\":{\"@id\":\"https:\\\/\\\/mapasocialmt.org.br\\\/site\\\/#website\"},\"primaryImageOfPage\":{\"@id\":\"https:\\\/\\\/mapasocialmt.org.br\\\/site\\\/queimadas\\\/#primaryimage\"},\"image\":{\"@id\":\"https:\\\/\\\/mapasocialmt.org.br\\\/site\\\/queimadas\\\/#primaryimage\"},\"thumbnailUrl\":\"https:\\\/\\\/mapasocialmt.org.br\\\/site\\\/wp-content\\\/uploads\\\/2025\\\/10\\\/Conflito-Qeuimada.jpg\",\"datePublished\":\"2025-10-08T13:38:26+00:00\",\"dateModified\":\"2025-11-14T12:19:58+00:00\",\"breadcrumb\":{\"@id\":\"https:\\\/\\\/mapasocialmt.org.br\\\/site\\\/queimadas\\\/#breadcrumb\"},\"inLanguage\":\"pt-BR\",\"potentialAction\":[{\"@type\":\"ReadAction\",\"target\":[\"https:\\\/\\\/mapasocialmt.org.br\\\/site\\\/queimadas\\\/\"]}]},{\"@type\":\"ImageObject\",\"inLanguage\":\"pt-BR\",\"@id\":\"https:\\\/\\\/mapasocialmt.org.br\\\/site\\\/queimadas\\\/#primaryimage\",\"url\":\"https:\\\/\\\/mapasocialmt.org.br\\\/site\\\/wp-content\\\/uploads\\\/2025\\\/10\\\/Conflito-Qeuimada.jpg\",\"contentUrl\":\"https:\\\/\\\/mapasocialmt.org.br\\\/site\\\/wp-content\\\/uploads\\\/2025\\\/10\\\/Conflito-Qeuimada.jpg\",\"width\":963,\"height\":771},{\"@type\":\"BreadcrumbList\",\"@id\":\"https:\\\/\\\/mapasocialmt.org.br\\\/site\\\/queimadas\\\/#breadcrumb\",\"itemListElement\":[{\"@type\":\"ListItem\",\"position\":1,\"name\":\"In\u00edcio\",\"item\":\"https:\\\/\\\/mapasocialmt.org.br\\\/site\\\/\"},{\"@type\":\"ListItem\",\"position\":2,\"name\":\"Queimadas &#8211; Mapa Social MT\"}]},{\"@type\":\"WebSite\",\"@id\":\"https:\\\/\\\/mapasocialmt.org.br\\\/site\\\/#website\",\"url\":\"https:\\\/\\\/mapasocialmt.org.br\\\/site\\\/\",\"name\":\"Mapa Social MT\",\"description\":\"\",\"publisher\":{\"@id\":\"https:\\\/\\\/mapasocialmt.org.br\\\/site\\\/#organization\"},\"potentialAction\":[{\"@type\":\"SearchAction\",\"target\":{\"@type\":\"EntryPoint\",\"urlTemplate\":\"https:\\\/\\\/mapasocialmt.org.br\\\/site\\\/?s={search_term_string}\"},\"query-input\":{\"@type\":\"PropertyValueSpecification\",\"valueRequired\":true,\"valueName\":\"search_term_string\"}}],\"inLanguage\":\"pt-BR\"},{\"@type\":\"Organization\",\"@id\":\"https:\\\/\\\/mapasocialmt.org.br\\\/site\\\/#organization\",\"name\":\"Mapa Social MT\",\"url\":\"https:\\\/\\\/mapasocialmt.org.br\\\/site\\\/\",\"logo\":{\"@type\":\"ImageObject\",\"inLanguage\":\"pt-BR\",\"@id\":\"https:\\\/\\\/mapasocialmt.org.br\\\/site\\\/#\\\/schema\\\/logo\\\/image\\\/\",\"url\":\"https:\\\/\\\/mapasocialmt.org.br\\\/site\\\/wp-content\\\/uploads\\\/2025\\\/10\\\/MapaSocial.jpg\",\"contentUrl\":\"https:\\\/\\\/mapasocialmt.org.br\\\/site\\\/wp-content\\\/uploads\\\/2025\\\/10\\\/MapaSocial.jpg\",\"width\":512,\"height\":512,\"caption\":\"Mapa Social MT\"},\"image\":{\"@id\":\"https:\\\/\\\/mapasocialmt.org.br\\\/site\\\/#\\\/schema\\\/logo\\\/image\\\/\"}}]}<\/script>\n<!-- \/ Yoast SEO plugin. -->","yoast_head_json":{"title":"Queimadas - Mapa Social MT","robots":{"index":"index","follow":"follow","max-snippet":"max-snippet:-1","max-image-preview":"max-image-preview:large","max-video-preview":"max-video-preview:-1"},"canonical":"https:\/\/mapasocialmt.org.br\/site\/queimadas\/","og_locale":"pt_BR","og_type":"article","og_title":"Queimadas - Mapa Social MT","og_description":"Queimadas Os impactos socioambientais decorrentes da pr\u00e1tica das queimadas, sobretudo na regi\u00e3o tropical, s\u00e3o motivos de preocupa\u00e7\u00e3o em \u00e2mbito nacional e internacional. De maneira geral, as queimadas s\u00e3o constantemente associadas \u00e0 din\u00e2mica do desmatamento. No cen\u00e1rio mato-grossense, podemos assegurar ser inerente esse arrolamento entre o desmatamento, a degrada\u00e7\u00e3o, a explora\u00e7\u00e3o madeireira e o inc\u00eandio florestal, [&hellip;]","og_url":"https:\/\/mapasocialmt.org.br\/site\/queimadas\/","og_site_name":"Mapa Social MT","article_modified_time":"2025-11-14T12:19:58+00:00","og_image":[{"url":"https:\/\/mapasocialmt.org.br\/site\/wp-content\/uploads\/2025\/10\/Conflito-Qeuimada.jpg","type":"","width":"","height":""}],"twitter_card":"summary_large_image","twitter_misc":{"Est. tempo de leitura":"2 minutos"},"schema":{"@context":"https:\/\/schema.org","@graph":[{"@type":"WebPage","@id":"https:\/\/mapasocialmt.org.br\/site\/queimadas\/","url":"https:\/\/mapasocialmt.org.br\/site\/queimadas\/","name":"Queimadas - Mapa Social MT","isPartOf":{"@id":"https:\/\/mapasocialmt.org.br\/site\/#website"},"primaryImageOfPage":{"@id":"https:\/\/mapasocialmt.org.br\/site\/queimadas\/#primaryimage"},"image":{"@id":"https:\/\/mapasocialmt.org.br\/site\/queimadas\/#primaryimage"},"thumbnailUrl":"https:\/\/mapasocialmt.org.br\/site\/wp-content\/uploads\/2025\/10\/Conflito-Qeuimada.jpg","datePublished":"2025-10-08T13:38:26+00:00","dateModified":"2025-11-14T12:19:58+00:00","breadcrumb":{"@id":"https:\/\/mapasocialmt.org.br\/site\/queimadas\/#breadcrumb"},"inLanguage":"pt-BR","potentialAction":[{"@type":"ReadAction","target":["https:\/\/mapasocialmt.org.br\/site\/queimadas\/"]}]},{"@type":"ImageObject","inLanguage":"pt-BR","@id":"https:\/\/mapasocialmt.org.br\/site\/queimadas\/#primaryimage","url":"https:\/\/mapasocialmt.org.br\/site\/wp-content\/uploads\/2025\/10\/Conflito-Qeuimada.jpg","contentUrl":"https:\/\/mapasocialmt.org.br\/site\/wp-content\/uploads\/2025\/10\/Conflito-Qeuimada.jpg","width":963,"height":771},{"@type":"BreadcrumbList","@id":"https:\/\/mapasocialmt.org.br\/site\/queimadas\/#breadcrumb","itemListElement":[{"@type":"ListItem","position":1,"name":"In\u00edcio","item":"https:\/\/mapasocialmt.org.br\/site\/"},{"@type":"ListItem","position":2,"name":"Queimadas &#8211; Mapa Social MT"}]},{"@type":"WebSite","@id":"https:\/\/mapasocialmt.org.br\/site\/#website","url":"https:\/\/mapasocialmt.org.br\/site\/","name":"Mapa Social MT","description":"","publisher":{"@id":"https:\/\/mapasocialmt.org.br\/site\/#organization"},"potentialAction":[{"@type":"SearchAction","target":{"@type":"EntryPoint","urlTemplate":"https:\/\/mapasocialmt.org.br\/site\/?s={search_term_string}"},"query-input":{"@type":"PropertyValueSpecification","valueRequired":true,"valueName":"search_term_string"}}],"inLanguage":"pt-BR"},{"@type":"Organization","@id":"https:\/\/mapasocialmt.org.br\/site\/#organization","name":"Mapa Social MT","url":"https:\/\/mapasocialmt.org.br\/site\/","logo":{"@type":"ImageObject","inLanguage":"pt-BR","@id":"https:\/\/mapasocialmt.org.br\/site\/#\/schema\/logo\/image\/","url":"https:\/\/mapasocialmt.org.br\/site\/wp-content\/uploads\/2025\/10\/MapaSocial.jpg","contentUrl":"https:\/\/mapasocialmt.org.br\/site\/wp-content\/uploads\/2025\/10\/MapaSocial.jpg","width":512,"height":512,"caption":"Mapa Social MT"},"image":{"@id":"https:\/\/mapasocialmt.org.br\/site\/#\/schema\/logo\/image\/"}}]}},"_links":{"self":[{"href":"https:\/\/mapasocialmt.org.br\/site\/wp-json\/wp\/v2\/pages\/998","targetHints":{"allow":["GET"]}}],"collection":[{"href":"https:\/\/mapasocialmt.org.br\/site\/wp-json\/wp\/v2\/pages"}],"about":[{"href":"https:\/\/mapasocialmt.org.br\/site\/wp-json\/wp\/v2\/types\/page"}],"author":[{"embeddable":true,"href":"https:\/\/mapasocialmt.org.br\/site\/wp-json\/wp\/v2\/users\/1"}],"replies":[{"embeddable":true,"href":"https:\/\/mapasocialmt.org.br\/site\/wp-json\/wp\/v2\/comments?post=998"}],"version-history":[{"count":13,"href":"https:\/\/mapasocialmt.org.br\/site\/wp-json\/wp\/v2\/pages\/998\/revisions"}],"predecessor-version":[{"id":1356,"href":"https:\/\/mapasocialmt.org.br\/site\/wp-json\/wp\/v2\/pages\/998\/revisions\/1356"}],"wp:attachment":[{"href":"https:\/\/mapasocialmt.org.br\/site\/wp-json\/wp\/v2\/media?parent=998"}],"curies":[{"name":"wp","href":"https:\/\/api.w.org\/{rel}","templated":true}]}}