{"id":940,"date":"2025-10-08T09:52:48","date_gmt":"2025-10-08T12:52:48","guid":{"rendered":"https:\/\/mapasocialmt.org.br\/site\/?page_id=940"},"modified":"2025-10-08T09:59:34","modified_gmt":"2025-10-08T12:59:34","slug":"uso-abusivo-de-agrotoxico","status":"publish","type":"page","link":"https:\/\/mapasocialmt.org.br\/site\/uso-abusivo-de-agrotoxico\/","title":{"rendered":"Uso abusivo de agrot\u00f3xico &#8211; Mapa Social MT"},"content":{"rendered":"\t\t<div data-elementor-type=\"wp-page\" data-elementor-id=\"940\" class=\"elementor elementor-940\" data-elementor-post-type=\"page\">\n\t\t\t\t<div class=\"elementor-element elementor-element-fd8cef4 e-flex e-con-boxed e-con e-parent\" data-id=\"fd8cef4\" data-element_type=\"container\" data-e-type=\"container\">\n\t\t\t\t\t<div class=\"e-con-inner\">\n\t\t<div class=\"elementor-element elementor-element-599c597 e-con-full e-flex e-con e-child\" data-id=\"599c597\" data-element_type=\"container\" data-e-type=\"container\">\n\t\t\t\t<div class=\"elementor-element elementor-element-76a559a elementor-icon-list--layout-traditional elementor-list-item-link-full_width elementor-widget elementor-widget-icon-list\" data-id=\"76a559a\" data-element_type=\"widget\" data-e-type=\"widget\" data-widget_type=\"icon-list.default\">\n\t\t\t\t\t\t\t<ul class=\"elementor-icon-list-items\">\n\t\t\t\t\t\t\t<li class=\"elementor-icon-list-item\">\n\t\t\t\t\t\t\t\t\t\t\t<span class=\"elementor-icon-list-icon\">\n\t\t\t\t\t\t\t<svg xmlns=\"http:\/\/www.w3.org\/2000\/svg\" width=\"120\" height=\"120\" viewBox=\"0 0 120 120\" fill=\"none\"><g clip-path=\"url(#clip0_269_2283)\"><rect x=\"2.43994\" y=\"2.0791\" width=\"115.331\" height=\"115.331\" rx=\"9.26768\" fill=\"#01B4D5\"><\/rect><path d=\"M57.9125 38.5383C58.2236 38.668 65.7539 40.1794 75.0346 40.1794C84.3154 40.1794 91.8457 38.668 92.1568 38.5382C92.6969 38.312 93.0551 37.7359 93.0551 37.0902C93.0551 36.4446 92.6969 35.8684 92.1568 35.6421C91.8457 35.5124 84.3154 34.001 75.0346 34.001C65.7539 34.001 58.2236 35.5124 57.9125 35.6422C57.3724 35.8684 57.0142 36.4446 57.0142 37.0902C57.0142 37.7359 57.3724 38.312 57.9125 38.5383Z\" fill=\"#F7F7F7\"><\/path><path d=\"M84.818 31.9421C84.3447 28.5148 81.4356 25.7637 77.8917 25.7637H72.2729C68.729 25.7637 65.7262 28.5146 65.2529 31.9421C68.1002 31.6865 71.542 31.4953 75.0823 31.4953C78.6228 31.4953 81.9711 31.6865 84.818 31.9421Z\" fill=\"#F7F7F7\"><\/path><path d=\"M75.0963 48.9835C79.2333 48.9835 82.587 45.6298 82.587 41.4927C82.587 37.3557 79.2333 34.002 75.0963 34.002C70.9592 34.002 67.6055 37.3557 67.6055 41.4927C67.6055 45.6298 70.9592 48.9835 75.0963 48.9835Z\" fill=\"#F7F7F7\"><\/path><path d=\"M28.5972 72.5219C28.6909 72.5406 28.7845 72.5781 28.8781 72.5968C30.3388 73.0088 31.4063 73.3084 33.8782 73.3084C35.6011 73.3084 36.6686 73.1586 37.6236 72.9339V62.0723H26.3874C25.732 62.0723 25.1327 62.4093 24.7957 62.9524C24.4586 63.4955 24.4211 64.1884 24.7207 64.7689L28.5785 72.5032L28.5972 72.5219Z\" fill=\"#F7F7F7\"><\/path><path d=\"M48.8776 71.5121C51.7428 71.6619 53.5219 72.1675 55.0762 72.617C56.4808 73.029 57.6044 73.3473 60.0951 73.3473C62.5857 73.3473 63.6906 73.0289 65.1139 72.6357C67.0053 72.0926 69.1402 71.4746 73.2039 71.4746C77.2677 71.4746 79.4213 72.0926 81.3127 72.6357C82.7172 73.0477 83.8409 73.3473 86.3315 73.3473C88.8222 73.3473 89.9458 73.0289 91.3504 72.6357C91.444 72.617 91.5564 72.5795 91.65 72.5608L95.5078 64.8453C95.8074 64.2647 95.7699 63.5718 95.4328 63.0287C95.0958 62.4857 94.4965 62.1486 93.8411 62.1486H86.3503V60.2759C86.3503 56.362 84.3465 52.9162 81.3127 50.9124C79.5337 52.0922 77.3988 52.7851 75.1141 52.7851C72.8294 52.7851 70.6945 52.0922 68.9155 50.9124C67.024 52.1671 65.5446 53.9836 64.6832 56.1185C59.5145 48.2344 51.0312 42.6351 43.9711 39.826C43.4093 39.6013 42.7352 39.6575 42.2295 40.0133C41.7239 40.3691 41.4055 40.9497 41.4055 41.5676L41.4992 83.0479C39.1958 83.8157 37.6602 85.9506 37.6602 88.3851C37.6602 91.475 40.1883 94.0032 43.2782 94.0032C46.3682 94.0032 48.8963 91.475 48.8963 88.3851C48.8963 87.3551 48.0536 86.5124 47.0236 86.5124C45.9937 86.5124 45.1509 87.3551 45.1509 88.3851C45.1509 89.415 44.3082 90.2578 43.2782 90.2578C42.2483 90.2578 41.4055 89.415 41.4055 88.3851C41.4055 87.5798 41.9112 86.8682 42.679 86.606C44.1584 86.1191 45.1509 84.6771 45.1509 83.0479V44.358C52.2297 47.7475 60.1138 53.8338 63.7094 62.0924H48.8963V71.5121H48.8776Z\" fill=\"#F7F7F7\"><\/path><path d=\"M99.4406 75.2012C95.9012 75.2012 94.1034 75.7068 92.3805 76.2124C90.8262 76.6619 89.3468 77.0739 86.313 77.0739C83.2792 77.0739 81.8372 76.6619 80.2642 76.2124C78.5226 75.7255 76.7435 75.2012 73.2041 75.2012C69.6647 75.2012 67.8669 75.7068 66.144 76.2124C64.5897 76.6619 63.1103 77.0739 60.0952 77.0739C57.0802 77.0739 55.6195 76.6619 54.0652 76.2124C53.1663 75.9503 52.2486 75.6881 51.0314 75.5008C50.0014 75.3323 49.0463 76.0439 48.8778 77.0551C48.7092 78.0851 49.4021 79.0402 50.4321 79.2087C51.4247 79.3586 52.1925 79.5833 53.0352 79.8267C54.6831 80.2949 56.5558 80.8193 60.0765 80.8193C63.5972 80.8193 65.4137 80.3136 67.1366 79.808C68.6909 79.3586 70.1703 78.9466 73.1854 78.9466C76.2004 78.9466 77.6611 79.3586 79.2342 79.808C80.9758 80.2949 82.7549 80.8193 86.2943 80.8193C89.8337 80.8193 91.6502 80.3136 93.3918 79.808C94.9461 79.3586 96.4256 78.9466 99.4219 78.9466C100.452 78.9466 101.295 78.1039 101.295 77.0739C101.295 76.0439 100.452 75.2012 99.4219 75.2012H99.4406Z\" fill=\"#F7F7F7\"><\/path><path d=\"M35.6382 77.0177C35.1139 77.0551 34.5333 77.0739 33.8966 77.0739C30.8816 77.0739 29.4209 76.6619 27.8478 76.2124C26.1062 75.7255 24.3271 75.2012 20.7877 75.2012C19.7578 75.2012 18.915 76.0439 18.915 77.0739C18.915 78.1039 19.7578 78.9466 20.7877 78.9466C23.8028 78.9466 25.2635 79.3586 26.8365 79.808C28.5782 80.2949 30.3572 80.8193 33.8966 80.8193C34.627 80.8193 35.3011 80.8005 35.9004 80.7631C36.9304 80.6882 37.7169 79.808 37.642 78.778C37.5671 77.748 36.6869 76.9428 35.6569 77.0364L35.6382 77.0177Z\" fill=\"#F7F7F7\"><\/path><rect width=\"120\" height=\"120\" rx=\"9.45266\" fill=\"#AD3C53\"><\/rect><path d=\"M47.9094 61.3169V65.9108C47.9094 66.7385 48.6122 67.4127 49.4816 67.4127H53.3155C54.1822 67.4127 54.885 66.7385 54.885 65.9108V62.0639H56.1942V65.9108C56.1942 66.7385 56.897 67.4127 57.7637 67.4127H61.6001C62.4668 67.4127 63.1723 66.7385 63.1723 65.9108V62.0639H64.4789V65.9108C64.4789 66.7385 65.1817 67.4127 66.0511 67.4127H69.885C70.7517 67.4127 71.4545 66.7385 71.4545 65.9108V61.3169C75.4497 60.1561 82.1206 57.4622 84.3903 52.0173C86.0379 48.0584 85.3924 42.8477 82.9249 32.8035C80.4519 22.7542 73.2682 17.1426 59.6791 17.1426C46.0901 17.1426 38.9089 22.7542 36.4389 32.8035C33.9689 42.8477 33.3207 48.0584 34.9735 52.0173C37.2406 57.4622 43.9116 60.1536 47.9094 61.3169ZM69.1636 35.271C72.7763 34.6802 76.3004 37.5277 77.0344 41.627C77.7658 45.7289 75.431 49.5316 71.821 50.1251C68.2031 50.7133 64.6763 47.8711 63.945 43.7665C63.2137 39.667 65.551 35.8644 69.1636 35.271ZM64.7676 54.0084H59.6791H54.5959L59.6791 47.9283L64.7676 54.0084ZM42.3264 41.627C43.0657 37.5277 46.5846 34.6802 50.1972 35.271C53.8124 35.8646 56.1524 39.6672 55.4157 43.7665C54.6843 47.8711 51.1629 50.7133 47.5476 50.1251C43.9297 49.5316 41.595 45.7289 42.3264 41.627Z\" fill=\"#F7F7F7\"><\/path><path d=\"M91.8337 83.4127C89.1033 82.205 85.8942 83.2202 84.4237 85.6642C83.3436 87.0073 81.6646 86.4814 80.8942 86.1431C80.3215 85.8906 74.3509 83.2513 67.2608 80.1201C73.3539 77.33 78.3851 75.0265 79.3924 74.5658C82.1747 73.293 86.0087 74.1025 86.0087 74.1025C86.0087 74.1025 90.6008 77.1495 93.1845 75.8646C95.9286 74.4999 97.2262 71.2639 95.8992 68.5014C95.0237 66.6788 93.476 65.758 91.7139 65.4535C92.5728 63.9491 92.6899 62.204 91.8597 60.4223C90.5198 57.547 87.0113 56.4276 84.1633 57.8247C81.718 59.0244 81.0348 64.0584 81.0348 64.0584C81.0348 64.0584 78.4112 67.4056 76.5762 68.2463C75.2956 68.832 67.3831 72.5227 58.9241 76.4373C50.9701 72.9235 43.6198 69.6779 42.3732 69.1287C39.57 67.8897 37.735 66.8617 37.7741 64.553C38.4717 62.0127 37.1938 59.2823 34.6143 58.1397C31.7227 56.8644 28.2922 58.0721 26.9544 60.8415C26.145 62.5177 26.2933 64.3761 27.1756 65.8726C25.4161 66.1979 23.8389 67.2937 23.032 68.9699C21.6967 71.742 22.959 75.0214 25.8535 76.2994C28.36 77.4056 31.2646 76.6455 32.8654 74.6257C34.2735 73.3321 37.2354 74.4202 39.0783 75.2401C40.0412 75.6644 44.7524 77.7076 50.6319 80.2661C43.5524 83.5195 37.5556 86.2395 36.6134 86.5389C36.0539 86.7184 35.5515 86.7393 35.109 86.6743C35.0752 86.5988 35.0466 86.5181 35.0076 86.4453C33.636 83.6941 30.1872 82.5307 27.3112 83.8477C24.4351 85.1621 23.2196 88.4625 24.5965 91.2135C25.4294 92.8742 27.0197 93.9542 28.7818 94.2587C27.9254 95.7631 27.8041 97.5077 28.6333 99.2899C29.9722 102.167 33.4563 103.204 36.3324 101.89C39.0498 100.643 40.2808 97.6371 39.2527 94.9927C38.8622 93.3426 40.3536 92.4367 41.1188 92.0854C41.8033 91.7757 50.2078 87.9261 58.9869 83.9074C68.5781 88.1005 78.2188 92.3561 79.3067 93.0043C79.8065 93.3009 80.1448 93.6576 80.3738 94.0245C80.3322 94.0975 80.2905 94.1676 80.2541 94.2433C78.9188 97.0126 80.1786 100.29 83.0756 101.573C85.9698 102.848 89.3977 101.64 90.7355 98.8709C91.5424 97.1973 91.3939 95.3363 90.5142 93.8423C92.2738 93.5143 93.8485 92.4159 94.6579 90.745C95.993 87.9728 94.7307 84.6905 91.8337 83.4127Z\" fill=\"#F7F7F7\"><\/path><\/g><defs><clipPath id=\"clip0_269_2283\"><rect width=\"120\" height=\"120\" fill=\"white\"><\/rect><\/clipPath><\/defs><\/svg>\t\t\t\t\t\t<\/span>\n\t\t\t\t\t\t\t\t\t\t<span class=\"elementor-icon-list-text\">Uso abusivo de agrot\u00f3xico<\/span>\n\t\t\t\t\t\t\t\t\t<\/li>\n\t\t\t\t\t\t<\/ul>\n\t\t\t\t\t\t<\/div>\n\t\t\t\t<div class=\"elementor-element elementor-element-a7f9351 elementor-widget-divider--view-line elementor-widget elementor-widget-divider\" data-id=\"a7f9351\" data-element_type=\"widget\" data-e-type=\"widget\" data-widget_type=\"divider.default\">\n\t\t\t\t\t\t\t<div class=\"elementor-divider\">\n\t\t\t<span class=\"elementor-divider-separator\">\n\t\t\t\t\t\t<\/span>\n\t\t<\/div>\n\t\t\t\t\t\t<\/div>\n\t\t\t\t<div class=\"elementor-element elementor-element-1f5f319 elementor-widget elementor-widget-text-editor\" data-id=\"1f5f319\" data-element_type=\"widget\" data-e-type=\"widget\" data-widget_type=\"text-editor.default\">\n\t\t\t\t\t\t\t\t\t<p>No universo investigado nessa pesquisa, o uso abusivo de agrot\u00f3xicos \u00e9 considerado um causa propulsora de conflitos socioambientais representando mais de 6%\u00a0das fontes de conflitos em MT. Diversos grupos relataram as tr\u00e1gicas interfer\u00eancias no seu modo\u00a0 de vida pelo uso do agrot\u00f3xico.\u00a0 Al\u00e9m das interfer\u00eancias, entrar nessa arena \u00e9 encarar o conflito com grandes multinacionais que dominam o mercado lucrativo, que est\u00e1 sob poder de apenas seis empresas controlando 67,8% da produ\u00e7\u00e3o e comercializa\u00e7\u00e3o: Syngenta, Bayer, Basf, Monsanto, Dow e Dupont (ROSSI, 2011, p.13).<\/p>\t\t\t\t\t\t\t\t<\/div>\n\t\t\t\t<\/div>\n\t\t<div class=\"elementor-element elementor-element-dce4bfa e-con-full e-flex e-con e-child\" data-id=\"dce4bfa\" data-element_type=\"container\" data-e-type=\"container\">\n\t\t\t\t<div class=\"elementor-element elementor-element-fbd46a6 elementor-widget elementor-widget-image\" data-id=\"fbd46a6\" data-element_type=\"widget\" data-e-type=\"widget\" data-widget_type=\"image.default\">\n\t\t\t\t\t\t\t\t\t\t\t\t\t\t\t\t<a href=\"https:\/\/mapasocialmt.org.br\/site\/mapa\/#conflito=agrotoxico\" target=\"_blank\">\n\t\t\t\t\t\t\t<img fetchpriority=\"high\" decoding=\"async\" width=\"876\" height=\"820\" src=\"https:\/\/mapasocialmt.org.br\/site\/wp-content\/uploads\/2025\/10\/Conflito-Uso-Abusivo-de-Agrotoxico.jpg\" class=\"attachment-full size-full wp-image-945\" alt=\"\" srcset=\"https:\/\/mapasocialmt.org.br\/site\/wp-content\/uploads\/2025\/10\/Conflito-Uso-Abusivo-de-Agrotoxico.jpg 876w, https:\/\/mapasocialmt.org.br\/site\/wp-content\/uploads\/2025\/10\/Conflito-Uso-Abusivo-de-Agrotoxico-300x281.jpg 300w, https:\/\/mapasocialmt.org.br\/site\/wp-content\/uploads\/2025\/10\/Conflito-Uso-Abusivo-de-Agrotoxico-768x719.jpg 768w\" sizes=\"(max-width: 876px) 100vw, 876px\" \/>\t\t\t\t\t\t\t\t<\/a>\n\t\t\t\t\t\t\t\t\t\t\t\t\t\t\t<\/div>\n\t\t\t\t<div class=\"elementor-element elementor-element-487cead elementor-widget elementor-widget-button\" data-id=\"487cead\" data-element_type=\"widget\" data-e-type=\"widget\" data-widget_type=\"button.default\">\n\t\t\t\t\t\t\t\t\t\t<a class=\"elementor-button elementor-button-link elementor-size-sm\" href=\"https:\/\/mapasocialmt.org.br\/site\/mapa\/#conflito=agrotoxico\" target=\"_blank\">\n\t\t\t\t\t\t<span class=\"elementor-button-content-wrapper\">\n\t\t\t\t\t\t\t\t\t<span class=\"elementor-button-text\">Mapa completo<\/span>\n\t\t\t\t\t<\/span>\n\t\t\t\t\t<\/a>\n\t\t\t\t\t\t\t\t<\/div>\n\t\t\t\t<div class=\"elementor-element elementor-element-425859e elementor-widget elementor-widget-text-editor\" data-id=\"425859e\" data-element_type=\"widget\" data-e-type=\"widget\" data-widget_type=\"text-editor.default\">\n\t\t\t\t\t\t\t\t\t<p>Refer\u00eancia: SILVA, Regina Aparecida da. Do invis\u00edvel ao vis\u00edvel: o mapeamento dos grupos sociais do estado de Mato Grosso &#8211; Brasil. S\u00e3o Carlos: UFscar, 2011.<\/p><p>Dispon\u00edvel em: <a href=\"https:\/\/onedrive.live.com\/view.aspx?cid=17DC7D667214610D&amp;resid=17DC7D667214610D%21343&amp;app=WordPdf\" target=\"_blank\" rel=\"noopener\" data-fpl-component=\"primitive\">https:\/\/onedrive.live.com\/view.aspx?cid=17DC7D667214610D&amp;resid=17DC7D667214610D%21343&amp;app=WordPdf<\/a><\/p>\t\t\t\t\t\t\t\t<\/div>\n\t\t\t\t<\/div>\n\t\t\t\t\t<\/div>\n\t\t\t\t<\/div>\n\t\t\t\t<\/div>\n\t\t","protected":false},"excerpt":{"rendered":"<p>Uso abusivo de agrot\u00f3xico No universo investigado nessa pesquisa, o uso abusivo de agrot\u00f3xicos \u00e9 considerado um causa propulsora de conflitos socioambientais representando mais de 6%\u00a0das fontes de conflitos em MT. Diversos grupos relataram as tr\u00e1gicas interfer\u00eancias no seu modo\u00a0 de vida pelo uso do agrot\u00f3xico.\u00a0 Al\u00e9m das interfer\u00eancias, entrar nessa arena \u00e9 encarar o [&hellip;]<\/p>\n","protected":false},"author":1,"featured_media":0,"parent":0,"menu_order":0,"comment_status":"closed","ping_status":"closed","template":"elementor_header_footer","meta":{"footnotes":""},"class_list":["post-940","page","type-page","status-publish","hentry"],"yoast_head":"<!-- This site is optimized with the Yoast SEO plugin v27.5 - https:\/\/yoast.com\/product\/yoast-seo-wordpress\/ -->\n<title>Uso abusivo de agrot\u00f3xico - Mapa Social MT<\/title>\n<meta name=\"robots\" content=\"index, follow, max-snippet:-1, max-image-preview:large, max-video-preview:-1\" \/>\n<link rel=\"canonical\" href=\"https:\/\/mapasocialmt.org.br\/site\/uso-abusivo-de-agrotoxico\/\" \/>\n<meta property=\"og:locale\" content=\"pt_BR\" \/>\n<meta property=\"og:type\" content=\"article\" \/>\n<meta property=\"og:title\" content=\"Uso abusivo de agrot\u00f3xico - Mapa Social MT\" \/>\n<meta property=\"og:description\" content=\"Uso abusivo de agrot\u00f3xico No universo investigado nessa pesquisa, o uso abusivo de agrot\u00f3xicos \u00e9 considerado um causa propulsora de conflitos socioambientais representando mais de 6%\u00a0das fontes de conflitos em MT. Diversos grupos relataram as tr\u00e1gicas interfer\u00eancias no seu modo\u00a0 de vida pelo uso do agrot\u00f3xico.\u00a0 Al\u00e9m das interfer\u00eancias, entrar nessa arena \u00e9 encarar o [&hellip;]\" \/>\n<meta property=\"og:url\" content=\"https:\/\/mapasocialmt.org.br\/site\/uso-abusivo-de-agrotoxico\/\" \/>\n<meta property=\"og:site_name\" content=\"Mapa Social MT\" \/>\n<meta property=\"article:modified_time\" content=\"2025-10-08T12:59:34+00:00\" \/>\n<meta property=\"og:image\" content=\"https:\/\/mapasocialmt.org.br\/site\/wp-content\/uploads\/2025\/10\/Conflito-Uso-Abusivo-de-Agrotoxico.jpg\" \/>\n<meta name=\"twitter:card\" content=\"summary_large_image\" \/>\n<meta name=\"twitter:label1\" content=\"Est. tempo de leitura\" \/>\n\t<meta name=\"twitter:data1\" content=\"1 minuto\" \/>\n<script type=\"application\/ld+json\" class=\"yoast-schema-graph\">{\"@context\":\"https:\\\/\\\/schema.org\",\"@graph\":[{\"@type\":\"WebPage\",\"@id\":\"https:\\\/\\\/mapasocialmt.org.br\\\/site\\\/uso-abusivo-de-agrotoxico\\\/\",\"url\":\"https:\\\/\\\/mapasocialmt.org.br\\\/site\\\/uso-abusivo-de-agrotoxico\\\/\",\"name\":\"Uso abusivo de agrot\u00f3xico - Mapa Social MT\",\"isPartOf\":{\"@id\":\"https:\\\/\\\/mapasocialmt.org.br\\\/site\\\/#website\"},\"primaryImageOfPage\":{\"@id\":\"https:\\\/\\\/mapasocialmt.org.br\\\/site\\\/uso-abusivo-de-agrotoxico\\\/#primaryimage\"},\"image\":{\"@id\":\"https:\\\/\\\/mapasocialmt.org.br\\\/site\\\/uso-abusivo-de-agrotoxico\\\/#primaryimage\"},\"thumbnailUrl\":\"https:\\\/\\\/mapasocialmt.org.br\\\/site\\\/wp-content\\\/uploads\\\/2025\\\/10\\\/Conflito-Uso-Abusivo-de-Agrotoxico.jpg\",\"datePublished\":\"2025-10-08T12:52:48+00:00\",\"dateModified\":\"2025-10-08T12:59:34+00:00\",\"breadcrumb\":{\"@id\":\"https:\\\/\\\/mapasocialmt.org.br\\\/site\\\/uso-abusivo-de-agrotoxico\\\/#breadcrumb\"},\"inLanguage\":\"pt-BR\",\"potentialAction\":[{\"@type\":\"ReadAction\",\"target\":[\"https:\\\/\\\/mapasocialmt.org.br\\\/site\\\/uso-abusivo-de-agrotoxico\\\/\"]}]},{\"@type\":\"ImageObject\",\"inLanguage\":\"pt-BR\",\"@id\":\"https:\\\/\\\/mapasocialmt.org.br\\\/site\\\/uso-abusivo-de-agrotoxico\\\/#primaryimage\",\"url\":\"https:\\\/\\\/mapasocialmt.org.br\\\/site\\\/wp-content\\\/uploads\\\/2025\\\/10\\\/Conflito-Uso-Abusivo-de-Agrotoxico.jpg\",\"contentUrl\":\"https:\\\/\\\/mapasocialmt.org.br\\\/site\\\/wp-content\\\/uploads\\\/2025\\\/10\\\/Conflito-Uso-Abusivo-de-Agrotoxico.jpg\",\"width\":876,\"height\":820},{\"@type\":\"BreadcrumbList\",\"@id\":\"https:\\\/\\\/mapasocialmt.org.br\\\/site\\\/uso-abusivo-de-agrotoxico\\\/#breadcrumb\",\"itemListElement\":[{\"@type\":\"ListItem\",\"position\":1,\"name\":\"In\u00edcio\",\"item\":\"https:\\\/\\\/mapasocialmt.org.br\\\/site\\\/\"},{\"@type\":\"ListItem\",\"position\":2,\"name\":\"Uso abusivo de agrot\u00f3xico &#8211; Mapa Social MT\"}]},{\"@type\":\"WebSite\",\"@id\":\"https:\\\/\\\/mapasocialmt.org.br\\\/site\\\/#website\",\"url\":\"https:\\\/\\\/mapasocialmt.org.br\\\/site\\\/\",\"name\":\"Mapa Social MT\",\"description\":\"\",\"publisher\":{\"@id\":\"https:\\\/\\\/mapasocialmt.org.br\\\/site\\\/#organization\"},\"potentialAction\":[{\"@type\":\"SearchAction\",\"target\":{\"@type\":\"EntryPoint\",\"urlTemplate\":\"https:\\\/\\\/mapasocialmt.org.br\\\/site\\\/?s={search_term_string}\"},\"query-input\":{\"@type\":\"PropertyValueSpecification\",\"valueRequired\":true,\"valueName\":\"search_term_string\"}}],\"inLanguage\":\"pt-BR\"},{\"@type\":\"Organization\",\"@id\":\"https:\\\/\\\/mapasocialmt.org.br\\\/site\\\/#organization\",\"name\":\"Mapa Social MT\",\"url\":\"https:\\\/\\\/mapasocialmt.org.br\\\/site\\\/\",\"logo\":{\"@type\":\"ImageObject\",\"inLanguage\":\"pt-BR\",\"@id\":\"https:\\\/\\\/mapasocialmt.org.br\\\/site\\\/#\\\/schema\\\/logo\\\/image\\\/\",\"url\":\"https:\\\/\\\/mapasocialmt.org.br\\\/site\\\/wp-content\\\/uploads\\\/2025\\\/10\\\/MapaSocial.jpg\",\"contentUrl\":\"https:\\\/\\\/mapasocialmt.org.br\\\/site\\\/wp-content\\\/uploads\\\/2025\\\/10\\\/MapaSocial.jpg\",\"width\":512,\"height\":512,\"caption\":\"Mapa Social MT\"},\"image\":{\"@id\":\"https:\\\/\\\/mapasocialmt.org.br\\\/site\\\/#\\\/schema\\\/logo\\\/image\\\/\"}}]}<\/script>\n<!-- \/ Yoast SEO plugin. -->","yoast_head_json":{"title":"Uso abusivo de agrot\u00f3xico - Mapa Social MT","robots":{"index":"index","follow":"follow","max-snippet":"max-snippet:-1","max-image-preview":"max-image-preview:large","max-video-preview":"max-video-preview:-1"},"canonical":"https:\/\/mapasocialmt.org.br\/site\/uso-abusivo-de-agrotoxico\/","og_locale":"pt_BR","og_type":"article","og_title":"Uso abusivo de agrot\u00f3xico - Mapa Social MT","og_description":"Uso abusivo de agrot\u00f3xico No universo investigado nessa pesquisa, o uso abusivo de agrot\u00f3xicos \u00e9 considerado um causa propulsora de conflitos socioambientais representando mais de 6%\u00a0das fontes de conflitos em MT. Diversos grupos relataram as tr\u00e1gicas interfer\u00eancias no seu modo\u00a0 de vida pelo uso do agrot\u00f3xico.\u00a0 Al\u00e9m das interfer\u00eancias, entrar nessa arena \u00e9 encarar o [&hellip;]","og_url":"https:\/\/mapasocialmt.org.br\/site\/uso-abusivo-de-agrotoxico\/","og_site_name":"Mapa Social MT","article_modified_time":"2025-10-08T12:59:34+00:00","og_image":[{"url":"https:\/\/mapasocialmt.org.br\/site\/wp-content\/uploads\/2025\/10\/Conflito-Uso-Abusivo-de-Agrotoxico.jpg","type":"","width":"","height":""}],"twitter_card":"summary_large_image","twitter_misc":{"Est. tempo de leitura":"1 minuto"},"schema":{"@context":"https:\/\/schema.org","@graph":[{"@type":"WebPage","@id":"https:\/\/mapasocialmt.org.br\/site\/uso-abusivo-de-agrotoxico\/","url":"https:\/\/mapasocialmt.org.br\/site\/uso-abusivo-de-agrotoxico\/","name":"Uso abusivo de agrot\u00f3xico - Mapa Social MT","isPartOf":{"@id":"https:\/\/mapasocialmt.org.br\/site\/#website"},"primaryImageOfPage":{"@id":"https:\/\/mapasocialmt.org.br\/site\/uso-abusivo-de-agrotoxico\/#primaryimage"},"image":{"@id":"https:\/\/mapasocialmt.org.br\/site\/uso-abusivo-de-agrotoxico\/#primaryimage"},"thumbnailUrl":"https:\/\/mapasocialmt.org.br\/site\/wp-content\/uploads\/2025\/10\/Conflito-Uso-Abusivo-de-Agrotoxico.jpg","datePublished":"2025-10-08T12:52:48+00:00","dateModified":"2025-10-08T12:59:34+00:00","breadcrumb":{"@id":"https:\/\/mapasocialmt.org.br\/site\/uso-abusivo-de-agrotoxico\/#breadcrumb"},"inLanguage":"pt-BR","potentialAction":[{"@type":"ReadAction","target":["https:\/\/mapasocialmt.org.br\/site\/uso-abusivo-de-agrotoxico\/"]}]},{"@type":"ImageObject","inLanguage":"pt-BR","@id":"https:\/\/mapasocialmt.org.br\/site\/uso-abusivo-de-agrotoxico\/#primaryimage","url":"https:\/\/mapasocialmt.org.br\/site\/wp-content\/uploads\/2025\/10\/Conflito-Uso-Abusivo-de-Agrotoxico.jpg","contentUrl":"https:\/\/mapasocialmt.org.br\/site\/wp-content\/uploads\/2025\/10\/Conflito-Uso-Abusivo-de-Agrotoxico.jpg","width":876,"height":820},{"@type":"BreadcrumbList","@id":"https:\/\/mapasocialmt.org.br\/site\/uso-abusivo-de-agrotoxico\/#breadcrumb","itemListElement":[{"@type":"ListItem","position":1,"name":"In\u00edcio","item":"https:\/\/mapasocialmt.org.br\/site\/"},{"@type":"ListItem","position":2,"name":"Uso abusivo de agrot\u00f3xico &#8211; Mapa Social MT"}]},{"@type":"WebSite","@id":"https:\/\/mapasocialmt.org.br\/site\/#website","url":"https:\/\/mapasocialmt.org.br\/site\/","name":"Mapa Social MT","description":"","publisher":{"@id":"https:\/\/mapasocialmt.org.br\/site\/#organization"},"potentialAction":[{"@type":"SearchAction","target":{"@type":"EntryPoint","urlTemplate":"https:\/\/mapasocialmt.org.br\/site\/?s={search_term_string}"},"query-input":{"@type":"PropertyValueSpecification","valueRequired":true,"valueName":"search_term_string"}}],"inLanguage":"pt-BR"},{"@type":"Organization","@id":"https:\/\/mapasocialmt.org.br\/site\/#organization","name":"Mapa Social MT","url":"https:\/\/mapasocialmt.org.br\/site\/","logo":{"@type":"ImageObject","inLanguage":"pt-BR","@id":"https:\/\/mapasocialmt.org.br\/site\/#\/schema\/logo\/image\/","url":"https:\/\/mapasocialmt.org.br\/site\/wp-content\/uploads\/2025\/10\/MapaSocial.jpg","contentUrl":"https:\/\/mapasocialmt.org.br\/site\/wp-content\/uploads\/2025\/10\/MapaSocial.jpg","width":512,"height":512,"caption":"Mapa Social MT"},"image":{"@id":"https:\/\/mapasocialmt.org.br\/site\/#\/schema\/logo\/image\/"}}]}},"_links":{"self":[{"href":"https:\/\/mapasocialmt.org.br\/site\/wp-json\/wp\/v2\/pages\/940","targetHints":{"allow":["GET"]}}],"collection":[{"href":"https:\/\/mapasocialmt.org.br\/site\/wp-json\/wp\/v2\/pages"}],"about":[{"href":"https:\/\/mapasocialmt.org.br\/site\/wp-json\/wp\/v2\/types\/page"}],"author":[{"embeddable":true,"href":"https:\/\/mapasocialmt.org.br\/site\/wp-json\/wp\/v2\/users\/1"}],"replies":[{"embeddable":true,"href":"https:\/\/mapasocialmt.org.br\/site\/wp-json\/wp\/v2\/comments?post=940"}],"version-history":[{"count":7,"href":"https:\/\/mapasocialmt.org.br\/site\/wp-json\/wp\/v2\/pages\/940\/revisions"}],"predecessor-version":[{"id":948,"href":"https:\/\/mapasocialmt.org.br\/site\/wp-json\/wp\/v2\/pages\/940\/revisions\/948"}],"wp:attachment":[{"href":"https:\/\/mapasocialmt.org.br\/site\/wp-json\/wp\/v2\/media?parent=940"}],"curies":[{"name":"wp","href":"https:\/\/api.w.org\/{rel}","templated":true}]}}