{"id":928,"date":"2025-10-08T09:48:31","date_gmt":"2025-10-08T12:48:31","guid":{"rendered":"https:\/\/mapasocialmt.org.br\/site\/?page_id=928"},"modified":"2025-11-14T09:13:52","modified_gmt":"2025-11-14T12:13:52","slug":"disputa-por-terra","status":"publish","type":"page","link":"https:\/\/mapasocialmt.org.br\/site\/disputa-por-terra\/","title":{"rendered":"Disputa por Terra &#8211; Mapa Social MT"},"content":{"rendered":"\t\t<div data-elementor-type=\"wp-page\" data-elementor-id=\"928\" class=\"elementor elementor-928\" data-elementor-post-type=\"page\">\n\t\t\t\t<div class=\"elementor-element elementor-element-02c2218 e-flex e-con-boxed e-con e-parent\" data-id=\"02c2218\" data-element_type=\"container\" data-e-type=\"container\">\n\t\t\t\t\t<div class=\"e-con-inner\">\n\t\t<div class=\"elementor-element elementor-element-9aefbe3 e-con-full e-flex e-con e-child\" data-id=\"9aefbe3\" data-element_type=\"container\" data-e-type=\"container\">\n\t\t\t\t<div class=\"elementor-element elementor-element-bcdb9a4 elementor-icon-list--layout-traditional elementor-list-item-link-full_width elementor-widget elementor-widget-icon-list\" data-id=\"bcdb9a4\" data-element_type=\"widget\" data-e-type=\"widget\" data-widget_type=\"icon-list.default\">\n\t\t\t\t\t\t\t<ul class=\"elementor-icon-list-items\">\n\t\t\t\t\t\t\t<li class=\"elementor-icon-list-item\">\n\t\t\t\t\t\t\t\t\t\t\t<span class=\"elementor-icon-list-icon\">\n\t\t\t\t\t\t\t<svg xmlns=\"http:\/\/www.w3.org\/2000\/svg\" width=\"121\" height=\"120\" viewBox=\"0 0 121 120\" fill=\"none\"><g clip-path=\"url(#clip0_269_2274)\"><rect x=\"1.46338\" y=\"3.15234\" width=\"115.331\" height=\"115.331\" rx=\"9.01106\" fill=\"#25A141\"><\/rect><path fill-rule=\"evenodd\" clip-rule=\"evenodd\" d=\"M98.1953 50.7762H93.181L93.1036 35.0959L85.5262 19.627L77.3849 35.0959L77.4623 50.7762H67.0409L66.9378 35.0959L59.6313 19.627L51.804 35.0959L51.9226 50.7762H41.3007L41.1511 35.0959L33.8447 19.627L26.0174 35.0959L26.136 50.7762H21.1498L21.1653 55.8224H26.1515L26.2133 81.7655L21.0312 81.5026V86.7073H26.1515V102.128H41.2852V86.7073H51.9226V102.128H67.0719L67.0718 86.7073H77.4623V102.128H93.1965L93.0985 86.7073H98.1128V81.5026H93.0985V55.8224H98.1179L98.1953 50.7762ZM41.3729 55.5775H51.9845V81.7655H41.2491L41.3729 55.5775ZM77.9001 81.5026H67.0306L66.9739 55.3498H77.9001V81.5026Z\" fill=\"#F7F7F7\"><\/path><rect x=\"1\" width=\"120\" height=\"120\" rx=\"9.01106\" fill=\"#0081B1\"><\/rect><path d=\"M44.7131 19.1701C43.9969 17.8007 42.3064 17.2712 40.937 17.9872C40.3166 18.3116 39.8693 18.8363 39.6313 19.4403L36.8616 18.5302C35.3318 18.0275 33.652 18.5629 32.6954 19.8582L18.3437 39.2923L39.4018 45.3791L46.2626 34.2105L81.0241 100.689C81.7402 102.058 83.4311 102.588 84.8006 101.872C86.17 101.156 86.6995 99.4652 85.9836 98.0958L49.6742 28.6568L50.2261 27.7576C51.4872 25.7046 50.501 23.0122 48.212 22.26L45.9381 21.5126L44.7131 19.1701Z\" fill=\"#F7F7F7\"><\/path><path d=\"M74.6043 19.1701C75.3205 17.8007 77.011 17.2712 78.3804 17.9872C79.0008 18.3116 79.4481 18.8363 79.6861 19.4403L82.4558 18.5302C83.9856 18.0275 85.6654 18.5629 86.622 19.8582L100.974 39.2923L79.9156 45.3791L73.0548 34.2105L38.2933 100.689C37.5772 102.058 35.8863 102.588 34.5168 101.872C33.1474 101.156 32.6178 99.4652 33.3338 98.0958L69.6432 28.6568L69.0913 27.7576C67.8302 25.7046 68.8164 23.0122 71.1054 22.26L73.3793 21.5126L74.6043 19.1701Z\" fill=\"#F7F7F7\"><\/path><\/g><defs><clipPath id=\"clip0_269_2274\"><rect width=\"120\" height=\"120\" fill=\"white\" transform=\"translate(0.496094)\"><\/rect><\/clipPath><\/defs><\/svg>\t\t\t\t\t\t<\/span>\n\t\t\t\t\t\t\t\t\t\t<span class=\"elementor-icon-list-text\">Disputa por Terra<\/span>\n\t\t\t\t\t\t\t\t\t<\/li>\n\t\t\t\t\t\t<\/ul>\n\t\t\t\t\t\t<\/div>\n\t\t\t\t<div class=\"elementor-element elementor-element-736c80a elementor-widget-divider--view-line elementor-widget elementor-widget-divider\" data-id=\"736c80a\" data-element_type=\"widget\" data-e-type=\"widget\" data-widget_type=\"divider.default\">\n\t\t\t\t\t\t\t<div class=\"elementor-divider\">\n\t\t\t<span class=\"elementor-divider-separator\">\n\t\t\t\t\t\t<\/span>\n\t\t<\/div>\n\t\t\t\t\t\t<\/div>\n\t\t\t\t<div class=\"elementor-element elementor-element-c70c9a1 elementor-widget elementor-widget-text-editor\" data-id=\"c70c9a1\" data-element_type=\"widget\" data-e-type=\"widget\" data-widget_type=\"text-editor.default\">\n\t\t\t\t\t\t\t\t\t<p><em>O capital procede \u00e0 desconstru\u00e7\u00e3o e \u00e0 reconstru\u00e7\u00e3o permanente do territ\u00f3rio,\u00a0esvaziando-o de sentidos e de povos, conforme seus interesses.<\/em><\/p><p><strong>Jean Pierre Leroy<\/strong><\/p><p>A realidade da concentra\u00e7\u00e3o de terra n\u00e3o se limita a algumas regi\u00f5es, est\u00e1 presente em todo o Estado. O Censo agropecu\u00e1rio (IBGE, 2006) aponta MT como o segundo Estado em concentra\u00e7\u00e3o de terras no Brasil. Para chegar a esta informa\u00e7\u00e3o foi utilizado o \u00cdndice de Gini, que neste caso foi empregado para medir os contrastes na distribui\u00e7\u00e3o do uso da terra, no per\u00edodo intercensit\u00e1rio 1995-1996 a 2006. O Brasil apresenta alto grau de concentra\u00e7\u00e3o, expresso por 0,856, em 1995, e por 0,872, em 2006. A distribui\u00e7\u00e3o de terras \u00e9 mais concentrada quanto mais pr\u00f3ximo este \u00edndice estiver da unidade, ou seja, poucos estabelecimentos agropecu\u00e1rios concentram um alto percentual de terras (p.111).<\/p><p>O \u00edndice de MT no ano de 2006 foi \u00e9 de 0,865 (o primeiro Estado \u00e9 Alagoas com \u00edndice de 0,871). O \u00edndice de Gini deriva-se de outro indicador denominado curva de Lorenz que mostra graficamente como a propor\u00e7\u00e3o acumulada de renda aumenta em fun\u00e7\u00e3o da propor\u00e7\u00e3o acumulada de popula\u00e7\u00e3o. O Gini foi proposto por Corrado Gini em 1914; \u00a0atualmente, \u00e9 um dos \u00edndices mais referendados nos estudos sobre desigualdade de renda. A medida assume valor m\u00ednimo de 0 (zero), situa\u00e7\u00e3o de igualdade perfeita da distribui\u00e7\u00e3o de rendimentos, o valor m\u00e1ximo de 1 (um) situa extrema desigualdade, em que um n\u00famero m\u00ednimo de indiv\u00edduos ou fam\u00edlias se apropria de toda renda dispon\u00edvel. Este \u00edndice nos mostra que para al\u00e9m do n\u00edvel m\u00e9dio de renda, faz-se imperativo uma caracteriza\u00e7\u00e3o da forma como esta \u00e9 distribu\u00edda (JANUZZI, 2003; SIM\u00c3O, 2004).<\/p><p>Ainda segundo o IBGE (2006), \u00e9 precisamente na intensa inser\u00e7\u00e3o das \u00e1reas de dom\u00ednio do Bioma Cerrado, que a produ\u00e7\u00e3o em grande escala de gr\u00e3os, como a soja e o milho, al\u00e9m da expans\u00e3o modernizada do algod\u00e3o e da incorpora\u00e7\u00e3o de \u00e1reas em dire\u00e7\u00e3o \u00e0 fronteira agropecu\u00e1ria ao norte de MT, v\u00eam potencializando o processo de concentra\u00e7\u00e3o agr\u00e1ria na regi\u00e3o. Pode-se afirmar que a monocultura da soja ou do bin\u00f4mio soja-milho, al\u00e9m do algod\u00e3o, fez por refor\u00e7ar a desigualdade que marcava a propriedade da terra em uma regi\u00e3o historicamente ocupada por uma pecu\u00e1ria ultraextensiva\u00a0(IBGE, 2006, p.111).<\/p><p>Dados estat\u00edsticos deste censo revelam que em MT as propriedades acima de 2.500 ha, representam 3,35% dos estabelecimentos registrados no INCRA, ocupam 61,57% das \u00e1reas ocupadas pela agropecu\u00e1ria no Estado. Por outro lado, as pequenas propriedades, com menos de 10 ha, representam 13,38% dos estabelecimentos registrados e ocupam apenas 0,13% das terras cultiv\u00e1veis (IBGE, 2006; WERNER, 2011a). Isso revela que extensas \u00e1reas de terras est\u00e3o centradas nas m\u00e3os de uma minoria em detrimento de uma grande quantidade de pequenos produtores rurais com pouqu\u00edssimos espa\u00e7os, conforme vimos no t\u00f3pico anterior na regi\u00e3o do Araguaia.<\/p><p>Toda essa concentra\u00e7\u00e3o de terras foi (e ainda \u00e9) promovida com incentivo, consentimento e legitima\u00e7\u00e3o do Estado. Concordamos com David Harvey (2009, p.22) quando afirma que o Estado, com seu monop\u00f3lio de viol\u00eancia e suas defini\u00e7\u00f5es de legalidade, desempenha um papel crucial, tanto sustentando como promovendo estes processos.<\/p><p>A falta de demarca\u00e7\u00e3o de terras dos povos ind\u00edgenas, quilombolas, retireiros, seringueiros, extrativistas, dentre outros grupos sociais, citadas em todas as RP, perpetua o cen\u00e1rio de desigualdades e de conflito, e evidenciam o car\u00e1ter arbitr\u00e1rio dos sentidos hegem\u00f4nicos que s\u00e3o atribu\u00eddos ao territ\u00f3rio\u00a0(ZHOURI; ZUCARELLI, 2008, p. 03). Vale salientar que somente a demarca\u00e7\u00e3o da terra n\u00e3o \u00e9 suficiente para assegurar a manuten\u00e7\u00e3o ecol\u00f3gica e social desses espa\u00e7os \u00e9 necess\u00e1rio avan\u00e7ar com pol\u00edticas p\u00fablicas que garantam a preserva\u00e7\u00e3o dessas \u00e1reas e a dignidade dos grupos que as habitam.<\/p><p>Os casos de invas\u00e3o de UC e TI para retirada de madeira e extra\u00e7\u00e3o ilegal de min\u00e9rios foram amplamente mencionados. Nessa l\u00f3gica perversa de ocupa\u00e7\u00e3o de territ\u00f3rios, v\u00e1rios exemplos s\u00e3o citados\/denunciados nas entrevistas, como o caso da TI Kayabi, que disputa seu territ\u00f3rio com a mineradora internacional Obrascan e a Comunidade Quilombola Bela Cor, onde fazendeiros\/latifundi\u00e1rios invadiram \u00e1reas dentro do quilombo j\u00e1 reconhecido pela Funda\u00e7\u00e3o Cultural Palmares. \u00c9 tamb\u00e9m enfrentado pelos seringueiros da Resex Guariba &amp; Roosevelt.\u00a0A disputa por territ\u00f3rio \u00e9 tamb\u00e9m vivida pelos pantaneiros.\u00a0<\/p><p>Os assentados tamb\u00e9m disputam arduamente o territ\u00f3rio em MT. \u00a0De acordo com Silva (2011, p.118) ao todo, temos 405 projetos de assentamentos oficializados pelo INCRA-MT. \u00a0H\u00e1 tamb\u00e9m alguns projetos que foram implantados pelo Instituto de Terras de Mato Grosso (INTERMAT).<\/p><p>Se a luta dos assentados \u00e9 \u00e1rdua, a dos acampados consegue ser ainda mais complicada. Os acampamentos na beira das estradas, s\u00edmbolo da luta pela terra e revolu\u00e7\u00e3o agr\u00e1ria no Brasil, tamb\u00e9m expressam o descaso e a morosidade do processo de assentamento realizado pelo INCRA. MT apresenta 144 acampamentos com 14.832 fam\u00edlias apoiados por diversas organiza\u00e7\u00f5es. A realidade dos acampamentos \u00e9 complexa e dif\u00edcil, est\u00e3o em constante mudan\u00e7a provocada por a\u00e7\u00f5es de despejos, lentid\u00e3o dos processos e oportunidades de trabalho, alguns acampamentos em MT resistem h\u00e1 11 anos (SARDINHA, 2011).<\/p><p>Os povos ind\u00edgenas tamb\u00e9m s\u00e3o fortemente atingidos pela disputa territorial, sofrem com a morosidade na demarca\u00e7\u00e3o de suas terras, ainda h\u00e1 v\u00e1rios povos que est\u00e3o sem suas terras demarcadas e garantidas como prev\u00ea a Constitui\u00e7\u00e3o Federal de 1988.\u00a0Um exemplo dessa luta \u00e9 vivido pelo povo Bororo na TI Jarudori, com muita viol\u00eancia os Bororo sofrem desde que come\u00e7aram a retomada da terra em 2006. O territ\u00f3rio de Jarudori est\u00e1 invadido por fazendeiros, al\u00e9m dos latifundi\u00e1rios, existem v\u00e1rias fam\u00edlias nos vilarejos (CIMI, 2011). \u00a0Diante disto, podemos notar o quanto \u00e9 recorrente a disputa por terra em MT.<\/p><p>Persiste a l\u00f3gica capitalista de uma ocupa\u00e7\u00e3o e uso do territ\u00f3rio mato-grossense que refor\u00e7am a desigualdade socioambiental, em que os grandes produtores e empres\u00e1rios s\u00e3o sempre beneficiados pelas a\u00e7\u00f5es de governo. Para Bourdieu (1997, p. 164), a capacidade de dominar o espa\u00e7o, sobretudo, apropriando-se (material ou simbolicamente) de bens raros (p\u00fablicos ou privados) que se encontram distribu\u00eddos, depende do capital que se possui. Segundo o autor, o capital permite manter a dist\u00e2ncia as pessoas e as coisas indesej\u00e1veis ao mesmo tempo aproxima-se de pessoas e coisas desej\u00e1veis. Inversamente, os que n\u00e3o possuem capital s\u00e3o mantidos a dist\u00e2ncia, seja f\u00edsica ou simbolicamente dos bens naturais e sociais mais raros.<\/p><p>Exemplos dessa situa\u00e7\u00e3o de domina\u00e7\u00e3o dos bens naturais e sociais exercida pelo capital foram, insistentemente, citados pelos entrevistados desta pesquisa. Mas, de todos os GT, os povos quilombolas foram o que mais abordaram a luta desencadeada pelas disputas territoriais. Podemos assegurar que este \u00e9 o grande mote dos conflitos vividos por este grupo social, e por tantos outros que buscam, por meio da demarca\u00e7\u00e3o da terra, a garantia de sobreviv\u00eancia e manuten\u00e7\u00e3o de seu modo de vida. De tal maneira, que consideramos relevante apresentar com mais tenacidade os conflitos pela terra encarados por este grupo social.<\/p><p>Ressaltamos que, situamos os conflitos por terras a partir das dimens\u00f5es pol\u00edticas, socioecon\u00f4micas e culturais. Os conflitos relacionados a disputas pelos elementos naturais s\u00e3o tamb\u00e9m, de certo modo, disputas por terras, pois \u00e9 sobre esse espa\u00e7o f\u00edsico que os elementos se encontram.<\/p><p>Refer\u00eancia: JABER-SILVA, Michelle T. O mapeamento dos conflitos socioambientais de Mato Grosso: denunciando injusti\u00e7as ambientais e anunciando t\u00e1ticas de resist\u00eancia. S\u00e3o Carlos: UFScar, 2012.\u00a0Dispon\u00edvel em: .<\/p><p>\u00a0<\/p>\t\t\t\t\t\t\t\t<\/div>\n\t\t\t\t<\/div>\n\t\t<div class=\"elementor-element elementor-element-11135f6 e-con-full e-flex e-con e-child\" data-id=\"11135f6\" data-element_type=\"container\" data-e-type=\"container\">\n\t\t\t\t<div class=\"elementor-element elementor-element-042048e elementor-widget elementor-widget-image\" data-id=\"042048e\" data-element_type=\"widget\" data-e-type=\"widget\" data-widget_type=\"image.default\">\n\t\t\t\t\t\t\t\t\t\t\t\t\t\t\t\t<a href=\"https:\/\/mapasocialmt.org.br\/mapa\/#conflito=disputaporterra\" target=\"_blank\">\n\t\t\t\t\t\t\t<img fetchpriority=\"high\" decoding=\"async\" width=\"969\" height=\"746\" src=\"https:\/\/mapasocialmt.org.br\/site\/wp-content\/uploads\/2025\/10\/Conflito-Disputa-por-terra.jpg\" class=\"attachment-full size-full wp-image-930\" alt=\"\" srcset=\"https:\/\/mapasocialmt.org.br\/site\/wp-content\/uploads\/2025\/10\/Conflito-Disputa-por-terra.jpg 969w, https:\/\/mapasocialmt.org.br\/site\/wp-content\/uploads\/2025\/10\/Conflito-Disputa-por-terra-300x231.jpg 300w, https:\/\/mapasocialmt.org.br\/site\/wp-content\/uploads\/2025\/10\/Conflito-Disputa-por-terra-768x591.jpg 768w\" sizes=\"(max-width: 969px) 100vw, 969px\" \/>\t\t\t\t\t\t\t\t<\/a>\n\t\t\t\t\t\t\t\t\t\t\t\t\t\t\t<\/div>\n\t\t\t\t<div class=\"elementor-element elementor-element-3c2cea5 elementor-widget elementor-widget-button\" data-id=\"3c2cea5\" data-element_type=\"widget\" data-e-type=\"widget\" data-widget_type=\"button.default\">\n\t\t\t\t\t\t\t\t\t\t<a class=\"elementor-button elementor-button-link elementor-size-sm\" href=\"https:\/\/mapasocialmt.org.br\/mapa\/#conflito=disputaporterra\" target=\"_blank\">\n\t\t\t\t\t\t<span class=\"elementor-button-content-wrapper\">\n\t\t\t\t\t\t\t\t\t<span class=\"elementor-button-text\">Mapa completo<\/span>\n\t\t\t\t\t<\/span>\n\t\t\t\t\t<\/a>\n\t\t\t\t\t\t\t\t<\/div>\n\t\t\t\t<div class=\"elementor-element elementor-element-13d47a5 elementor-widget elementor-widget-text-editor\" data-id=\"13d47a5\" data-element_type=\"widget\" data-e-type=\"widget\" data-widget_type=\"text-editor.default\">\n\t\t\t\t\t\t\t\t\t<p>Refer\u00eancia: SILVA, Regina Aparecida da. Do invis\u00edvel ao vis\u00edvel: o mapeamento dos grupos sociais do estado de Mato Grosso &#8211; Brasil. S\u00e3o Carlos: UFscar, 2011.<\/p><p>\u00a0<\/p>\t\t\t\t\t\t\t\t<\/div>\n\t\t\t\t<\/div>\n\t\t\t\t\t<\/div>\n\t\t\t\t<\/div>\n\t\t\t\t<\/div>\n\t\t","protected":false},"excerpt":{"rendered":"<p>Disputa por Terra O capital procede \u00e0 desconstru\u00e7\u00e3o e \u00e0 reconstru\u00e7\u00e3o permanente do territ\u00f3rio,\u00a0esvaziando-o de sentidos e de povos, conforme seus interesses. Jean Pierre Leroy A realidade da concentra\u00e7\u00e3o de terra n\u00e3o se limita a algumas regi\u00f5es, est\u00e1 presente em todo o Estado. O Censo agropecu\u00e1rio (IBGE, 2006) aponta MT como o segundo Estado em [&hellip;]<\/p>\n","protected":false},"author":1,"featured_media":0,"parent":0,"menu_order":0,"comment_status":"closed","ping_status":"closed","template":"elementor_header_footer","meta":{"footnotes":""},"class_list":["post-928","page","type-page","status-publish","hentry"],"yoast_head":"<!-- This site is optimized with the Yoast SEO plugin v27.5 - https:\/\/yoast.com\/product\/yoast-seo-wordpress\/ -->\n<title>Disputa por Terra - Mapa Social MT<\/title>\n<meta name=\"robots\" content=\"index, follow, max-snippet:-1, max-image-preview:large, max-video-preview:-1\" \/>\n<link rel=\"canonical\" href=\"https:\/\/mapasocialmt.org.br\/site\/disputa-por-terra\/\" \/>\n<meta property=\"og:locale\" content=\"pt_BR\" \/>\n<meta property=\"og:type\" content=\"article\" \/>\n<meta property=\"og:title\" content=\"Disputa por Terra - Mapa Social MT\" \/>\n<meta property=\"og:description\" content=\"Disputa por Terra O capital procede \u00e0 desconstru\u00e7\u00e3o e \u00e0 reconstru\u00e7\u00e3o permanente do territ\u00f3rio,\u00a0esvaziando-o de sentidos e de povos, conforme seus interesses. Jean Pierre Leroy A realidade da concentra\u00e7\u00e3o de terra n\u00e3o se limita a algumas regi\u00f5es, est\u00e1 presente em todo o Estado. O Censo agropecu\u00e1rio (IBGE, 2006) aponta MT como o segundo Estado em [&hellip;]\" \/>\n<meta property=\"og:url\" content=\"https:\/\/mapasocialmt.org.br\/site\/disputa-por-terra\/\" \/>\n<meta property=\"og:site_name\" content=\"Mapa Social MT\" \/>\n<meta property=\"article:modified_time\" content=\"2025-11-14T12:13:52+00:00\" \/>\n<meta property=\"og:image\" content=\"https:\/\/mapasocialmt.org.br\/site\/wp-content\/uploads\/2025\/10\/Conflito-Disputa-por-terra.jpg\" \/>\n<meta name=\"twitter:card\" content=\"summary_large_image\" \/>\n<meta name=\"twitter:label1\" content=\"Est. tempo de leitura\" \/>\n\t<meta name=\"twitter:data1\" content=\"7 minutos\" \/>\n<script type=\"application\/ld+json\" class=\"yoast-schema-graph\">{\"@context\":\"https:\\\/\\\/schema.org\",\"@graph\":[{\"@type\":\"WebPage\",\"@id\":\"https:\\\/\\\/mapasocialmt.org.br\\\/site\\\/disputa-por-terra\\\/\",\"url\":\"https:\\\/\\\/mapasocialmt.org.br\\\/site\\\/disputa-por-terra\\\/\",\"name\":\"Disputa por Terra - Mapa Social MT\",\"isPartOf\":{\"@id\":\"https:\\\/\\\/mapasocialmt.org.br\\\/site\\\/#website\"},\"primaryImageOfPage\":{\"@id\":\"https:\\\/\\\/mapasocialmt.org.br\\\/site\\\/disputa-por-terra\\\/#primaryimage\"},\"image\":{\"@id\":\"https:\\\/\\\/mapasocialmt.org.br\\\/site\\\/disputa-por-terra\\\/#primaryimage\"},\"thumbnailUrl\":\"https:\\\/\\\/mapasocialmt.org.br\\\/site\\\/wp-content\\\/uploads\\\/2025\\\/10\\\/Conflito-Disputa-por-terra.jpg\",\"datePublished\":\"2025-10-08T12:48:31+00:00\",\"dateModified\":\"2025-11-14T12:13:52+00:00\",\"breadcrumb\":{\"@id\":\"https:\\\/\\\/mapasocialmt.org.br\\\/site\\\/disputa-por-terra\\\/#breadcrumb\"},\"inLanguage\":\"pt-BR\",\"potentialAction\":[{\"@type\":\"ReadAction\",\"target\":[\"https:\\\/\\\/mapasocialmt.org.br\\\/site\\\/disputa-por-terra\\\/\"]}]},{\"@type\":\"ImageObject\",\"inLanguage\":\"pt-BR\",\"@id\":\"https:\\\/\\\/mapasocialmt.org.br\\\/site\\\/disputa-por-terra\\\/#primaryimage\",\"url\":\"https:\\\/\\\/mapasocialmt.org.br\\\/site\\\/wp-content\\\/uploads\\\/2025\\\/10\\\/Conflito-Disputa-por-terra.jpg\",\"contentUrl\":\"https:\\\/\\\/mapasocialmt.org.br\\\/site\\\/wp-content\\\/uploads\\\/2025\\\/10\\\/Conflito-Disputa-por-terra.jpg\",\"width\":969,\"height\":746},{\"@type\":\"BreadcrumbList\",\"@id\":\"https:\\\/\\\/mapasocialmt.org.br\\\/site\\\/disputa-por-terra\\\/#breadcrumb\",\"itemListElement\":[{\"@type\":\"ListItem\",\"position\":1,\"name\":\"In\u00edcio\",\"item\":\"https:\\\/\\\/mapasocialmt.org.br\\\/site\\\/\"},{\"@type\":\"ListItem\",\"position\":2,\"name\":\"Disputa por Terra &#8211; Mapa Social MT\"}]},{\"@type\":\"WebSite\",\"@id\":\"https:\\\/\\\/mapasocialmt.org.br\\\/site\\\/#website\",\"url\":\"https:\\\/\\\/mapasocialmt.org.br\\\/site\\\/\",\"name\":\"Mapa Social MT\",\"description\":\"\",\"publisher\":{\"@id\":\"https:\\\/\\\/mapasocialmt.org.br\\\/site\\\/#organization\"},\"potentialAction\":[{\"@type\":\"SearchAction\",\"target\":{\"@type\":\"EntryPoint\",\"urlTemplate\":\"https:\\\/\\\/mapasocialmt.org.br\\\/site\\\/?s={search_term_string}\"},\"query-input\":{\"@type\":\"PropertyValueSpecification\",\"valueRequired\":true,\"valueName\":\"search_term_string\"}}],\"inLanguage\":\"pt-BR\"},{\"@type\":\"Organization\",\"@id\":\"https:\\\/\\\/mapasocialmt.org.br\\\/site\\\/#organization\",\"name\":\"Mapa Social MT\",\"url\":\"https:\\\/\\\/mapasocialmt.org.br\\\/site\\\/\",\"logo\":{\"@type\":\"ImageObject\",\"inLanguage\":\"pt-BR\",\"@id\":\"https:\\\/\\\/mapasocialmt.org.br\\\/site\\\/#\\\/schema\\\/logo\\\/image\\\/\",\"url\":\"https:\\\/\\\/mapasocialmt.org.br\\\/site\\\/wp-content\\\/uploads\\\/2025\\\/10\\\/MapaSocial.jpg\",\"contentUrl\":\"https:\\\/\\\/mapasocialmt.org.br\\\/site\\\/wp-content\\\/uploads\\\/2025\\\/10\\\/MapaSocial.jpg\",\"width\":512,\"height\":512,\"caption\":\"Mapa Social MT\"},\"image\":{\"@id\":\"https:\\\/\\\/mapasocialmt.org.br\\\/site\\\/#\\\/schema\\\/logo\\\/image\\\/\"}}]}<\/script>\n<!-- \/ Yoast SEO plugin. -->","yoast_head_json":{"title":"Disputa por Terra - Mapa Social MT","robots":{"index":"index","follow":"follow","max-snippet":"max-snippet:-1","max-image-preview":"max-image-preview:large","max-video-preview":"max-video-preview:-1"},"canonical":"https:\/\/mapasocialmt.org.br\/site\/disputa-por-terra\/","og_locale":"pt_BR","og_type":"article","og_title":"Disputa por Terra - Mapa Social MT","og_description":"Disputa por Terra O capital procede \u00e0 desconstru\u00e7\u00e3o e \u00e0 reconstru\u00e7\u00e3o permanente do territ\u00f3rio,\u00a0esvaziando-o de sentidos e de povos, conforme seus interesses. Jean Pierre Leroy A realidade da concentra\u00e7\u00e3o de terra n\u00e3o se limita a algumas regi\u00f5es, est\u00e1 presente em todo o Estado. O Censo agropecu\u00e1rio (IBGE, 2006) aponta MT como o segundo Estado em [&hellip;]","og_url":"https:\/\/mapasocialmt.org.br\/site\/disputa-por-terra\/","og_site_name":"Mapa Social MT","article_modified_time":"2025-11-14T12:13:52+00:00","og_image":[{"url":"https:\/\/mapasocialmt.org.br\/site\/wp-content\/uploads\/2025\/10\/Conflito-Disputa-por-terra.jpg","type":"","width":"","height":""}],"twitter_card":"summary_large_image","twitter_misc":{"Est. tempo de leitura":"7 minutos"},"schema":{"@context":"https:\/\/schema.org","@graph":[{"@type":"WebPage","@id":"https:\/\/mapasocialmt.org.br\/site\/disputa-por-terra\/","url":"https:\/\/mapasocialmt.org.br\/site\/disputa-por-terra\/","name":"Disputa por Terra - Mapa Social MT","isPartOf":{"@id":"https:\/\/mapasocialmt.org.br\/site\/#website"},"primaryImageOfPage":{"@id":"https:\/\/mapasocialmt.org.br\/site\/disputa-por-terra\/#primaryimage"},"image":{"@id":"https:\/\/mapasocialmt.org.br\/site\/disputa-por-terra\/#primaryimage"},"thumbnailUrl":"https:\/\/mapasocialmt.org.br\/site\/wp-content\/uploads\/2025\/10\/Conflito-Disputa-por-terra.jpg","datePublished":"2025-10-08T12:48:31+00:00","dateModified":"2025-11-14T12:13:52+00:00","breadcrumb":{"@id":"https:\/\/mapasocialmt.org.br\/site\/disputa-por-terra\/#breadcrumb"},"inLanguage":"pt-BR","potentialAction":[{"@type":"ReadAction","target":["https:\/\/mapasocialmt.org.br\/site\/disputa-por-terra\/"]}]},{"@type":"ImageObject","inLanguage":"pt-BR","@id":"https:\/\/mapasocialmt.org.br\/site\/disputa-por-terra\/#primaryimage","url":"https:\/\/mapasocialmt.org.br\/site\/wp-content\/uploads\/2025\/10\/Conflito-Disputa-por-terra.jpg","contentUrl":"https:\/\/mapasocialmt.org.br\/site\/wp-content\/uploads\/2025\/10\/Conflito-Disputa-por-terra.jpg","width":969,"height":746},{"@type":"BreadcrumbList","@id":"https:\/\/mapasocialmt.org.br\/site\/disputa-por-terra\/#breadcrumb","itemListElement":[{"@type":"ListItem","position":1,"name":"In\u00edcio","item":"https:\/\/mapasocialmt.org.br\/site\/"},{"@type":"ListItem","position":2,"name":"Disputa por Terra &#8211; Mapa Social MT"}]},{"@type":"WebSite","@id":"https:\/\/mapasocialmt.org.br\/site\/#website","url":"https:\/\/mapasocialmt.org.br\/site\/","name":"Mapa Social MT","description":"","publisher":{"@id":"https:\/\/mapasocialmt.org.br\/site\/#organization"},"potentialAction":[{"@type":"SearchAction","target":{"@type":"EntryPoint","urlTemplate":"https:\/\/mapasocialmt.org.br\/site\/?s={search_term_string}"},"query-input":{"@type":"PropertyValueSpecification","valueRequired":true,"valueName":"search_term_string"}}],"inLanguage":"pt-BR"},{"@type":"Organization","@id":"https:\/\/mapasocialmt.org.br\/site\/#organization","name":"Mapa Social MT","url":"https:\/\/mapasocialmt.org.br\/site\/","logo":{"@type":"ImageObject","inLanguage":"pt-BR","@id":"https:\/\/mapasocialmt.org.br\/site\/#\/schema\/logo\/image\/","url":"https:\/\/mapasocialmt.org.br\/site\/wp-content\/uploads\/2025\/10\/MapaSocial.jpg","contentUrl":"https:\/\/mapasocialmt.org.br\/site\/wp-content\/uploads\/2025\/10\/MapaSocial.jpg","width":512,"height":512,"caption":"Mapa Social MT"},"image":{"@id":"https:\/\/mapasocialmt.org.br\/site\/#\/schema\/logo\/image\/"}}]}},"_links":{"self":[{"href":"https:\/\/mapasocialmt.org.br\/site\/wp-json\/wp\/v2\/pages\/928","targetHints":{"allow":["GET"]}}],"collection":[{"href":"https:\/\/mapasocialmt.org.br\/site\/wp-json\/wp\/v2\/pages"}],"about":[{"href":"https:\/\/mapasocialmt.org.br\/site\/wp-json\/wp\/v2\/types\/page"}],"author":[{"embeddable":true,"href":"https:\/\/mapasocialmt.org.br\/site\/wp-json\/wp\/v2\/users\/1"}],"replies":[{"embeddable":true,"href":"https:\/\/mapasocialmt.org.br\/site\/wp-json\/wp\/v2\/comments?post=928"}],"version-history":[{"count":16,"href":"https:\/\/mapasocialmt.org.br\/site\/wp-json\/wp\/v2\/pages\/928\/revisions"}],"predecessor-version":[{"id":1314,"href":"https:\/\/mapasocialmt.org.br\/site\/wp-json\/wp\/v2\/pages\/928\/revisions\/1314"}],"wp:attachment":[{"href":"https:\/\/mapasocialmt.org.br\/site\/wp-json\/wp\/v2\/media?parent=928"}],"curies":[{"name":"wp","href":"https:\/\/api.w.org\/{rel}","templated":true}]}}