{"id":886,"date":"2025-10-08T09:01:58","date_gmt":"2025-10-08T12:01:58","guid":{"rendered":"https:\/\/mapasocialmt.org.br\/site\/?page_id=886"},"modified":"2025-10-08T09:04:44","modified_gmt":"2025-10-08T12:04:44","slug":"seringueiros","status":"publish","type":"page","link":"https:\/\/mapasocialmt.org.br\/site\/seringueiros\/","title":{"rendered":"Seringueiros &#8211; Mapa Social MT"},"content":{"rendered":"\t\t<div data-elementor-type=\"wp-page\" data-elementor-id=\"886\" class=\"elementor elementor-886\" data-elementor-post-type=\"page\">\n\t\t\t\t<div class=\"elementor-element elementor-element-6b7c334 e-flex e-con-boxed e-con e-parent\" data-id=\"6b7c334\" data-element_type=\"container\" data-e-type=\"container\">\n\t\t\t\t\t<div class=\"e-con-inner\">\n\t\t<div class=\"elementor-element elementor-element-891b53b e-con-full e-flex e-con e-child\" data-id=\"891b53b\" data-element_type=\"container\" data-e-type=\"container\">\n\t\t\t\t<div class=\"elementor-element elementor-element-fff45c3 elementor-icon-list--layout-traditional elementor-list-item-link-full_width elementor-widget elementor-widget-icon-list\" data-id=\"fff45c3\" data-element_type=\"widget\" data-e-type=\"widget\" data-widget_type=\"icon-list.default\">\n\t\t\t\t\t\t\t<ul class=\"elementor-icon-list-items\">\n\t\t\t\t\t\t\t<li class=\"elementor-icon-list-item\">\n\t\t\t\t\t\t\t\t\t\t\t<span class=\"elementor-icon-list-icon\">\n\t\t\t\t\t\t\t<svg xmlns=\"http:\/\/www.w3.org\/2000\/svg\" width=\"120\" height=\"120\" viewBox=\"0 0 120 120\" fill=\"none\"><g clip-path=\"url(#clip0_272_2286)\"><rect y=\"-0.0839844\" width=\"120.084\" height=\"120.084\" rx=\"9.64961\" fill=\"#AD3C53\"><\/rect><path d=\"M62.4426 61.3372V72.6991M62.4426 61.3372L41.2785 52.4524M62.4426 61.3372V54.9634M62.4426 54.9634L85.3249 43.0472M62.4426 54.9634V50.8066M62.4426 50.8066L36.9897 36.9058M62.4426 50.8066V45.8184M62.4426 45.8184L85.3249 29.4683M62.4426 45.8184V41.6616M62.4426 29.4683V41.6616M62.4426 29.4683L75.72 19.2148M62.4426 29.4683L48.8828 19.2148M62.4426 41.6616L41.2785 26.7201\" stroke=\"white\" stroke-width=\"4.8622\"><\/path><path d=\"M70.4953 92.9988C71.7845 98.2736 67.7904 102.845 62.4755 102.845C57.1606 102.845 53.1511 98.3384 54.4557 92.9988C55.2573 89.7168 59.2676 84.7938 62.4755 76.5889C65.6835 84.793 69.6938 89.7168 70.4953 92.9988Z\" fill=\"white\"><\/path><\/g><defs><clipPath id=\"clip0_272_2286\"><rect width=\"120\" height=\"120\" fill=\"white\"><\/rect><\/clipPath><\/defs><\/svg>\t\t\t\t\t\t<\/span>\n\t\t\t\t\t\t\t\t\t\t<span class=\"elementor-icon-list-text\">Seringueiros<\/span>\n\t\t\t\t\t\t\t\t\t<\/li>\n\t\t\t\t\t\t<\/ul>\n\t\t\t\t\t\t<\/div>\n\t\t\t\t<div class=\"elementor-element elementor-element-4e28ea7 elementor-widget-divider--view-line elementor-widget elementor-widget-divider\" data-id=\"4e28ea7\" data-element_type=\"widget\" data-e-type=\"widget\" data-widget_type=\"divider.default\">\n\t\t\t\t\t\t\t<div class=\"elementor-divider\">\n\t\t\t<span class=\"elementor-divider-separator\">\n\t\t\t\t\t\t<\/span>\n\t\t<\/div>\n\t\t\t\t\t\t<\/div>\n\t\t\t\t<div class=\"elementor-element elementor-element-139a4d4 elementor-widget elementor-widget-text-editor\" data-id=\"139a4d4\" data-element_type=\"widget\" data-e-type=\"widget\" data-widget_type=\"text-editor.default\">\n\t\t\t\t\t\t\t\t\t<p>Incentivados pelas campanhas do governo brasileiro, os seringueiros enfrentaram o desconhecido da selva amaz\u00f4nica. As narrativas nos mostram que alguns deles chegaram aos seringais de MT, por volta de 1870. Nesta \u00e9poca, foram in\u00fameros conflitos entre os ind\u00edgenas que ali residiam e os seringueiros que chegavam \u00e0 regi\u00e3o.<\/p><p>Mais de cem anos depois, em 1988, em um seringal distante dali, fazendeiros assassinaram o maior l\u00edder seringueiro do pa\u00eds: Chico Mendes. A semente tinha sido plantada e, cresceu em todo o pa\u00eds a discuss\u00e3o e a articula\u00e7\u00e3o da cria\u00e7\u00e3o das RESEX.<\/p><p>Diante desses fatores, surge:<\/p><p>A proposta das reserva extrativistas como coroamento dessa identidade seringueira [&#8230;]. As reservas extrativistas se apresentam como um laborat\u00f3rio vivo, para a busca de um modelo de desenvolvimento que se fa\u00e7a com e a partir de popula\u00e7\u00f5es que t\u00eam um saber efetivo de conviv\u00eancia com a floresta.<\/p><p>(PORTO-GON\u00c7ALVES, 2001, p. 132).<\/p><p>Nos dom\u00ednios da Amaz\u00f4nia em MT, os seringueiros vivem, particularmente, na RESEX Guariba Roosevelt, que \u00e9 a \u00fanica reserva extrativista do Estado. Eles s\u00e3o tamb\u00e9m conhecidos na regi\u00e3o como beiradeiros, pois vivem \u00e0s margens do rio Guariba e do rio Roosevelt, no munic\u00edpio de Colniza, extremo noroeste do Estado.<\/p><p>A Associa\u00e7\u00e3o dos Seringueiros do Guariba Roosevelt foi criada em 1993, surgiu da discuss\u00e3o inicial do Sindicato dos Trabalhadores Rurais de Aripuan\u00e3, conquistando o apoio de v\u00e1rias organiza\u00e7\u00f5es e movimentos populares. Com isto, muitos passos importantes foram dados, sendo a maior conquista a cria\u00e7\u00e3o da reserva extrativista que foi institu\u00edda pelo decreto Estadual n.o 952 de 19\/06\/96, com \u00e1rea de 57.630 ha (MATO GROSSO, 1999). Contudo, a demarca\u00e7\u00e3o da \u00e1rea n\u00e3o incluiu a maioria das coloca\u00e7\u00f5es dos seringueiros, os quais ficaram fora da \u00e1rea da reserva, e at\u00e9 hoje, este povo v\u00eam sofrendo pelo mau planejamento da reserva.<\/p><p>Compreendemos assim que, \u00e9 urgente a amplia\u00e7\u00e3o da reserva em uma nova demarca\u00e7\u00e3o que contemple todas as coloca\u00e7\u00f5es e as \u00e1reas de coletas de seringas, castanhas e \u00f3leo de copa\u00edba. Sofrendo pela escassez do mercado da borracha e das alternativas de renda, os seringueiros percorrem pequenas trilhas abertas na floresta que lhes permitem o acesso \u00e0s seringueiras nativas (Hevea brasiliense). Hoje, al\u00e9m da luta pela resist\u00eancia da vida e de seus h\u00e1bitos, os seringueiros lutam pela conserva\u00e7\u00e3o de seus habitats, pois, at\u00e9 mesmo, as \u00e1reas protegidas v\u00eam sofrendo constantes agress\u00f5es, em particular, pelo impacto da explora\u00e7\u00e3o madeireira e pelas queimadas.<\/p>\t\t\t\t\t\t\t\t<\/div>\n\t\t\t\t<\/div>\n\t\t<div class=\"elementor-element elementor-element-1a0c198 e-con-full e-flex e-con e-child\" data-id=\"1a0c198\" data-element_type=\"container\" data-e-type=\"container\">\n\t\t\t\t<div class=\"elementor-element elementor-element-2c4611f elementor-widget elementor-widget-image\" data-id=\"2c4611f\" data-element_type=\"widget\" data-e-type=\"widget\" data-widget_type=\"image.default\">\n\t\t\t\t\t\t\t\t\t\t\t\t\t\t\t\t<a href=\"https:\/\/mapasocialmt.org.br\/site\/mapa\/#grupo=seringueiros\" target=\"_blank\">\n\t\t\t\t\t\t\t<img fetchpriority=\"high\" decoding=\"async\" width=\"549\" height=\"519\" src=\"https:\/\/mapasocialmt.org.br\/site\/wp-content\/uploads\/2025\/10\/Seringueiros.jpg\" class=\"attachment-full size-full wp-image-888\" alt=\"\" srcset=\"https:\/\/mapasocialmt.org.br\/site\/wp-content\/uploads\/2025\/10\/Seringueiros.jpg 549w, https:\/\/mapasocialmt.org.br\/site\/wp-content\/uploads\/2025\/10\/Seringueiros-300x284.jpg 300w\" sizes=\"(max-width: 549px) 100vw, 549px\" \/>\t\t\t\t\t\t\t\t<\/a>\n\t\t\t\t\t\t\t\t\t\t\t\t\t\t\t<\/div>\n\t\t\t\t<div class=\"elementor-element elementor-element-91659d4 elementor-widget elementor-widget-button\" data-id=\"91659d4\" data-element_type=\"widget\" data-e-type=\"widget\" data-widget_type=\"button.default\">\n\t\t\t\t\t\t\t\t\t\t<a class=\"elementor-button elementor-button-link elementor-size-sm\" href=\"https:\/\/mapasocialmt.org.br\/site\/mapa\/#grupo=seringueiros\" target=\"_blank\">\n\t\t\t\t\t\t<span class=\"elementor-button-content-wrapper\">\n\t\t\t\t\t\t\t\t\t<span class=\"elementor-button-text\">Mapa completo<\/span>\n\t\t\t\t\t<\/span>\n\t\t\t\t\t<\/a>\n\t\t\t\t\t\t\t\t<\/div>\n\t\t\t\t<div class=\"elementor-element elementor-element-a0c0c83 elementor-widget elementor-widget-text-editor\" data-id=\"a0c0c83\" data-element_type=\"widget\" data-e-type=\"widget\" data-widget_type=\"text-editor.default\">\n\t\t\t\t\t\t\t\t\t<p>Refer\u00eancia: SILVA, Regina Aparecida da. Do invis\u00edvel ao vis\u00edvel: o mapeamento dos grupos sociais do estado de Mato Grosso &#8211; Brasil. S\u00e3o Carlos: UFscar, 2011.<\/p><p>Dispon\u00edvel em: <a href=\"https:\/\/onedrive.live.com\/view.aspx?cid=17DC7D667214610D&amp;resid=17DC7D667214610D%21343&amp;app=WordPdf\" target=\"_blank\" rel=\"noopener\" data-fpl-component=\"primitive\">https:\/\/onedrive.live.com\/view.aspx?cid=17DC7D667214610D&amp;resid=17DC7D667214610D%21343&amp;app=WordPdf<\/a><\/p>\t\t\t\t\t\t\t\t<\/div>\n\t\t\t\t<\/div>\n\t\t\t\t\t<\/div>\n\t\t\t\t<\/div>\n\t\t\t\t<\/div>\n\t\t","protected":false},"excerpt":{"rendered":"<p>Seringueiros Incentivados pelas campanhas do governo brasileiro, os seringueiros enfrentaram o desconhecido da selva amaz\u00f4nica. As narrativas nos mostram que alguns deles chegaram aos seringais de MT, por volta de 1870. Nesta \u00e9poca, foram in\u00fameros conflitos entre os ind\u00edgenas que ali residiam e os seringueiros que chegavam \u00e0 regi\u00e3o. Mais de cem anos depois, em [&hellip;]<\/p>\n","protected":false},"author":1,"featured_media":0,"parent":0,"menu_order":0,"comment_status":"closed","ping_status":"closed","template":"elementor_header_footer","meta":{"footnotes":""},"class_list":["post-886","page","type-page","status-publish","hentry"],"yoast_head":"<!-- This site is optimized with the Yoast SEO plugin v27.5 - https:\/\/yoast.com\/product\/yoast-seo-wordpress\/ -->\n<title>Seringueiros - Mapa Social MT<\/title>\n<meta name=\"robots\" content=\"index, follow, max-snippet:-1, max-image-preview:large, max-video-preview:-1\" \/>\n<link rel=\"canonical\" href=\"https:\/\/mapasocialmt.org.br\/site\/seringueiros\/\" \/>\n<meta property=\"og:locale\" content=\"pt_BR\" \/>\n<meta property=\"og:type\" content=\"article\" \/>\n<meta property=\"og:title\" content=\"Seringueiros - Mapa Social MT\" \/>\n<meta property=\"og:description\" content=\"Seringueiros Incentivados pelas campanhas do governo brasileiro, os seringueiros enfrentaram o desconhecido da selva amaz\u00f4nica. As narrativas nos mostram que alguns deles chegaram aos seringais de MT, por volta de 1870. Nesta \u00e9poca, foram in\u00fameros conflitos entre os ind\u00edgenas que ali residiam e os seringueiros que chegavam \u00e0 regi\u00e3o. Mais de cem anos depois, em [&hellip;]\" \/>\n<meta property=\"og:url\" content=\"https:\/\/mapasocialmt.org.br\/site\/seringueiros\/\" \/>\n<meta property=\"og:site_name\" content=\"Mapa Social MT\" \/>\n<meta property=\"article:modified_time\" content=\"2025-10-08T12:04:44+00:00\" \/>\n<meta property=\"og:image\" content=\"https:\/\/mapasocialmt.org.br\/site\/wp-content\/uploads\/2025\/10\/Seringueiros.jpg\" \/>\n<meta name=\"twitter:card\" content=\"summary_large_image\" \/>\n<meta name=\"twitter:label1\" content=\"Est. tempo de leitura\" \/>\n\t<meta name=\"twitter:data1\" content=\"2 minutos\" \/>\n<script type=\"application\/ld+json\" class=\"yoast-schema-graph\">{\"@context\":\"https:\\\/\\\/schema.org\",\"@graph\":[{\"@type\":\"WebPage\",\"@id\":\"https:\\\/\\\/mapasocialmt.org.br\\\/site\\\/seringueiros\\\/\",\"url\":\"https:\\\/\\\/mapasocialmt.org.br\\\/site\\\/seringueiros\\\/\",\"name\":\"Seringueiros - Mapa Social MT\",\"isPartOf\":{\"@id\":\"https:\\\/\\\/mapasocialmt.org.br\\\/site\\\/#website\"},\"primaryImageOfPage\":{\"@id\":\"https:\\\/\\\/mapasocialmt.org.br\\\/site\\\/seringueiros\\\/#primaryimage\"},\"image\":{\"@id\":\"https:\\\/\\\/mapasocialmt.org.br\\\/site\\\/seringueiros\\\/#primaryimage\"},\"thumbnailUrl\":\"https:\\\/\\\/mapasocialmt.org.br\\\/site\\\/wp-content\\\/uploads\\\/2025\\\/10\\\/Seringueiros.jpg\",\"datePublished\":\"2025-10-08T12:01:58+00:00\",\"dateModified\":\"2025-10-08T12:04:44+00:00\",\"breadcrumb\":{\"@id\":\"https:\\\/\\\/mapasocialmt.org.br\\\/site\\\/seringueiros\\\/#breadcrumb\"},\"inLanguage\":\"pt-BR\",\"potentialAction\":[{\"@type\":\"ReadAction\",\"target\":[\"https:\\\/\\\/mapasocialmt.org.br\\\/site\\\/seringueiros\\\/\"]}]},{\"@type\":\"ImageObject\",\"inLanguage\":\"pt-BR\",\"@id\":\"https:\\\/\\\/mapasocialmt.org.br\\\/site\\\/seringueiros\\\/#primaryimage\",\"url\":\"https:\\\/\\\/mapasocialmt.org.br\\\/site\\\/wp-content\\\/uploads\\\/2025\\\/10\\\/Seringueiros.jpg\",\"contentUrl\":\"https:\\\/\\\/mapasocialmt.org.br\\\/site\\\/wp-content\\\/uploads\\\/2025\\\/10\\\/Seringueiros.jpg\",\"width\":549,\"height\":519},{\"@type\":\"BreadcrumbList\",\"@id\":\"https:\\\/\\\/mapasocialmt.org.br\\\/site\\\/seringueiros\\\/#breadcrumb\",\"itemListElement\":[{\"@type\":\"ListItem\",\"position\":1,\"name\":\"In\u00edcio\",\"item\":\"https:\\\/\\\/mapasocialmt.org.br\\\/site\\\/\"},{\"@type\":\"ListItem\",\"position\":2,\"name\":\"Seringueiros &#8211; Mapa Social MT\"}]},{\"@type\":\"WebSite\",\"@id\":\"https:\\\/\\\/mapasocialmt.org.br\\\/site\\\/#website\",\"url\":\"https:\\\/\\\/mapasocialmt.org.br\\\/site\\\/\",\"name\":\"Mapa Social MT\",\"description\":\"\",\"publisher\":{\"@id\":\"https:\\\/\\\/mapasocialmt.org.br\\\/site\\\/#organization\"},\"potentialAction\":[{\"@type\":\"SearchAction\",\"target\":{\"@type\":\"EntryPoint\",\"urlTemplate\":\"https:\\\/\\\/mapasocialmt.org.br\\\/site\\\/?s={search_term_string}\"},\"query-input\":{\"@type\":\"PropertyValueSpecification\",\"valueRequired\":true,\"valueName\":\"search_term_string\"}}],\"inLanguage\":\"pt-BR\"},{\"@type\":\"Organization\",\"@id\":\"https:\\\/\\\/mapasocialmt.org.br\\\/site\\\/#organization\",\"name\":\"Mapa Social MT\",\"url\":\"https:\\\/\\\/mapasocialmt.org.br\\\/site\\\/\",\"logo\":{\"@type\":\"ImageObject\",\"inLanguage\":\"pt-BR\",\"@id\":\"https:\\\/\\\/mapasocialmt.org.br\\\/site\\\/#\\\/schema\\\/logo\\\/image\\\/\",\"url\":\"https:\\\/\\\/mapasocialmt.org.br\\\/site\\\/wp-content\\\/uploads\\\/2025\\\/10\\\/MapaSocial.jpg\",\"contentUrl\":\"https:\\\/\\\/mapasocialmt.org.br\\\/site\\\/wp-content\\\/uploads\\\/2025\\\/10\\\/MapaSocial.jpg\",\"width\":512,\"height\":512,\"caption\":\"Mapa Social MT\"},\"image\":{\"@id\":\"https:\\\/\\\/mapasocialmt.org.br\\\/site\\\/#\\\/schema\\\/logo\\\/image\\\/\"}}]}<\/script>\n<!-- \/ Yoast SEO plugin. -->","yoast_head_json":{"title":"Seringueiros - Mapa Social MT","robots":{"index":"index","follow":"follow","max-snippet":"max-snippet:-1","max-image-preview":"max-image-preview:large","max-video-preview":"max-video-preview:-1"},"canonical":"https:\/\/mapasocialmt.org.br\/site\/seringueiros\/","og_locale":"pt_BR","og_type":"article","og_title":"Seringueiros - Mapa Social MT","og_description":"Seringueiros Incentivados pelas campanhas do governo brasileiro, os seringueiros enfrentaram o desconhecido da selva amaz\u00f4nica. As narrativas nos mostram que alguns deles chegaram aos seringais de MT, por volta de 1870. Nesta \u00e9poca, foram in\u00fameros conflitos entre os ind\u00edgenas que ali residiam e os seringueiros que chegavam \u00e0 regi\u00e3o. Mais de cem anos depois, em [&hellip;]","og_url":"https:\/\/mapasocialmt.org.br\/site\/seringueiros\/","og_site_name":"Mapa Social MT","article_modified_time":"2025-10-08T12:04:44+00:00","og_image":[{"url":"https:\/\/mapasocialmt.org.br\/site\/wp-content\/uploads\/2025\/10\/Seringueiros.jpg","type":"","width":"","height":""}],"twitter_card":"summary_large_image","twitter_misc":{"Est. tempo de leitura":"2 minutos"},"schema":{"@context":"https:\/\/schema.org","@graph":[{"@type":"WebPage","@id":"https:\/\/mapasocialmt.org.br\/site\/seringueiros\/","url":"https:\/\/mapasocialmt.org.br\/site\/seringueiros\/","name":"Seringueiros - Mapa Social MT","isPartOf":{"@id":"https:\/\/mapasocialmt.org.br\/site\/#website"},"primaryImageOfPage":{"@id":"https:\/\/mapasocialmt.org.br\/site\/seringueiros\/#primaryimage"},"image":{"@id":"https:\/\/mapasocialmt.org.br\/site\/seringueiros\/#primaryimage"},"thumbnailUrl":"https:\/\/mapasocialmt.org.br\/site\/wp-content\/uploads\/2025\/10\/Seringueiros.jpg","datePublished":"2025-10-08T12:01:58+00:00","dateModified":"2025-10-08T12:04:44+00:00","breadcrumb":{"@id":"https:\/\/mapasocialmt.org.br\/site\/seringueiros\/#breadcrumb"},"inLanguage":"pt-BR","potentialAction":[{"@type":"ReadAction","target":["https:\/\/mapasocialmt.org.br\/site\/seringueiros\/"]}]},{"@type":"ImageObject","inLanguage":"pt-BR","@id":"https:\/\/mapasocialmt.org.br\/site\/seringueiros\/#primaryimage","url":"https:\/\/mapasocialmt.org.br\/site\/wp-content\/uploads\/2025\/10\/Seringueiros.jpg","contentUrl":"https:\/\/mapasocialmt.org.br\/site\/wp-content\/uploads\/2025\/10\/Seringueiros.jpg","width":549,"height":519},{"@type":"BreadcrumbList","@id":"https:\/\/mapasocialmt.org.br\/site\/seringueiros\/#breadcrumb","itemListElement":[{"@type":"ListItem","position":1,"name":"In\u00edcio","item":"https:\/\/mapasocialmt.org.br\/site\/"},{"@type":"ListItem","position":2,"name":"Seringueiros &#8211; Mapa Social MT"}]},{"@type":"WebSite","@id":"https:\/\/mapasocialmt.org.br\/site\/#website","url":"https:\/\/mapasocialmt.org.br\/site\/","name":"Mapa Social MT","description":"","publisher":{"@id":"https:\/\/mapasocialmt.org.br\/site\/#organization"},"potentialAction":[{"@type":"SearchAction","target":{"@type":"EntryPoint","urlTemplate":"https:\/\/mapasocialmt.org.br\/site\/?s={search_term_string}"},"query-input":{"@type":"PropertyValueSpecification","valueRequired":true,"valueName":"search_term_string"}}],"inLanguage":"pt-BR"},{"@type":"Organization","@id":"https:\/\/mapasocialmt.org.br\/site\/#organization","name":"Mapa Social MT","url":"https:\/\/mapasocialmt.org.br\/site\/","logo":{"@type":"ImageObject","inLanguage":"pt-BR","@id":"https:\/\/mapasocialmt.org.br\/site\/#\/schema\/logo\/image\/","url":"https:\/\/mapasocialmt.org.br\/site\/wp-content\/uploads\/2025\/10\/MapaSocial.jpg","contentUrl":"https:\/\/mapasocialmt.org.br\/site\/wp-content\/uploads\/2025\/10\/MapaSocial.jpg","width":512,"height":512,"caption":"Mapa Social MT"},"image":{"@id":"https:\/\/mapasocialmt.org.br\/site\/#\/schema\/logo\/image\/"}}]}},"_links":{"self":[{"href":"https:\/\/mapasocialmt.org.br\/site\/wp-json\/wp\/v2\/pages\/886","targetHints":{"allow":["GET"]}}],"collection":[{"href":"https:\/\/mapasocialmt.org.br\/site\/wp-json\/wp\/v2\/pages"}],"about":[{"href":"https:\/\/mapasocialmt.org.br\/site\/wp-json\/wp\/v2\/types\/page"}],"author":[{"embeddable":true,"href":"https:\/\/mapasocialmt.org.br\/site\/wp-json\/wp\/v2\/users\/1"}],"replies":[{"embeddable":true,"href":"https:\/\/mapasocialmt.org.br\/site\/wp-json\/wp\/v2\/comments?post=886"}],"version-history":[{"count":4,"href":"https:\/\/mapasocialmt.org.br\/site\/wp-json\/wp\/v2\/pages\/886\/revisions"}],"predecessor-version":[{"id":891,"href":"https:\/\/mapasocialmt.org.br\/site\/wp-json\/wp\/v2\/pages\/886\/revisions\/891"}],"wp:attachment":[{"href":"https:\/\/mapasocialmt.org.br\/site\/wp-json\/wp\/v2\/media?parent=886"}],"curies":[{"name":"wp","href":"https:\/\/api.w.org\/{rel}","templated":true}]}}