{"id":877,"date":"2025-10-07T17:46:07","date_gmt":"2025-10-07T20:46:07","guid":{"rendered":"https:\/\/mapasocialmt.org.br\/site\/?page_id=877"},"modified":"2025-10-07T17:58:51","modified_gmt":"2025-10-07T20:58:51","slug":"retireiros-do-araguaia","status":"publish","type":"page","link":"https:\/\/mapasocialmt.org.br\/site\/retireiros-do-araguaia\/","title":{"rendered":"Retireiros do Araguaia &#8211; Mapa Social MT"},"content":{"rendered":"\t\t<div data-elementor-type=\"wp-page\" data-elementor-id=\"877\" class=\"elementor elementor-877\" data-elementor-post-type=\"page\">\n\t\t\t\t<div class=\"elementor-element elementor-element-c4841c8 e-flex e-con-boxed e-con e-parent\" data-id=\"c4841c8\" data-element_type=\"container\" data-e-type=\"container\">\n\t\t\t\t\t<div class=\"e-con-inner\">\n\t\t<div class=\"elementor-element elementor-element-e03e25a e-con-full e-flex e-con e-child\" data-id=\"e03e25a\" data-element_type=\"container\" data-e-type=\"container\">\n\t\t\t\t<div class=\"elementor-element elementor-element-7a2244b elementor-icon-list--layout-traditional elementor-list-item-link-full_width elementor-widget elementor-widget-icon-list\" data-id=\"7a2244b\" data-element_type=\"widget\" data-e-type=\"widget\" data-widget_type=\"icon-list.default\">\n\t\t\t\t\t\t\t<ul class=\"elementor-icon-list-items\">\n\t\t\t\t\t\t\t<li class=\"elementor-icon-list-item\">\n\t\t\t\t\t\t\t\t\t\t\t<span class=\"elementor-icon-list-icon\">\n\t\t\t\t\t\t\t<svg xmlns=\"http:\/\/www.w3.org\/2000\/svg\" width=\"120\" height=\"120\" viewBox=\"0 0 120 120\" fill=\"none\"><g clip-path=\"url(#clip0_272_2284)\"><rect width=\"120\" height=\"120\" rx=\"9.64865\" fill=\"#9E348B\"><\/rect><path d=\"M98.848 47.4114L90.389 38.5866L94.0707 36.2385L94.2856 34.4085L92.5779 34.3066L88.149 37.4922L82.6224 37.497L79.2393 35.4313L78.0275 35.6787L78.0453 37.0217L80.2261 39.437L79.9386 40.7057L54.2741 43.4658L27.6901 42.7234L24.8254 43.9243L22.7153 46.6056L21.6296 52.8774L21.4378 57.3858L20.7798 61.5957L20.9607 65.7887L21.7007 65.94L22.7765 64.7557L23.6511 60.8214L22.9422 55.3637L23.1888 55.3265L24.8551 63.6353L23.7201 70.8462L24.7564 85.2377L24.8551 86.8314L25.865 87.6929L30.3304 87.6998L31.7693 87.2646L27.7743 80.759L29.7562 72.4974L30.7942 72.4992L34.4158 83.4836L36.2827 86.3035L37.2036 86.8705L42.1327 86.8741L42.7652 86.0827L38.4982 83.4616L35.6051 74.5517L36.3303 73.1052L38.0298 73.263L39.0969 75.8757L40.6425 73.329L42.1402 75.8866L43.4087 73.1095L47.1426 70.2394L60.3924 68.9705L62.6162 71.6893L64.4905 84.9805L65.4765 86.8903L69.9912 86.8885L70.4779 86.1728L67.7338 82.3535L67.4041 75.0807L68.8859 75.9031L70.4467 80.7342L72.4317 87.0073L73.3218 87.6974L77.3612 87.6998L77.6966 86.7876L76.5157 85.6947L72.7067 78.2509L73.5848 70.4498L77.8529 67.2926L84.0702 55.7444L91.2261 52.4409L97.8067 51.6917L98.3709 51.08L99.2918 48.4845L98.848 47.4114Z\" fill=\"white\"><\/path><\/g><defs><clipPath id=\"clip0_272_2284\"><rect width=\"120\" height=\"120\" fill=\"white\"><\/rect><\/clipPath><\/defs><\/svg>\t\t\t\t\t\t<\/span>\n\t\t\t\t\t\t\t\t\t\t<span class=\"elementor-icon-list-text\">Retireiros do Araguaia<\/span>\n\t\t\t\t\t\t\t\t\t<\/li>\n\t\t\t\t\t\t<\/ul>\n\t\t\t\t\t\t<\/div>\n\t\t\t\t<div class=\"elementor-element elementor-element-d2099e9 elementor-widget-divider--view-line elementor-widget elementor-widget-divider\" data-id=\"d2099e9\" data-element_type=\"widget\" data-e-type=\"widget\" data-widget_type=\"divider.default\">\n\t\t\t\t\t\t\t<div class=\"elementor-divider\">\n\t\t\t<span class=\"elementor-divider-separator\">\n\t\t\t\t\t\t<\/span>\n\t\t<\/div>\n\t\t\t\t\t\t<\/div>\n\t\t\t\t<div class=\"elementor-element elementor-element-7c5c23a elementor-widget elementor-widget-text-editor\" data-id=\"7c5c23a\" data-element_type=\"widget\" data-e-type=\"widget\" data-widget_type=\"text-editor.default\">\n\t\t\t\t\t\t\t\t\t<p>Os retireiros do Araguaia s\u00e3o pessoas que vivem em uma \u00e1rea \u00famida de beleza inigual\u00e1vel nas regi\u00f5es de inunda\u00e7\u00e3o do rio Araguaia, espraiando no verde do Cerrado mato-grossense, entre as casas de palha e o cotidiano de lutas<sup>a<\/sup>. Sua identidade adv\u00eam por retirarem o gado da \u00e1rea afetada pela cheia das \u00e1guas, colocando-os em pastos de fazendas alugadas e devolvendo-os na seca, para que os novos ciclos se reiniciem. Este movimento din\u00e2mico envolve membros das fam\u00edlias e das comunidades em ritmo e pausa da organiza\u00e7\u00e3o social, ligada ao compasso da natureza e, em rede constituem a celebra\u00e7\u00e3o da vida. Todavia, padecem na \u00e9poca da cheia, quando o gado vive em terras estranhas, extraindo a escassa economia dos retireiros.<\/p><p>Desde 1999, os retireiros buscam a cria\u00e7\u00e3o da Reserva de Desenvolvimento Sustent\u00e1vel de Mato Verdinho que favorecer\u00e1 a autonomia do trabalho, possibilitando a demarca\u00e7\u00e3o de um territ\u00f3rio pr\u00f3prio para suas sobreviv\u00eancias, lhes possibilitando uma vida digna por meio das escolhas democr\u00e1ticas e pela autonomia em gerenciar seus pr\u00f3prios ambientes. Assim, \u00e9 urgente a cria\u00e7\u00e3o desta \u00e1rea protegida, pois os fazendeiros continuam a invadir as v\u00e1rzeas e a expulsar os retireiros de sua leg\u00edtima territorialidade.<\/p><p>O ecossistema local sofre outras amea\u00e7as como o desmatamento, a sobrepesca, o assoreamento, a dragagem do rio Araguaia para hidrovia e a constru\u00e7\u00e3o de hidrel\u00e9tricas que vem amea\u00e7ando n\u00e3o apenas as vidas humanas, mas toda a riqueza que a natureza comp\u00f5e nesta paisagem das \u00e1reas \u00famidas.<\/p><p>Este grupo, retireiros do Araguaia, tem como uma das suas principais atividades a cria\u00e7\u00e3o extensiva de gado nas \u00e1reas de pastagem nativa de Cerrado, na regi\u00e3o de inunda\u00e7\u00e3o do rio Araguaia. Os retireiros reconhecem o capim, que alimenta o gado, como maior aliado da sobreviv\u00eancia local. As atividades econ\u00f4micas sustent\u00e1veis dos retireiros, em fun\u00e7\u00e3o dos conhecimentos tradicionais de sua gente, favorecem a conserva\u00e7\u00e3o da biodiversidade e da ecologia local.<\/p>\t\t\t\t\t\t\t\t<\/div>\n\t\t\t\t<div class=\"elementor-element elementor-element-c77d182 elementor-widget elementor-widget-text-editor\" data-id=\"c77d182\" data-element_type=\"widget\" data-e-type=\"widget\" data-widget_type=\"text-editor.default\">\n\t\t\t\t\t\t\t\t\t<p><sup>a<\/sup>Texto adaptado de SATO, Mich\u00e8le. Grito a favor dos retireiros do Araguaia, 2010. Manifesto lan\u00e7ado durante o II Semin\u00e1rio de Mapeamento Social a favor da cria\u00e7\u00e3o da Reserva de Desenvolvimento Sustent\u00e1vel de Mato Verdinho no Araguaia \u2013 Mato Grosso \u2013 Brasil, 2010. Este manifesto foi escrito pela professora Mich\u00e8le Sato a pedido dos retireiros do Araguaia e endossado pelos participantes do II semin\u00e1rio.<\/p><p><br data-cke-eol=\"1\" \/><br \/><\/p>\t\t\t\t\t\t\t\t<\/div>\n\t\t\t\t<\/div>\n\t\t<div class=\"elementor-element elementor-element-5320a47 e-con-full e-flex e-con e-child\" data-id=\"5320a47\" data-element_type=\"container\" data-e-type=\"container\">\n\t\t\t\t<div class=\"elementor-element elementor-element-513b618 elementor-widget elementor-widget-image\" data-id=\"513b618\" data-element_type=\"widget\" data-e-type=\"widget\" data-widget_type=\"image.default\">\n\t\t\t\t\t\t\t\t\t\t\t\t\t\t\t\t<a href=\"https:\/\/mapasocialmt.org.br\/site\/mapa\/#grupo=araguaia\" target=\"_blank\">\n\t\t\t\t\t\t\t<img fetchpriority=\"high\" decoding=\"async\" width=\"624\" height=\"588\" src=\"https:\/\/mapasocialmt.org.br\/site\/wp-content\/uploads\/2025\/10\/Retireiros-do-Araguaia.jpg\" class=\"attachment-full size-full wp-image-879\" alt=\"\" srcset=\"https:\/\/mapasocialmt.org.br\/site\/wp-content\/uploads\/2025\/10\/Retireiros-do-Araguaia.jpg 624w, https:\/\/mapasocialmt.org.br\/site\/wp-content\/uploads\/2025\/10\/Retireiros-do-Araguaia-300x283.jpg 300w\" sizes=\"(max-width: 624px) 100vw, 624px\" \/>\t\t\t\t\t\t\t\t<\/a>\n\t\t\t\t\t\t\t\t\t\t\t\t\t\t\t<\/div>\n\t\t\t\t<div class=\"elementor-element elementor-element-0d86fc1 elementor-widget elementor-widget-button\" data-id=\"0d86fc1\" data-element_type=\"widget\" data-e-type=\"widget\" data-widget_type=\"button.default\">\n\t\t\t\t\t\t\t\t\t\t<a class=\"elementor-button elementor-button-link elementor-size-sm\" href=\"https:\/\/mapasocialmt.org.br\/site\/mapa\/#grupo=araguaia\" target=\"_blank\">\n\t\t\t\t\t\t<span class=\"elementor-button-content-wrapper\">\n\t\t\t\t\t\t\t\t\t<span class=\"elementor-button-text\">Mapa completo<\/span>\n\t\t\t\t\t<\/span>\n\t\t\t\t\t<\/a>\n\t\t\t\t\t\t\t\t<\/div>\n\t\t\t\t<div class=\"elementor-element elementor-element-f9bb314 elementor-widget elementor-widget-text-editor\" data-id=\"f9bb314\" data-element_type=\"widget\" data-e-type=\"widget\" data-widget_type=\"text-editor.default\">\n\t\t\t\t\t\t\t\t\t<p>Refer\u00eancia: SILVA, Regina Aparecida da. Do invis\u00edvel ao vis\u00edvel: o mapeamento dos grupos sociais do estado de Mato Grosso &#8211; Brasil. S\u00e3o Carlos: UFscar, 2011.<br \/>Dispon\u00edvel em: <a href=\"https:\/\/onedrive.live.com\/view.aspx?cid=17DC7D667214610D&amp;resid=17DC7D667214610D%21343&amp;app=WordPdf\" data-cke-saved-href=\"https:\/\/onedrive.live.com\/view.aspx?cid=17DC7D667214610D&amp;resid=17DC7D667214610D%21343&amp;app=WordPdf\">https:\/\/on<\/a><a title=\"Link: https:\/\/onedrive.live.com\/view.aspx?cid=17DC7D667214610D&amp;resid=17DC7D667214610D%21343&amp;app=WordPdf\" href=\"https:\/\/onedrive.live.com\/view.aspx?cid=17DC7D667214610D&amp;resid=17DC7D667214610D%21343&amp;app=WordPdf\" data-cke-saved-href=\"https:\/\/onedrive.live.com\/view.aspx?cid=17DC7D667214610D&amp;resid=17DC7D667214610D%21343&amp;app=WordPdf\">edrive.live.com\/view.aspx?cid=17DC7D667214610D&amp;resid=17DC7D667214610D%21343&amp;app=WordPdf<\/a>.<\/p>\t\t\t\t\t\t\t\t<\/div>\n\t\t\t\t<\/div>\n\t\t\t\t\t<\/div>\n\t\t\t\t<\/div>\n\t\t\t\t<\/div>\n\t\t","protected":false},"excerpt":{"rendered":"<p>Retireiros do Araguaia Os retireiros do Araguaia s\u00e3o pessoas que vivem em uma \u00e1rea \u00famida de beleza inigual\u00e1vel nas regi\u00f5es de inunda\u00e7\u00e3o do rio Araguaia, espraiando no verde do Cerrado mato-grossense, entre as casas de palha e o cotidiano de lutasa. Sua identidade adv\u00eam por retirarem o gado da \u00e1rea afetada pela cheia das \u00e1guas, [&hellip;]<\/p>\n","protected":false},"author":1,"featured_media":0,"parent":0,"menu_order":0,"comment_status":"closed","ping_status":"closed","template":"elementor_header_footer","meta":{"footnotes":""},"class_list":["post-877","page","type-page","status-publish","hentry"],"yoast_head":"<!-- This site is optimized with the Yoast SEO plugin v27.5 - https:\/\/yoast.com\/product\/yoast-seo-wordpress\/ -->\n<title>Retireiros do Araguaia - Mapa Social MT<\/title>\n<meta name=\"robots\" content=\"index, follow, max-snippet:-1, max-image-preview:large, max-video-preview:-1\" \/>\n<link rel=\"canonical\" href=\"https:\/\/mapasocialmt.org.br\/site\/retireiros-do-araguaia\/\" \/>\n<meta property=\"og:locale\" content=\"pt_BR\" \/>\n<meta property=\"og:type\" content=\"article\" \/>\n<meta property=\"og:title\" content=\"Retireiros do Araguaia - Mapa Social MT\" \/>\n<meta property=\"og:description\" content=\"Retireiros do Araguaia Os retireiros do Araguaia s\u00e3o pessoas que vivem em uma \u00e1rea \u00famida de beleza inigual\u00e1vel nas regi\u00f5es de inunda\u00e7\u00e3o do rio Araguaia, espraiando no verde do Cerrado mato-grossense, entre as casas de palha e o cotidiano de lutasa. Sua identidade adv\u00eam por retirarem o gado da \u00e1rea afetada pela cheia das \u00e1guas, [&hellip;]\" \/>\n<meta property=\"og:url\" content=\"https:\/\/mapasocialmt.org.br\/site\/retireiros-do-araguaia\/\" \/>\n<meta property=\"og:site_name\" content=\"Mapa Social MT\" \/>\n<meta property=\"article:modified_time\" content=\"2025-10-07T20:58:51+00:00\" \/>\n<meta property=\"og:image\" content=\"https:\/\/mapasocialmt.org.br\/site\/wp-content\/uploads\/2025\/10\/Retireiros-do-Araguaia.jpg\" \/>\n<meta name=\"twitter:card\" content=\"summary_large_image\" \/>\n<meta name=\"twitter:label1\" content=\"Est. tempo de leitura\" \/>\n\t<meta name=\"twitter:data1\" content=\"2 minutos\" \/>\n<script type=\"application\/ld+json\" class=\"yoast-schema-graph\">{\"@context\":\"https:\\\/\\\/schema.org\",\"@graph\":[{\"@type\":\"WebPage\",\"@id\":\"https:\\\/\\\/mapasocialmt.org.br\\\/site\\\/retireiros-do-araguaia\\\/\",\"url\":\"https:\\\/\\\/mapasocialmt.org.br\\\/site\\\/retireiros-do-araguaia\\\/\",\"name\":\"Retireiros do Araguaia - Mapa Social MT\",\"isPartOf\":{\"@id\":\"https:\\\/\\\/mapasocialmt.org.br\\\/site\\\/#website\"},\"primaryImageOfPage\":{\"@id\":\"https:\\\/\\\/mapasocialmt.org.br\\\/site\\\/retireiros-do-araguaia\\\/#primaryimage\"},\"image\":{\"@id\":\"https:\\\/\\\/mapasocialmt.org.br\\\/site\\\/retireiros-do-araguaia\\\/#primaryimage\"},\"thumbnailUrl\":\"https:\\\/\\\/mapasocialmt.org.br\\\/site\\\/wp-content\\\/uploads\\\/2025\\\/10\\\/Retireiros-do-Araguaia.jpg\",\"datePublished\":\"2025-10-07T20:46:07+00:00\",\"dateModified\":\"2025-10-07T20:58:51+00:00\",\"breadcrumb\":{\"@id\":\"https:\\\/\\\/mapasocialmt.org.br\\\/site\\\/retireiros-do-araguaia\\\/#breadcrumb\"},\"inLanguage\":\"pt-BR\",\"potentialAction\":[{\"@type\":\"ReadAction\",\"target\":[\"https:\\\/\\\/mapasocialmt.org.br\\\/site\\\/retireiros-do-araguaia\\\/\"]}]},{\"@type\":\"ImageObject\",\"inLanguage\":\"pt-BR\",\"@id\":\"https:\\\/\\\/mapasocialmt.org.br\\\/site\\\/retireiros-do-araguaia\\\/#primaryimage\",\"url\":\"https:\\\/\\\/mapasocialmt.org.br\\\/site\\\/wp-content\\\/uploads\\\/2025\\\/10\\\/Retireiros-do-Araguaia.jpg\",\"contentUrl\":\"https:\\\/\\\/mapasocialmt.org.br\\\/site\\\/wp-content\\\/uploads\\\/2025\\\/10\\\/Retireiros-do-Araguaia.jpg\",\"width\":624,\"height\":588},{\"@type\":\"BreadcrumbList\",\"@id\":\"https:\\\/\\\/mapasocialmt.org.br\\\/site\\\/retireiros-do-araguaia\\\/#breadcrumb\",\"itemListElement\":[{\"@type\":\"ListItem\",\"position\":1,\"name\":\"In\u00edcio\",\"item\":\"https:\\\/\\\/mapasocialmt.org.br\\\/site\\\/\"},{\"@type\":\"ListItem\",\"position\":2,\"name\":\"Retireiros do Araguaia &#8211; Mapa Social MT\"}]},{\"@type\":\"WebSite\",\"@id\":\"https:\\\/\\\/mapasocialmt.org.br\\\/site\\\/#website\",\"url\":\"https:\\\/\\\/mapasocialmt.org.br\\\/site\\\/\",\"name\":\"Mapa Social MT\",\"description\":\"\",\"publisher\":{\"@id\":\"https:\\\/\\\/mapasocialmt.org.br\\\/site\\\/#organization\"},\"potentialAction\":[{\"@type\":\"SearchAction\",\"target\":{\"@type\":\"EntryPoint\",\"urlTemplate\":\"https:\\\/\\\/mapasocialmt.org.br\\\/site\\\/?s={search_term_string}\"},\"query-input\":{\"@type\":\"PropertyValueSpecification\",\"valueRequired\":true,\"valueName\":\"search_term_string\"}}],\"inLanguage\":\"pt-BR\"},{\"@type\":\"Organization\",\"@id\":\"https:\\\/\\\/mapasocialmt.org.br\\\/site\\\/#organization\",\"name\":\"Mapa Social MT\",\"url\":\"https:\\\/\\\/mapasocialmt.org.br\\\/site\\\/\",\"logo\":{\"@type\":\"ImageObject\",\"inLanguage\":\"pt-BR\",\"@id\":\"https:\\\/\\\/mapasocialmt.org.br\\\/site\\\/#\\\/schema\\\/logo\\\/image\\\/\",\"url\":\"https:\\\/\\\/mapasocialmt.org.br\\\/site\\\/wp-content\\\/uploads\\\/2025\\\/10\\\/MapaSocial.jpg\",\"contentUrl\":\"https:\\\/\\\/mapasocialmt.org.br\\\/site\\\/wp-content\\\/uploads\\\/2025\\\/10\\\/MapaSocial.jpg\",\"width\":512,\"height\":512,\"caption\":\"Mapa Social MT\"},\"image\":{\"@id\":\"https:\\\/\\\/mapasocialmt.org.br\\\/site\\\/#\\\/schema\\\/logo\\\/image\\\/\"}}]}<\/script>\n<!-- \/ Yoast SEO plugin. -->","yoast_head_json":{"title":"Retireiros do Araguaia - Mapa Social MT","robots":{"index":"index","follow":"follow","max-snippet":"max-snippet:-1","max-image-preview":"max-image-preview:large","max-video-preview":"max-video-preview:-1"},"canonical":"https:\/\/mapasocialmt.org.br\/site\/retireiros-do-araguaia\/","og_locale":"pt_BR","og_type":"article","og_title":"Retireiros do Araguaia - Mapa Social MT","og_description":"Retireiros do Araguaia Os retireiros do Araguaia s\u00e3o pessoas que vivem em uma \u00e1rea \u00famida de beleza inigual\u00e1vel nas regi\u00f5es de inunda\u00e7\u00e3o do rio Araguaia, espraiando no verde do Cerrado mato-grossense, entre as casas de palha e o cotidiano de lutasa. Sua identidade adv\u00eam por retirarem o gado da \u00e1rea afetada pela cheia das \u00e1guas, [&hellip;]","og_url":"https:\/\/mapasocialmt.org.br\/site\/retireiros-do-araguaia\/","og_site_name":"Mapa Social MT","article_modified_time":"2025-10-07T20:58:51+00:00","og_image":[{"url":"https:\/\/mapasocialmt.org.br\/site\/wp-content\/uploads\/2025\/10\/Retireiros-do-Araguaia.jpg","type":"","width":"","height":""}],"twitter_card":"summary_large_image","twitter_misc":{"Est. tempo de leitura":"2 minutos"},"schema":{"@context":"https:\/\/schema.org","@graph":[{"@type":"WebPage","@id":"https:\/\/mapasocialmt.org.br\/site\/retireiros-do-araguaia\/","url":"https:\/\/mapasocialmt.org.br\/site\/retireiros-do-araguaia\/","name":"Retireiros do Araguaia - Mapa Social MT","isPartOf":{"@id":"https:\/\/mapasocialmt.org.br\/site\/#website"},"primaryImageOfPage":{"@id":"https:\/\/mapasocialmt.org.br\/site\/retireiros-do-araguaia\/#primaryimage"},"image":{"@id":"https:\/\/mapasocialmt.org.br\/site\/retireiros-do-araguaia\/#primaryimage"},"thumbnailUrl":"https:\/\/mapasocialmt.org.br\/site\/wp-content\/uploads\/2025\/10\/Retireiros-do-Araguaia.jpg","datePublished":"2025-10-07T20:46:07+00:00","dateModified":"2025-10-07T20:58:51+00:00","breadcrumb":{"@id":"https:\/\/mapasocialmt.org.br\/site\/retireiros-do-araguaia\/#breadcrumb"},"inLanguage":"pt-BR","potentialAction":[{"@type":"ReadAction","target":["https:\/\/mapasocialmt.org.br\/site\/retireiros-do-araguaia\/"]}]},{"@type":"ImageObject","inLanguage":"pt-BR","@id":"https:\/\/mapasocialmt.org.br\/site\/retireiros-do-araguaia\/#primaryimage","url":"https:\/\/mapasocialmt.org.br\/site\/wp-content\/uploads\/2025\/10\/Retireiros-do-Araguaia.jpg","contentUrl":"https:\/\/mapasocialmt.org.br\/site\/wp-content\/uploads\/2025\/10\/Retireiros-do-Araguaia.jpg","width":624,"height":588},{"@type":"BreadcrumbList","@id":"https:\/\/mapasocialmt.org.br\/site\/retireiros-do-araguaia\/#breadcrumb","itemListElement":[{"@type":"ListItem","position":1,"name":"In\u00edcio","item":"https:\/\/mapasocialmt.org.br\/site\/"},{"@type":"ListItem","position":2,"name":"Retireiros do Araguaia &#8211; Mapa Social MT"}]},{"@type":"WebSite","@id":"https:\/\/mapasocialmt.org.br\/site\/#website","url":"https:\/\/mapasocialmt.org.br\/site\/","name":"Mapa Social MT","description":"","publisher":{"@id":"https:\/\/mapasocialmt.org.br\/site\/#organization"},"potentialAction":[{"@type":"SearchAction","target":{"@type":"EntryPoint","urlTemplate":"https:\/\/mapasocialmt.org.br\/site\/?s={search_term_string}"},"query-input":{"@type":"PropertyValueSpecification","valueRequired":true,"valueName":"search_term_string"}}],"inLanguage":"pt-BR"},{"@type":"Organization","@id":"https:\/\/mapasocialmt.org.br\/site\/#organization","name":"Mapa Social MT","url":"https:\/\/mapasocialmt.org.br\/site\/","logo":{"@type":"ImageObject","inLanguage":"pt-BR","@id":"https:\/\/mapasocialmt.org.br\/site\/#\/schema\/logo\/image\/","url":"https:\/\/mapasocialmt.org.br\/site\/wp-content\/uploads\/2025\/10\/MapaSocial.jpg","contentUrl":"https:\/\/mapasocialmt.org.br\/site\/wp-content\/uploads\/2025\/10\/MapaSocial.jpg","width":512,"height":512,"caption":"Mapa Social MT"},"image":{"@id":"https:\/\/mapasocialmt.org.br\/site\/#\/schema\/logo\/image\/"}}]}},"_links":{"self":[{"href":"https:\/\/mapasocialmt.org.br\/site\/wp-json\/wp\/v2\/pages\/877","targetHints":{"allow":["GET"]}}],"collection":[{"href":"https:\/\/mapasocialmt.org.br\/site\/wp-json\/wp\/v2\/pages"}],"about":[{"href":"https:\/\/mapasocialmt.org.br\/site\/wp-json\/wp\/v2\/types\/page"}],"author":[{"embeddable":true,"href":"https:\/\/mapasocialmt.org.br\/site\/wp-json\/wp\/v2\/users\/1"}],"replies":[{"embeddable":true,"href":"https:\/\/mapasocialmt.org.br\/site\/wp-json\/wp\/v2\/comments?post=877"}],"version-history":[{"count":7,"href":"https:\/\/mapasocialmt.org.br\/site\/wp-json\/wp\/v2\/pages\/877\/revisions"}],"predecessor-version":[{"id":885,"href":"https:\/\/mapasocialmt.org.br\/site\/wp-json\/wp\/v2\/pages\/877\/revisions\/885"}],"wp:attachment":[{"href":"https:\/\/mapasocialmt.org.br\/site\/wp-json\/wp\/v2\/media?parent=877"}],"curies":[{"name":"wp","href":"https:\/\/api.w.org\/{rel}","templated":true}]}}