{"id":856,"date":"2025-10-07T17:31:30","date_gmt":"2025-10-07T20:31:30","guid":{"rendered":"https:\/\/mapasocialmt.org.br\/site\/?page_id=856"},"modified":"2025-11-18T18:07:36","modified_gmt":"2025-11-18T21:07:36","slug":"povos-morroquianos","status":"publish","type":"page","link":"https:\/\/mapasocialmt.org.br\/site\/povos-morroquianos\/","title":{"rendered":"Povos morroquianos &#8211; Mapa Social MT"},"content":{"rendered":"\t\t<div data-elementor-type=\"wp-page\" data-elementor-id=\"856\" class=\"elementor elementor-856\" data-elementor-post-type=\"page\">\n\t\t\t\t<div class=\"elementor-element elementor-element-4eb898c e-flex e-con-boxed e-con e-parent\" data-id=\"4eb898c\" data-element_type=\"container\" data-e-type=\"container\">\n\t\t\t\t\t<div class=\"e-con-inner\">\n\t\t<div class=\"elementor-element elementor-element-bc1bada e-con-full e-flex e-con e-child\" data-id=\"bc1bada\" data-element_type=\"container\" data-e-type=\"container\">\n\t\t\t\t<div class=\"elementor-element elementor-element-3005d98 elementor-icon-list--layout-traditional elementor-list-item-link-full_width elementor-widget elementor-widget-icon-list\" data-id=\"3005d98\" data-element_type=\"widget\" data-e-type=\"widget\" data-widget_type=\"icon-list.default\">\n\t\t\t\t\t\t\t<ul class=\"elementor-icon-list-items\">\n\t\t\t\t\t\t\t<li class=\"elementor-icon-list-item\">\n\t\t\t\t\t\t\t\t\t\t\t<span class=\"elementor-icon-list-icon\">\n\t\t\t\t\t\t\t<svg xmlns=\"http:\/\/www.w3.org\/2000\/svg\" width=\"120\" height=\"120\" viewBox=\"0 0 120 120\" fill=\"none\"><g clip-path=\"url(#clip0_272_2285)\"><rect x=\"-0.0839844\" y=\"-0.0839844\" width=\"120.084\" height=\"120.084\" rx=\"9.64961\" fill=\"#25A141\"><\/rect><path d=\"M71.6914 58.4277C75.0326 54.9429 79.6808 54.742 83.1846 57.9307L100.523 78.5762C101.431 79.6861 102.201 80.7762 102.845 81.8447H49.2373L71.6914 58.4277Z\" fill=\"white\"><\/path><path d=\"M52.7642 117.423C53.6362 117.49 54.5155 117.523 55.4009 117.523C55.6395 117.523 55.8781 117.521 56.1157 117.517C55.8781 117.522 55.6395 117.524 55.4009 117.524C54.5154 117.524 53.6362 117.49 52.7642 117.423ZM31.022 69.7344C33.9243 67.2152 37.6453 66.7453 40.8853 68.4883L51.3413 74.1143L43.5132 81.8428H17.0708L31.022 69.7344Z\" fill=\"white\"><\/path><circle cx=\"53.5247\" cy=\"49.2366\" r=\"8.57743\" fill=\"white\"><\/circle><\/g><defs><clipPath id=\"clip0_272_2285\"><rect width=\"120\" height=\"120\" fill=\"white\"><\/rect><\/clipPath><\/defs><\/svg>\t\t\t\t\t\t<\/span>\n\t\t\t\t\t\t\t\t\t\t<span class=\"elementor-icon-list-text\">Povos Morroquianos<\/span>\n\t\t\t\t\t\t\t\t\t<\/li>\n\t\t\t\t\t\t<\/ul>\n\t\t\t\t\t\t<\/div>\n\t\t\t\t<div class=\"elementor-element elementor-element-51e923b elementor-widget-divider--view-line elementor-widget elementor-widget-divider\" data-id=\"51e923b\" data-element_type=\"widget\" data-e-type=\"widget\" data-widget_type=\"divider.default\">\n\t\t\t\t\t\t\t<div class=\"elementor-divider\">\n\t\t\t<span class=\"elementor-divider-separator\">\n\t\t\t\t\t\t<\/span>\n\t\t<\/div>\n\t\t\t\t\t\t<\/div>\n\t\t\t\t<div class=\"elementor-element elementor-element-a7229d8 elementor-widget elementor-widget-text-editor\" data-id=\"a7229d8\" data-element_type=\"widget\" data-e-type=\"widget\" data-widget_type=\"text-editor.default\">\n\t\t\t\t\t\t\t\t\t<p>Os Morroquianos s\u00e3o moradores da Morraria no entorno da Esta\u00e7\u00e3o Ecol\u00f3gica da Serra das Araras, pr\u00f3ximo a C\u00e1ceres, Porto Estrela e Barra do Bugres. As comunidades de Taquaral, \u00c1gua Branca, Bocaina, Santana, Nossa Senhora da Guia, Nossa Senhora do Carmo, S\u00e3o Sebasti\u00e3o, Guanandi, Exu, Vila Aparecida est\u00e3o localizadas entre os v\u00e1rios morros, serras, bocainas, c\u00f3rregos (afluentes do rio Paraguai), chapadinhas e vales que fazem parte da Prov\u00edncia Serrana. A origem das comunidades se d\u00e1 com a divis\u00e3o das sesmarias. Parte da \u00e1rea foi doada por Jo\u00e3o Ferreira Mendes e Pedro Ferreira Mendes, por volta de 1910, para a constru\u00e7\u00e3o da igreja de Nossa Senhora do Carmo. Por isso, as terras s\u00e3o consideradas terras de santo.<\/p><p>Segundo os relatos, os morroquianos s\u00e3o agricultores e praticam uma agricultura familiar. S\u00e3o tamb\u00e9m extrativistas e pequenos produtores de doce, de rapadura e de farinha. Alguns moradores das comunidades cultivam tamb\u00e9m o algod\u00e3o que \u00e9 utilizado na fia\u00e7\u00e3o artesanal de redes de dormir, as artes\u00e3s s\u00e3o mulheres que tem o cuidado de utilizar corantes naturais de plantas do cerrado. Esta \u00e9 uma atividade que est\u00e1 se perdendo no cotidiano da comunidade.<\/p><p>Mais do que atividade econ\u00f4mica, as atividades agr\u00edcolas dos morroquianos buscam preservar o modo de vida da comunidade, suas cosmologias, suas diferentes temporalidades e suas m\u00faltiplas territorialidades. No entanto, sofrem frequentes press\u00f5es por parte dos fazendeiros que desejam ocupar suas terras. Muitos agricultores perderam suas terras, por press\u00e3o, especula\u00e7\u00e3o, expuls\u00e3o ou despejo, atos sempre acompanhados de viol\u00eancia contra os antigos moradores que n\u00e3o tinham o t\u00edtulo definitivo das terras comunais das antigas sesmarias.<\/p><p>\u00a0<\/p>\t\t\t\t\t\t\t\t<\/div>\n\t\t\t\t<\/div>\n\t\t<div class=\"elementor-element elementor-element-21896ed e-con-full e-flex e-con e-child\" data-id=\"21896ed\" data-element_type=\"container\" data-e-type=\"container\">\n\t\t\t\t<div class=\"elementor-element elementor-element-086b8bb elementor-widget elementor-widget-image\" data-id=\"086b8bb\" data-element_type=\"widget\" data-e-type=\"widget\" data-widget_type=\"image.default\">\n\t\t\t\t\t\t\t\t\t\t\t\t\t\t\t\t<a href=\"https:\/\/mapasocialmt.org.br\/mapa\/#grupo=mororoquianos\" target=\"_blank\">\n\t\t\t\t\t\t\t<img fetchpriority=\"high\" decoding=\"async\" width=\"758\" height=\"752\" src=\"https:\/\/mapasocialmt.org.br\/site\/wp-content\/uploads\/2025\/10\/Povos-morroquianos.jpg\" class=\"attachment-full size-full wp-image-864\" alt=\"\" srcset=\"https:\/\/mapasocialmt.org.br\/site\/wp-content\/uploads\/2025\/10\/Povos-morroquianos.jpg 758w, https:\/\/mapasocialmt.org.br\/site\/wp-content\/uploads\/2025\/10\/Povos-morroquianos-300x298.jpg 300w, https:\/\/mapasocialmt.org.br\/site\/wp-content\/uploads\/2025\/10\/Povos-morroquianos-150x150.jpg 150w\" sizes=\"(max-width: 758px) 100vw, 758px\" \/>\t\t\t\t\t\t\t\t<\/a>\n\t\t\t\t\t\t\t\t\t\t\t\t\t\t\t<\/div>\n\t\t\t\t<div class=\"elementor-element elementor-element-c3386dd elementor-widget elementor-widget-button\" data-id=\"c3386dd\" data-element_type=\"widget\" data-e-type=\"widget\" data-widget_type=\"button.default\">\n\t\t\t\t\t\t\t\t\t\t<a class=\"elementor-button elementor-button-link elementor-size-sm\" href=\"https:\/\/mapasocialmt.org.br\/mapa\/#grupo=mororoquianos\" target=\"_blank\">\n\t\t\t\t\t\t<span class=\"elementor-button-content-wrapper\">\n\t\t\t\t\t\t\t\t\t<span class=\"elementor-button-text\">Mapa completo<\/span>\n\t\t\t\t\t<\/span>\n\t\t\t\t\t<\/a>\n\t\t\t\t\t\t\t\t<\/div>\n\t\t\t\t<div class=\"elementor-element elementor-element-1b7b93a elementor-widget elementor-widget-text-editor\" data-id=\"1b7b93a\" data-element_type=\"widget\" data-e-type=\"widget\" data-widget_type=\"text-editor.default\">\n\t\t\t\t\t\t\t\t\t<p>Refer\u00eancia: SILVA, Regina Aparecida da. Do invis\u00edvel ao vis\u00edvel: o mapeamento dos grupos sociais do estado de Mato Grosso &#8211; Brasil. S\u00e3o Carlos: UFscar, 2011.<br \/><br \/><\/p>\t\t\t\t\t\t\t\t<\/div>\n\t\t\t\t<\/div>\n\t\t\t\t\t<\/div>\n\t\t\t\t<\/div>\n\t\t\t\t<\/div>\n\t\t","protected":false},"excerpt":{"rendered":"<p>Povos Morroquianos Os Morroquianos s\u00e3o moradores da Morraria no entorno da Esta\u00e7\u00e3o Ecol\u00f3gica da Serra das Araras, pr\u00f3ximo a C\u00e1ceres, Porto Estrela e Barra do Bugres. As comunidades de Taquaral, \u00c1gua Branca, Bocaina, Santana, Nossa Senhora da Guia, Nossa Senhora do Carmo, S\u00e3o Sebasti\u00e3o, Guanandi, Exu, Vila Aparecida est\u00e3o localizadas entre os v\u00e1rios morros, serras, [&hellip;]<\/p>\n","protected":false},"author":1,"featured_media":0,"parent":0,"menu_order":0,"comment_status":"closed","ping_status":"closed","template":"elementor_header_footer","meta":{"footnotes":""},"class_list":["post-856","page","type-page","status-publish","hentry"],"yoast_head":"<!-- This site is optimized with the Yoast SEO plugin v27.5 - https:\/\/yoast.com\/product\/yoast-seo-wordpress\/ -->\n<title>Povos morroquianos - Mapa Social MT<\/title>\n<meta name=\"robots\" content=\"index, follow, max-snippet:-1, max-image-preview:large, max-video-preview:-1\" \/>\n<link rel=\"canonical\" href=\"https:\/\/mapasocialmt.org.br\/site\/povos-morroquianos\/\" \/>\n<meta property=\"og:locale\" content=\"pt_BR\" \/>\n<meta property=\"og:type\" content=\"article\" \/>\n<meta property=\"og:title\" content=\"Povos morroquianos - Mapa Social MT\" \/>\n<meta property=\"og:description\" content=\"Povos Morroquianos Os Morroquianos s\u00e3o moradores da Morraria no entorno da Esta\u00e7\u00e3o Ecol\u00f3gica da Serra das Araras, pr\u00f3ximo a C\u00e1ceres, Porto Estrela e Barra do Bugres. As comunidades de Taquaral, \u00c1gua Branca, Bocaina, Santana, Nossa Senhora da Guia, Nossa Senhora do Carmo, S\u00e3o Sebasti\u00e3o, Guanandi, Exu, Vila Aparecida est\u00e3o localizadas entre os v\u00e1rios morros, serras, [&hellip;]\" \/>\n<meta property=\"og:url\" content=\"https:\/\/mapasocialmt.org.br\/site\/povos-morroquianos\/\" \/>\n<meta property=\"og:site_name\" content=\"Mapa Social MT\" \/>\n<meta property=\"article:modified_time\" content=\"2025-11-18T21:07:36+00:00\" \/>\n<meta property=\"og:image\" content=\"https:\/\/mapasocialmt.org.br\/site\/wp-content\/uploads\/2025\/10\/Povos-morroquianos.jpg\" \/>\n<meta name=\"twitter:card\" content=\"summary_large_image\" \/>\n<meta name=\"twitter:label1\" content=\"Est. tempo de leitura\" \/>\n\t<meta name=\"twitter:data1\" content=\"2 minutos\" \/>\n<script type=\"application\/ld+json\" class=\"yoast-schema-graph\">{\"@context\":\"https:\\\/\\\/schema.org\",\"@graph\":[{\"@type\":\"WebPage\",\"@id\":\"https:\\\/\\\/mapasocialmt.org.br\\\/site\\\/povos-morroquianos\\\/\",\"url\":\"https:\\\/\\\/mapasocialmt.org.br\\\/site\\\/povos-morroquianos\\\/\",\"name\":\"Povos morroquianos - Mapa Social MT\",\"isPartOf\":{\"@id\":\"https:\\\/\\\/mapasocialmt.org.br\\\/site\\\/#website\"},\"primaryImageOfPage\":{\"@id\":\"https:\\\/\\\/mapasocialmt.org.br\\\/site\\\/povos-morroquianos\\\/#primaryimage\"},\"image\":{\"@id\":\"https:\\\/\\\/mapasocialmt.org.br\\\/site\\\/povos-morroquianos\\\/#primaryimage\"},\"thumbnailUrl\":\"https:\\\/\\\/mapasocialmt.org.br\\\/site\\\/wp-content\\\/uploads\\\/2025\\\/10\\\/Povos-morroquianos.jpg\",\"datePublished\":\"2025-10-07T20:31:30+00:00\",\"dateModified\":\"2025-11-18T21:07:36+00:00\",\"breadcrumb\":{\"@id\":\"https:\\\/\\\/mapasocialmt.org.br\\\/site\\\/povos-morroquianos\\\/#breadcrumb\"},\"inLanguage\":\"pt-BR\",\"potentialAction\":[{\"@type\":\"ReadAction\",\"target\":[\"https:\\\/\\\/mapasocialmt.org.br\\\/site\\\/povos-morroquianos\\\/\"]}]},{\"@type\":\"ImageObject\",\"inLanguage\":\"pt-BR\",\"@id\":\"https:\\\/\\\/mapasocialmt.org.br\\\/site\\\/povos-morroquianos\\\/#primaryimage\",\"url\":\"https:\\\/\\\/mapasocialmt.org.br\\\/site\\\/wp-content\\\/uploads\\\/2025\\\/10\\\/Povos-morroquianos.jpg\",\"contentUrl\":\"https:\\\/\\\/mapasocialmt.org.br\\\/site\\\/wp-content\\\/uploads\\\/2025\\\/10\\\/Povos-morroquianos.jpg\",\"width\":758,\"height\":752},{\"@type\":\"BreadcrumbList\",\"@id\":\"https:\\\/\\\/mapasocialmt.org.br\\\/site\\\/povos-morroquianos\\\/#breadcrumb\",\"itemListElement\":[{\"@type\":\"ListItem\",\"position\":1,\"name\":\"In\u00edcio\",\"item\":\"https:\\\/\\\/mapasocialmt.org.br\\\/site\\\/\"},{\"@type\":\"ListItem\",\"position\":2,\"name\":\"Povos morroquianos &#8211; Mapa Social MT\"}]},{\"@type\":\"WebSite\",\"@id\":\"https:\\\/\\\/mapasocialmt.org.br\\\/site\\\/#website\",\"url\":\"https:\\\/\\\/mapasocialmt.org.br\\\/site\\\/\",\"name\":\"Mapa Social MT\",\"description\":\"\",\"publisher\":{\"@id\":\"https:\\\/\\\/mapasocialmt.org.br\\\/site\\\/#organization\"},\"potentialAction\":[{\"@type\":\"SearchAction\",\"target\":{\"@type\":\"EntryPoint\",\"urlTemplate\":\"https:\\\/\\\/mapasocialmt.org.br\\\/site\\\/?s={search_term_string}\"},\"query-input\":{\"@type\":\"PropertyValueSpecification\",\"valueRequired\":true,\"valueName\":\"search_term_string\"}}],\"inLanguage\":\"pt-BR\"},{\"@type\":\"Organization\",\"@id\":\"https:\\\/\\\/mapasocialmt.org.br\\\/site\\\/#organization\",\"name\":\"Mapa Social MT\",\"url\":\"https:\\\/\\\/mapasocialmt.org.br\\\/site\\\/\",\"logo\":{\"@type\":\"ImageObject\",\"inLanguage\":\"pt-BR\",\"@id\":\"https:\\\/\\\/mapasocialmt.org.br\\\/site\\\/#\\\/schema\\\/logo\\\/image\\\/\",\"url\":\"https:\\\/\\\/mapasocialmt.org.br\\\/site\\\/wp-content\\\/uploads\\\/2025\\\/10\\\/MapaSocial.jpg\",\"contentUrl\":\"https:\\\/\\\/mapasocialmt.org.br\\\/site\\\/wp-content\\\/uploads\\\/2025\\\/10\\\/MapaSocial.jpg\",\"width\":512,\"height\":512,\"caption\":\"Mapa Social MT\"},\"image\":{\"@id\":\"https:\\\/\\\/mapasocialmt.org.br\\\/site\\\/#\\\/schema\\\/logo\\\/image\\\/\"}}]}<\/script>\n<!-- \/ Yoast SEO plugin. -->","yoast_head_json":{"title":"Povos morroquianos - Mapa Social MT","robots":{"index":"index","follow":"follow","max-snippet":"max-snippet:-1","max-image-preview":"max-image-preview:large","max-video-preview":"max-video-preview:-1"},"canonical":"https:\/\/mapasocialmt.org.br\/site\/povos-morroquianos\/","og_locale":"pt_BR","og_type":"article","og_title":"Povos morroquianos - Mapa Social MT","og_description":"Povos Morroquianos Os Morroquianos s\u00e3o moradores da Morraria no entorno da Esta\u00e7\u00e3o Ecol\u00f3gica da Serra das Araras, pr\u00f3ximo a C\u00e1ceres, Porto Estrela e Barra do Bugres. As comunidades de Taquaral, \u00c1gua Branca, Bocaina, Santana, Nossa Senhora da Guia, Nossa Senhora do Carmo, S\u00e3o Sebasti\u00e3o, Guanandi, Exu, Vila Aparecida est\u00e3o localizadas entre os v\u00e1rios morros, serras, [&hellip;]","og_url":"https:\/\/mapasocialmt.org.br\/site\/povos-morroquianos\/","og_site_name":"Mapa Social MT","article_modified_time":"2025-11-18T21:07:36+00:00","og_image":[{"url":"https:\/\/mapasocialmt.org.br\/site\/wp-content\/uploads\/2025\/10\/Povos-morroquianos.jpg","type":"","width":"","height":""}],"twitter_card":"summary_large_image","twitter_misc":{"Est. tempo de leitura":"2 minutos"},"schema":{"@context":"https:\/\/schema.org","@graph":[{"@type":"WebPage","@id":"https:\/\/mapasocialmt.org.br\/site\/povos-morroquianos\/","url":"https:\/\/mapasocialmt.org.br\/site\/povos-morroquianos\/","name":"Povos morroquianos - Mapa Social MT","isPartOf":{"@id":"https:\/\/mapasocialmt.org.br\/site\/#website"},"primaryImageOfPage":{"@id":"https:\/\/mapasocialmt.org.br\/site\/povos-morroquianos\/#primaryimage"},"image":{"@id":"https:\/\/mapasocialmt.org.br\/site\/povos-morroquianos\/#primaryimage"},"thumbnailUrl":"https:\/\/mapasocialmt.org.br\/site\/wp-content\/uploads\/2025\/10\/Povos-morroquianos.jpg","datePublished":"2025-10-07T20:31:30+00:00","dateModified":"2025-11-18T21:07:36+00:00","breadcrumb":{"@id":"https:\/\/mapasocialmt.org.br\/site\/povos-morroquianos\/#breadcrumb"},"inLanguage":"pt-BR","potentialAction":[{"@type":"ReadAction","target":["https:\/\/mapasocialmt.org.br\/site\/povos-morroquianos\/"]}]},{"@type":"ImageObject","inLanguage":"pt-BR","@id":"https:\/\/mapasocialmt.org.br\/site\/povos-morroquianos\/#primaryimage","url":"https:\/\/mapasocialmt.org.br\/site\/wp-content\/uploads\/2025\/10\/Povos-morroquianos.jpg","contentUrl":"https:\/\/mapasocialmt.org.br\/site\/wp-content\/uploads\/2025\/10\/Povos-morroquianos.jpg","width":758,"height":752},{"@type":"BreadcrumbList","@id":"https:\/\/mapasocialmt.org.br\/site\/povos-morroquianos\/#breadcrumb","itemListElement":[{"@type":"ListItem","position":1,"name":"In\u00edcio","item":"https:\/\/mapasocialmt.org.br\/site\/"},{"@type":"ListItem","position":2,"name":"Povos morroquianos &#8211; Mapa Social MT"}]},{"@type":"WebSite","@id":"https:\/\/mapasocialmt.org.br\/site\/#website","url":"https:\/\/mapasocialmt.org.br\/site\/","name":"Mapa Social MT","description":"","publisher":{"@id":"https:\/\/mapasocialmt.org.br\/site\/#organization"},"potentialAction":[{"@type":"SearchAction","target":{"@type":"EntryPoint","urlTemplate":"https:\/\/mapasocialmt.org.br\/site\/?s={search_term_string}"},"query-input":{"@type":"PropertyValueSpecification","valueRequired":true,"valueName":"search_term_string"}}],"inLanguage":"pt-BR"},{"@type":"Organization","@id":"https:\/\/mapasocialmt.org.br\/site\/#organization","name":"Mapa Social MT","url":"https:\/\/mapasocialmt.org.br\/site\/","logo":{"@type":"ImageObject","inLanguage":"pt-BR","@id":"https:\/\/mapasocialmt.org.br\/site\/#\/schema\/logo\/image\/","url":"https:\/\/mapasocialmt.org.br\/site\/wp-content\/uploads\/2025\/10\/MapaSocial.jpg","contentUrl":"https:\/\/mapasocialmt.org.br\/site\/wp-content\/uploads\/2025\/10\/MapaSocial.jpg","width":512,"height":512,"caption":"Mapa Social MT"},"image":{"@id":"https:\/\/mapasocialmt.org.br\/site\/#\/schema\/logo\/image\/"}}]}},"_links":{"self":[{"href":"https:\/\/mapasocialmt.org.br\/site\/wp-json\/wp\/v2\/pages\/856","targetHints":{"allow":["GET"]}}],"collection":[{"href":"https:\/\/mapasocialmt.org.br\/site\/wp-json\/wp\/v2\/pages"}],"about":[{"href":"https:\/\/mapasocialmt.org.br\/site\/wp-json\/wp\/v2\/types\/page"}],"author":[{"embeddable":true,"href":"https:\/\/mapasocialmt.org.br\/site\/wp-json\/wp\/v2\/users\/1"}],"replies":[{"embeddable":true,"href":"https:\/\/mapasocialmt.org.br\/site\/wp-json\/wp\/v2\/comments?post=856"}],"version-history":[{"count":16,"href":"https:\/\/mapasocialmt.org.br\/site\/wp-json\/wp\/v2\/pages\/856\/revisions"}],"predecessor-version":[{"id":1341,"href":"https:\/\/mapasocialmt.org.br\/site\/wp-json\/wp\/v2\/pages\/856\/revisions\/1341"}],"wp:attachment":[{"href":"https:\/\/mapasocialmt.org.br\/site\/wp-json\/wp\/v2\/media?parent=856"}],"curies":[{"name":"wp","href":"https:\/\/api.w.org\/{rel}","templated":true}]}}