{"id":847,"date":"2025-10-07T17:24:51","date_gmt":"2025-10-07T20:24:51","guid":{"rendered":"https:\/\/mapasocialmt.org.br\/site\/?page_id=847"},"modified":"2025-11-14T09:16:09","modified_gmt":"2025-11-14T12:16:09","slug":"povos-extrativistas","status":"publish","type":"page","link":"https:\/\/mapasocialmt.org.br\/site\/povos-extrativistas\/","title":{"rendered":"Povos Extrativistas &#8211; Mapa Social MT"},"content":{"rendered":"\t\t<div data-elementor-type=\"wp-page\" data-elementor-id=\"847\" class=\"elementor elementor-847\" data-elementor-post-type=\"page\">\n\t\t\t\t<div class=\"elementor-element elementor-element-8acf18f e-flex e-con-boxed e-con e-parent\" data-id=\"8acf18f\" data-element_type=\"container\" data-e-type=\"container\">\n\t\t\t\t\t<div class=\"e-con-inner\">\n\t\t<div class=\"elementor-element elementor-element-6588ac2 e-con-full e-flex e-con e-child\" data-id=\"6588ac2\" data-element_type=\"container\" data-e-type=\"container\">\n\t\t\t\t<div class=\"elementor-element elementor-element-d0125c7 elementor-icon-list--layout-traditional elementor-list-item-link-full_width elementor-widget elementor-widget-icon-list\" data-id=\"d0125c7\" data-element_type=\"widget\" data-e-type=\"widget\" data-widget_type=\"icon-list.default\">\n\t\t\t\t\t\t\t<ul class=\"elementor-icon-list-items\">\n\t\t\t\t\t\t\t<li class=\"elementor-icon-list-item\">\n\t\t\t\t\t\t\t\t\t\t\t<span class=\"elementor-icon-list-icon\">\n\t\t\t\t\t\t\t<svg xmlns=\"http:\/\/www.w3.org\/2000\/svg\" width=\"120\" height=\"120\" viewBox=\"0 0 120 120\" fill=\"none\"><g clip-path=\"url(#clip0_269_2271)\"><path d=\"M0.0839844 9.63611C0.0839844 4.31423 4.39822 0 9.72009 0H110.364C115.686 0 120 4.31423 120 9.63611V110.28C120 115.602 115.686 119.916 110.364 119.916H9.72009C4.39822 119.916 0.0839844 115.602 0.0839844 110.28V9.63611Z\" fill=\"#85BD32\"><\/path><path d=\"M60.5777 84.5834C61.6484 84.5834 62.1838 85.1188 63.6367 85.1538V100.455C63.6367 100.455 62.719 100.644 62.1837 100.644C61.113 100.644 61.3892 100.644 60.5778 100.644C59.7665 100.644 59.507 100.644 58.9716 100.644C57.9009 100.644 57.5186 100.455 57.5186 100.455V85.154C58.9717 85.1188 59.5071 84.5834 60.5777 84.5834C60.5674 85.7784 60.5746 84.943 60.5777 84.5834ZM87.383 35.4835C85.1665 30.204 81.4402 25.6966 76.6717 22.5269C71.9032 19.3571 66.3048 17.6661 60.5789 17.666C54.853 17.6659 49.2546 19.3568 44.486 22.5264C39.7174 25.6961 35.991 30.2033 33.7743 35.4828C29.011 37.6877 24.9743 41.2038 22.1366 45.6195C19.2988 50.0352 17.7775 55.1678 17.7506 60.4166C17.7103 75.2598 29.7423 87.641 44.5728 88.0159C49.0572 88.1361 53.5026 87.1534 57.5186 85.154V71.5611L40.8552 63.2292C40.7702 63.1699 40.2346 62.6345 40.2346 62.6345C40.2346 62.6345 41.4825 61.3869 41.8409 61.0285C42.3761 60.4932 42.0725 59.6858 42.3762 59.4225C42.6799 59.1592 42.6291 59.1696 42.9115 58.8871C42.9115 58.8871 43.1921 58.6067 43.4469 58.3518C43.7017 58.0969 43.5912 57.7571 43.5912 57.7571L57.5186 64.7207V45.1978H60.5776H63.6367V55.5434L77.5641 48.5799C77.7085 48.7157 77.7085 48.7157 77.7085 48.7157L78.2438 49.251L78.7792 49.7864L79.8499 50.8571L80.3852 51.3924L80.9205 51.9277L81.9912 52.9984C81.9912 52.9984 80.3852 54.0691 80.3001 54.052L63.6367 62.3838V85.1538C67.437 87.0476 71.6259 88.0305 75.8719 88.0249C76.1086 88.0249 76.3458 88.0219 76.5833 88.0159C91.4137 87.6407 103.446 75.2591 103.405 60.4151C103.378 55.1669 101.856 50.0349 99.019 45.6197C96.1816 41.2045 92.1456 37.6886 87.383 35.4835Z\" fill=\"white\"><\/path><rect x=\"39.708\" y=\"53.5342\" width=\"6.42407\" height=\"9.63611\" transform=\"rotate(26.4451 39.708 53.5342)\" fill=\"white\"><\/rect><\/g><defs><clipPath id=\"clip0_269_2271\"><rect width=\"120\" height=\"120\" fill=\"white\"><\/rect><\/clipPath><\/defs><\/svg>\t\t\t\t\t\t<\/span>\n\t\t\t\t\t\t\t\t\t\t<span class=\"elementor-icon-list-text\">Povos Extrativistas<\/span>\n\t\t\t\t\t\t\t\t\t<\/li>\n\t\t\t\t\t\t<\/ul>\n\t\t\t\t\t\t<\/div>\n\t\t\t\t<div class=\"elementor-element elementor-element-f278b68 elementor-widget-divider--view-line elementor-widget elementor-widget-divider\" data-id=\"f278b68\" data-element_type=\"widget\" data-e-type=\"widget\" data-widget_type=\"divider.default\">\n\t\t\t\t\t\t\t<div class=\"elementor-divider\">\n\t\t\t<span class=\"elementor-divider-separator\">\n\t\t\t\t\t\t<\/span>\n\t\t<\/div>\n\t\t\t\t\t\t<\/div>\n\t\t\t\t<div class=\"elementor-element elementor-element-3985903 elementor-widget elementor-widget-text-editor\" data-id=\"3985903\" data-element_type=\"widget\" data-e-type=\"widget\" data-widget_type=\"text-editor.default\">\n\t\t\t\t\t\t\t\t\t<p>As atividades extrativistas s\u00e3o pr\u00e1ticas de muitos povos em MT e est\u00e3o espalhados por todo o territ\u00f3rio. Os produtos coletados s\u00e3o frutos, ra\u00edzes, plantas medicinais, madeiras, resinas, \u00f3leos, l\u00e1tex, tintura, entre outros. Estes s\u00e3o utilizados com diversas finalidades, entre elas: alimentares, medicinais e\/ou como mat\u00e9ria-prima para confec\u00e7\u00e3o de bens e de servi\u00e7os (MACHADO, 2008). Os povos extrativistas podem ser desmembrados por meio de diversas identidades, relatamos abaixo delas, evidenciadas pelas narrativas nos semin\u00e1rios de mapeamentos:<\/p><p>Os <strong>ra\u00edzeiros<\/strong> s\u00e3o extrativistas que coletam plantas medicinais e comercializam em pequena escada nos centros urbanos. Tem na transforma\u00e7\u00e3o da paisagem uma amea\u00e7a para a continuidade de suas pr\u00e1ticas;<\/p><p>Os <strong>fruteiros<\/strong> coletam, principalmente, frutos do Cerrado. Foram relatados nas Comunidades de Ribeir\u00e3o do Costa, S\u00edtio Concei\u00e7\u00e3o na zona rural de Chapada dos Guimar\u00e3es.<\/p><p>Os <strong>poaieiros<\/strong> s\u00e3o coletores de poaia (Psychotria ipecacuanha), uma esp\u00e9cie medicinal rasteira e de sombra de mata densa. Sua coleta \u00e9 uma atividade hist\u00f3rica em MT, com a utiliza\u00e7\u00e3o descrita deste o s\u00e9culo XVIII. Seus coletores s\u00e3o denominados poaierios. A quase extin\u00e7\u00e3o da atividade deu-se pela diminui\u00e7\u00e3o da demanda e pela destrui\u00e7\u00e3o da esp\u00e9cie em decorr\u00eancia dos desmatamentos. Sua coleta deu origem ao munic\u00edpio de Barra do Bugres.<\/p><p>Os extrativistas de castanha do Brasil t\u00eam foco na regi\u00e3o norte do Estado em \u00e1reas de floresta amaz\u00f4nica. A coleta de castanha do Brasil (Bertholletia excelsa) \u00e9 feita entre os meses de novembro a mar\u00e7o, este per\u00edodo \u00e9 chamado pelos seus coletores de f\u00e1brico da castanha. H\u00e1 um vasto programa denominado de Programa Integrado da Castanha (PIC) apoiado pelo Programa das Na\u00e7\u00f5es Unidas para o Desenvolvimento (PNUD \u2013Brasil) e pela SEMA-MT que busca alternativas de renda sustent\u00e1veis para os povos da floresta, inclusive em \u00e1reas ind\u00edgenas dos povos ind\u00edgenas Rikbaktsa, Arara do Rio Branco e Zor\u00f3.<\/p><p>Os extrativistas de \u00f3leo de Copa\u00edba, geralmente \u00e9 uma atividade masculina que\u00a0 ocorre nas regi\u00f5es amaz\u00f4nicas do Estado. O \u00f3leo de copa\u00edba (Copaifera sp) \u00e9 utilizado no tratamento de enfermidades como: gripes, ferimentos, picadas de cobra; \u00e9 usado tamb\u00e9m como combust\u00edvel para lamparina e pequenos candeeiros.<\/p><p>Os extrativistas de l\u00e1tex de mangaba s\u00e3o encontrados nas regi\u00f5es pantaneiras, em munic\u00edpios como Bar\u00e3o do Melga\u00e7o, C\u00e1ceres e Pocon\u00e9. Com o l\u00e1tex produz-se capas de chuva, chamadas poncho, para uso dos cavaleiros nos banhados do Pantanal.<\/p><p>\u00a0<\/p>\t\t\t\t\t\t\t\t<\/div>\n\t\t\t\t<\/div>\n\t\t<div class=\"elementor-element elementor-element-c3a1994 e-con-full e-flex e-con e-child\" data-id=\"c3a1994\" data-element_type=\"container\" data-e-type=\"container\">\n\t\t\t\t<div class=\"elementor-element elementor-element-05506c4 elementor-widget elementor-widget-image\" data-id=\"05506c4\" data-element_type=\"widget\" data-e-type=\"widget\" data-widget_type=\"image.default\">\n\t\t\t\t\t\t\t\t\t\t\t\t\t\t\t\t<a href=\"https:\/\/mapasocialmt.org.br\/mapa\/#grupo=extrativistas\" target=\"_blank\">\n\t\t\t\t\t\t\t<img fetchpriority=\"high\" decoding=\"async\" width=\"765\" height=\"824\" src=\"https:\/\/mapasocialmt.org.br\/site\/wp-content\/uploads\/2025\/10\/Povos-extrativistas.jpg\" class=\"attachment-full size-full wp-image-852\" alt=\"\" srcset=\"https:\/\/mapasocialmt.org.br\/site\/wp-content\/uploads\/2025\/10\/Povos-extrativistas.jpg 765w, https:\/\/mapasocialmt.org.br\/site\/wp-content\/uploads\/2025\/10\/Povos-extrativistas-279x300.jpg 279w\" sizes=\"(max-width: 765px) 100vw, 765px\" \/>\t\t\t\t\t\t\t\t<\/a>\n\t\t\t\t\t\t\t\t\t\t\t\t\t\t\t<\/div>\n\t\t\t\t<div class=\"elementor-element elementor-element-dfff9e3 elementor-widget elementor-widget-button\" data-id=\"dfff9e3\" data-element_type=\"widget\" data-e-type=\"widget\" data-widget_type=\"button.default\">\n\t\t\t\t\t\t\t\t\t\t<a class=\"elementor-button elementor-button-link elementor-size-sm\" href=\"https:\/\/mapasocialmt.org.br\/mapa\/#grupo=extrativistas\" target=\"_blank\">\n\t\t\t\t\t\t<span class=\"elementor-button-content-wrapper\">\n\t\t\t\t\t\t\t\t\t<span class=\"elementor-button-text\">Mapa completo<\/span>\n\t\t\t\t\t<\/span>\n\t\t\t\t\t<\/a>\n\t\t\t\t\t\t\t\t<\/div>\n\t\t\t\t<div class=\"elementor-element elementor-element-40ea253 elementor-widget elementor-widget-text-editor\" data-id=\"40ea253\" data-element_type=\"widget\" data-e-type=\"widget\" data-widget_type=\"text-editor.default\">\n\t\t\t\t\t\t\t\t\t<p>Refer\u00eancia: SILVA, Regina Aparecida da. Do invis\u00edvel ao vis\u00edvel: o mapeamento dos grupos sociais do estado de Mato Grosso &#8211; Brasil. S\u00e3o Carlos: UFscar, 2011.<br \/><br \/><\/p>\t\t\t\t\t\t\t\t<\/div>\n\t\t\t\t<\/div>\n\t\t\t\t\t<\/div>\n\t\t\t\t<\/div>\n\t\t\t\t<\/div>\n\t\t","protected":false},"excerpt":{"rendered":"<p>Povos Extrativistas As atividades extrativistas s\u00e3o pr\u00e1ticas de muitos povos em MT e est\u00e3o espalhados por todo o territ\u00f3rio. Os produtos coletados s\u00e3o frutos, ra\u00edzes, plantas medicinais, madeiras, resinas, \u00f3leos, l\u00e1tex, tintura, entre outros. Estes s\u00e3o utilizados com diversas finalidades, entre elas: alimentares, medicinais e\/ou como mat\u00e9ria-prima para confec\u00e7\u00e3o de bens e de servi\u00e7os (MACHADO, [&hellip;]<\/p>\n","protected":false},"author":1,"featured_media":0,"parent":0,"menu_order":0,"comment_status":"closed","ping_status":"closed","template":"elementor_header_footer","meta":{"footnotes":""},"class_list":["post-847","page","type-page","status-publish","hentry"],"yoast_head":"<!-- This site is optimized with the Yoast SEO plugin v27.5 - https:\/\/yoast.com\/product\/yoast-seo-wordpress\/ -->\n<title>Povos Extrativistas - Mapa Social MT<\/title>\n<meta name=\"robots\" content=\"index, follow, max-snippet:-1, max-image-preview:large, max-video-preview:-1\" \/>\n<link rel=\"canonical\" href=\"https:\/\/mapasocialmt.org.br\/site\/povos-extrativistas\/\" \/>\n<meta property=\"og:locale\" content=\"pt_BR\" \/>\n<meta property=\"og:type\" content=\"article\" \/>\n<meta property=\"og:title\" content=\"Povos Extrativistas - Mapa Social MT\" \/>\n<meta property=\"og:description\" content=\"Povos Extrativistas As atividades extrativistas s\u00e3o pr\u00e1ticas de muitos povos em MT e est\u00e3o espalhados por todo o territ\u00f3rio. Os produtos coletados s\u00e3o frutos, ra\u00edzes, plantas medicinais, madeiras, resinas, \u00f3leos, l\u00e1tex, tintura, entre outros. Estes s\u00e3o utilizados com diversas finalidades, entre elas: alimentares, medicinais e\/ou como mat\u00e9ria-prima para confec\u00e7\u00e3o de bens e de servi\u00e7os (MACHADO, [&hellip;]\" \/>\n<meta property=\"og:url\" content=\"https:\/\/mapasocialmt.org.br\/site\/povos-extrativistas\/\" \/>\n<meta property=\"og:site_name\" content=\"Mapa Social MT\" \/>\n<meta property=\"article:modified_time\" content=\"2025-11-14T12:16:09+00:00\" \/>\n<meta property=\"og:image\" content=\"https:\/\/mapasocialmt.org.br\/site\/wp-content\/uploads\/2025\/10\/Povos-extrativistas.jpg\" \/>\n<meta name=\"twitter:card\" content=\"summary_large_image\" \/>\n<meta name=\"twitter:label1\" content=\"Est. tempo de leitura\" \/>\n\t<meta name=\"twitter:data1\" content=\"3 minutos\" \/>\n<script type=\"application\/ld+json\" class=\"yoast-schema-graph\">{\"@context\":\"https:\\\/\\\/schema.org\",\"@graph\":[{\"@type\":\"WebPage\",\"@id\":\"https:\\\/\\\/mapasocialmt.org.br\\\/site\\\/povos-extrativistas\\\/\",\"url\":\"https:\\\/\\\/mapasocialmt.org.br\\\/site\\\/povos-extrativistas\\\/\",\"name\":\"Povos Extrativistas - Mapa Social MT\",\"isPartOf\":{\"@id\":\"https:\\\/\\\/mapasocialmt.org.br\\\/site\\\/#website\"},\"primaryImageOfPage\":{\"@id\":\"https:\\\/\\\/mapasocialmt.org.br\\\/site\\\/povos-extrativistas\\\/#primaryimage\"},\"image\":{\"@id\":\"https:\\\/\\\/mapasocialmt.org.br\\\/site\\\/povos-extrativistas\\\/#primaryimage\"},\"thumbnailUrl\":\"https:\\\/\\\/mapasocialmt.org.br\\\/site\\\/wp-content\\\/uploads\\\/2025\\\/10\\\/Povos-extrativistas.jpg\",\"datePublished\":\"2025-10-07T20:24:51+00:00\",\"dateModified\":\"2025-11-14T12:16:09+00:00\",\"breadcrumb\":{\"@id\":\"https:\\\/\\\/mapasocialmt.org.br\\\/site\\\/povos-extrativistas\\\/#breadcrumb\"},\"inLanguage\":\"pt-BR\",\"potentialAction\":[{\"@type\":\"ReadAction\",\"target\":[\"https:\\\/\\\/mapasocialmt.org.br\\\/site\\\/povos-extrativistas\\\/\"]}]},{\"@type\":\"ImageObject\",\"inLanguage\":\"pt-BR\",\"@id\":\"https:\\\/\\\/mapasocialmt.org.br\\\/site\\\/povos-extrativistas\\\/#primaryimage\",\"url\":\"https:\\\/\\\/mapasocialmt.org.br\\\/site\\\/wp-content\\\/uploads\\\/2025\\\/10\\\/Povos-extrativistas.jpg\",\"contentUrl\":\"https:\\\/\\\/mapasocialmt.org.br\\\/site\\\/wp-content\\\/uploads\\\/2025\\\/10\\\/Povos-extrativistas.jpg\",\"width\":765,\"height\":824},{\"@type\":\"BreadcrumbList\",\"@id\":\"https:\\\/\\\/mapasocialmt.org.br\\\/site\\\/povos-extrativistas\\\/#breadcrumb\",\"itemListElement\":[{\"@type\":\"ListItem\",\"position\":1,\"name\":\"In\u00edcio\",\"item\":\"https:\\\/\\\/mapasocialmt.org.br\\\/site\\\/\"},{\"@type\":\"ListItem\",\"position\":2,\"name\":\"Povos Extrativistas &#8211; Mapa Social MT\"}]},{\"@type\":\"WebSite\",\"@id\":\"https:\\\/\\\/mapasocialmt.org.br\\\/site\\\/#website\",\"url\":\"https:\\\/\\\/mapasocialmt.org.br\\\/site\\\/\",\"name\":\"Mapa Social MT\",\"description\":\"\",\"publisher\":{\"@id\":\"https:\\\/\\\/mapasocialmt.org.br\\\/site\\\/#organization\"},\"potentialAction\":[{\"@type\":\"SearchAction\",\"target\":{\"@type\":\"EntryPoint\",\"urlTemplate\":\"https:\\\/\\\/mapasocialmt.org.br\\\/site\\\/?s={search_term_string}\"},\"query-input\":{\"@type\":\"PropertyValueSpecification\",\"valueRequired\":true,\"valueName\":\"search_term_string\"}}],\"inLanguage\":\"pt-BR\"},{\"@type\":\"Organization\",\"@id\":\"https:\\\/\\\/mapasocialmt.org.br\\\/site\\\/#organization\",\"name\":\"Mapa Social MT\",\"url\":\"https:\\\/\\\/mapasocialmt.org.br\\\/site\\\/\",\"logo\":{\"@type\":\"ImageObject\",\"inLanguage\":\"pt-BR\",\"@id\":\"https:\\\/\\\/mapasocialmt.org.br\\\/site\\\/#\\\/schema\\\/logo\\\/image\\\/\",\"url\":\"https:\\\/\\\/mapasocialmt.org.br\\\/site\\\/wp-content\\\/uploads\\\/2025\\\/10\\\/MapaSocial.jpg\",\"contentUrl\":\"https:\\\/\\\/mapasocialmt.org.br\\\/site\\\/wp-content\\\/uploads\\\/2025\\\/10\\\/MapaSocial.jpg\",\"width\":512,\"height\":512,\"caption\":\"Mapa Social MT\"},\"image\":{\"@id\":\"https:\\\/\\\/mapasocialmt.org.br\\\/site\\\/#\\\/schema\\\/logo\\\/image\\\/\"}}]}<\/script>\n<!-- \/ Yoast SEO plugin. -->","yoast_head_json":{"title":"Povos Extrativistas - Mapa Social MT","robots":{"index":"index","follow":"follow","max-snippet":"max-snippet:-1","max-image-preview":"max-image-preview:large","max-video-preview":"max-video-preview:-1"},"canonical":"https:\/\/mapasocialmt.org.br\/site\/povos-extrativistas\/","og_locale":"pt_BR","og_type":"article","og_title":"Povos Extrativistas - Mapa Social MT","og_description":"Povos Extrativistas As atividades extrativistas s\u00e3o pr\u00e1ticas de muitos povos em MT e est\u00e3o espalhados por todo o territ\u00f3rio. Os produtos coletados s\u00e3o frutos, ra\u00edzes, plantas medicinais, madeiras, resinas, \u00f3leos, l\u00e1tex, tintura, entre outros. Estes s\u00e3o utilizados com diversas finalidades, entre elas: alimentares, medicinais e\/ou como mat\u00e9ria-prima para confec\u00e7\u00e3o de bens e de servi\u00e7os (MACHADO, [&hellip;]","og_url":"https:\/\/mapasocialmt.org.br\/site\/povos-extrativistas\/","og_site_name":"Mapa Social MT","article_modified_time":"2025-11-14T12:16:09+00:00","og_image":[{"url":"https:\/\/mapasocialmt.org.br\/site\/wp-content\/uploads\/2025\/10\/Povos-extrativistas.jpg","type":"","width":"","height":""}],"twitter_card":"summary_large_image","twitter_misc":{"Est. tempo de leitura":"3 minutos"},"schema":{"@context":"https:\/\/schema.org","@graph":[{"@type":"WebPage","@id":"https:\/\/mapasocialmt.org.br\/site\/povos-extrativistas\/","url":"https:\/\/mapasocialmt.org.br\/site\/povos-extrativistas\/","name":"Povos Extrativistas - Mapa Social MT","isPartOf":{"@id":"https:\/\/mapasocialmt.org.br\/site\/#website"},"primaryImageOfPage":{"@id":"https:\/\/mapasocialmt.org.br\/site\/povos-extrativistas\/#primaryimage"},"image":{"@id":"https:\/\/mapasocialmt.org.br\/site\/povos-extrativistas\/#primaryimage"},"thumbnailUrl":"https:\/\/mapasocialmt.org.br\/site\/wp-content\/uploads\/2025\/10\/Povos-extrativistas.jpg","datePublished":"2025-10-07T20:24:51+00:00","dateModified":"2025-11-14T12:16:09+00:00","breadcrumb":{"@id":"https:\/\/mapasocialmt.org.br\/site\/povos-extrativistas\/#breadcrumb"},"inLanguage":"pt-BR","potentialAction":[{"@type":"ReadAction","target":["https:\/\/mapasocialmt.org.br\/site\/povos-extrativistas\/"]}]},{"@type":"ImageObject","inLanguage":"pt-BR","@id":"https:\/\/mapasocialmt.org.br\/site\/povos-extrativistas\/#primaryimage","url":"https:\/\/mapasocialmt.org.br\/site\/wp-content\/uploads\/2025\/10\/Povos-extrativistas.jpg","contentUrl":"https:\/\/mapasocialmt.org.br\/site\/wp-content\/uploads\/2025\/10\/Povos-extrativistas.jpg","width":765,"height":824},{"@type":"BreadcrumbList","@id":"https:\/\/mapasocialmt.org.br\/site\/povos-extrativistas\/#breadcrumb","itemListElement":[{"@type":"ListItem","position":1,"name":"In\u00edcio","item":"https:\/\/mapasocialmt.org.br\/site\/"},{"@type":"ListItem","position":2,"name":"Povos Extrativistas &#8211; Mapa Social MT"}]},{"@type":"WebSite","@id":"https:\/\/mapasocialmt.org.br\/site\/#website","url":"https:\/\/mapasocialmt.org.br\/site\/","name":"Mapa Social MT","description":"","publisher":{"@id":"https:\/\/mapasocialmt.org.br\/site\/#organization"},"potentialAction":[{"@type":"SearchAction","target":{"@type":"EntryPoint","urlTemplate":"https:\/\/mapasocialmt.org.br\/site\/?s={search_term_string}"},"query-input":{"@type":"PropertyValueSpecification","valueRequired":true,"valueName":"search_term_string"}}],"inLanguage":"pt-BR"},{"@type":"Organization","@id":"https:\/\/mapasocialmt.org.br\/site\/#organization","name":"Mapa Social MT","url":"https:\/\/mapasocialmt.org.br\/site\/","logo":{"@type":"ImageObject","inLanguage":"pt-BR","@id":"https:\/\/mapasocialmt.org.br\/site\/#\/schema\/logo\/image\/","url":"https:\/\/mapasocialmt.org.br\/site\/wp-content\/uploads\/2025\/10\/MapaSocial.jpg","contentUrl":"https:\/\/mapasocialmt.org.br\/site\/wp-content\/uploads\/2025\/10\/MapaSocial.jpg","width":512,"height":512,"caption":"Mapa Social MT"},"image":{"@id":"https:\/\/mapasocialmt.org.br\/site\/#\/schema\/logo\/image\/"}}]}},"_links":{"self":[{"href":"https:\/\/mapasocialmt.org.br\/site\/wp-json\/wp\/v2\/pages\/847","targetHints":{"allow":["GET"]}}],"collection":[{"href":"https:\/\/mapasocialmt.org.br\/site\/wp-json\/wp\/v2\/pages"}],"about":[{"href":"https:\/\/mapasocialmt.org.br\/site\/wp-json\/wp\/v2\/types\/page"}],"author":[{"embeddable":true,"href":"https:\/\/mapasocialmt.org.br\/site\/wp-json\/wp\/v2\/users\/1"}],"replies":[{"embeddable":true,"href":"https:\/\/mapasocialmt.org.br\/site\/wp-json\/wp\/v2\/comments?post=847"}],"version-history":[{"count":13,"href":"https:\/\/mapasocialmt.org.br\/site\/wp-json\/wp\/v2\/pages\/847\/revisions"}],"predecessor-version":[{"id":1335,"href":"https:\/\/mapasocialmt.org.br\/site\/wp-json\/wp\/v2\/pages\/847\/revisions\/1335"}],"wp:attachment":[{"href":"https:\/\/mapasocialmt.org.br\/site\/wp-json\/wp\/v2\/media?parent=847"}],"curies":[{"name":"wp","href":"https:\/\/api.w.org\/{rel}","templated":true}]}}