{"id":828,"date":"2025-10-07T17:16:43","date_gmt":"2025-10-07T20:16:43","guid":{"rendered":"https:\/\/mapasocialmt.org.br\/site\/?page_id=828"},"modified":"2025-11-18T18:02:18","modified_gmt":"2025-11-18T21:02:18","slug":"povos-ribeirinhos","status":"publish","type":"page","link":"https:\/\/mapasocialmt.org.br\/site\/povos-ribeirinhos\/","title":{"rendered":"Povos Ribeirinhos &#8211; Mapa Social MT"},"content":{"rendered":"\t\t<div data-elementor-type=\"wp-page\" data-elementor-id=\"828\" class=\"elementor elementor-828\" data-elementor-post-type=\"page\">\n\t\t\t\t<div class=\"elementor-element elementor-element-87e7514 e-flex e-con-boxed e-con e-parent\" data-id=\"87e7514\" data-element_type=\"container\" data-e-type=\"container\">\n\t\t\t\t\t<div class=\"e-con-inner\">\n\t\t<div class=\"elementor-element elementor-element-9cd84d0 e-con-full e-flex e-con e-child\" data-id=\"9cd84d0\" data-element_type=\"container\" data-e-type=\"container\">\n\t\t\t\t<div class=\"elementor-element elementor-element-d4fcad9 elementor-icon-list--layout-traditional elementor-list-item-link-full_width elementor-widget elementor-widget-icon-list\" data-id=\"d4fcad9\" data-element_type=\"widget\" data-e-type=\"widget\" data-widget_type=\"icon-list.default\">\n\t\t\t\t\t\t\t<ul class=\"elementor-icon-list-items\">\n\t\t\t\t\t\t\t<li class=\"elementor-icon-list-item\">\n\t\t\t\t\t\t\t\t\t\t\t<span class=\"elementor-icon-list-icon\">\n\t\t\t\t\t\t\t<svg xmlns=\"http:\/\/www.w3.org\/2000\/svg\" width=\"120\" height=\"120\" viewBox=\"0 0 120 120\" fill=\"none\"><g clip-path=\"url(#clip0_269_2282)\"><rect y=\"-0.0839844\" width=\"120\" height=\"120\" rx=\"9.64286\" fill=\"#01B4D5\"><\/rect><path d=\"M57.7209 37.8519C58.0445 37.9868 65.8797 39.5594 75.5361 39.5594C85.1926 39.5594 93.0278 37.9868 93.3514 37.8518C93.9134 37.6164 94.2861 37.0169 94.2861 36.3451C94.2861 35.6734 93.9134 35.0739 93.3514 34.8384C93.0278 34.7035 85.1926 33.1309 75.5361 33.1309C65.8797 33.1309 58.0445 34.7035 57.7209 34.8385C57.1588 35.0739 56.7861 35.6734 56.7861 36.3451C56.7861 37.0169 57.1588 37.6164 57.7209 37.8519Z\" fill=\"white\"><\/path><path d=\"M85.7146 30.9872C85.2221 27.4211 82.1952 24.5586 78.5078 24.5586H72.6616C68.9743 24.5586 65.8499 27.4209 65.3574 30.9872C68.32 30.7211 71.901 30.5223 75.5847 30.5223C79.2686 30.5223 82.7524 30.7211 85.7146 30.9872Z\" fill=\"white\"><\/path><path d=\"M75.5982 48.7189C79.9028 48.7189 83.3923 45.2294 83.3923 40.9249C83.3923 36.6204 79.9028 33.1309 75.5982 33.1309C71.2937 33.1309 67.8042 36.6204 67.8042 40.9249C67.8042 45.2294 71.2937 48.7189 75.5982 48.7189Z\" fill=\"white\"><\/path><path d=\"M27.217 73.2115C27.3144 73.231 27.4118 73.27 27.5093 73.2895C29.0291 73.7182 30.1397 74.0299 32.7118 74.0299C34.5044 74.0299 35.615 73.874 36.6088 73.6402V62.3389H24.9177C24.2358 62.3389 23.6122 62.6896 23.2615 63.2547C22.9108 63.8197 22.8718 64.5407 23.1836 65.1447L27.1975 73.1921L27.217 73.2115Z\" fill=\"white\"><\/path><path d=\"M48.319 72.1586C51.3002 72.3145 53.1513 72.8406 54.7686 73.3082C56.23 73.7369 57.3991 74.0681 59.9906 74.0681C62.5821 74.0681 63.7317 73.7369 65.2126 73.3277C67.1806 72.7626 69.4019 72.1196 73.6301 72.1196C77.8584 72.1196 80.0992 72.7626 82.0672 73.3277C83.5286 73.7564 84.6977 74.0681 87.2892 74.0681C89.8807 74.0681 91.0498 73.7369 92.5112 73.3277C92.6086 73.3082 92.7255 73.2693 92.8229 73.2498L96.8369 65.2219C97.1486 64.6179 97.1097 63.8969 96.7589 63.3319C96.4082 62.7668 95.7847 62.4161 95.1027 62.4161H87.3087V60.4676C87.3087 56.3952 85.2238 52.8099 82.0672 50.725C80.2161 51.9526 77.9948 52.6735 75.6176 52.6735C73.2404 52.6735 71.0191 51.9526 69.1681 50.725C67.2001 52.0305 65.6607 53.9206 64.7644 56.1419C59.3865 47.9387 50.5598 42.1126 43.2139 39.1899C42.6294 38.956 41.9279 39.0145 41.4018 39.3847C40.8757 39.7549 40.5445 40.359 40.5445 41.002L40.6419 84.1614C38.2452 84.9603 36.6475 87.1816 36.6475 89.7147C36.6475 92.9297 39.2779 95.5602 42.493 95.5602C45.708 95.5602 48.3385 92.9297 48.3385 89.7147C48.3385 88.643 47.4617 87.7662 46.39 87.7662C45.3183 87.7662 44.4415 88.643 44.4415 89.7147C44.4415 90.7863 43.5647 91.6632 42.493 91.6632C41.4213 91.6632 40.5445 90.7863 40.5445 89.7147C40.5445 88.8768 41.0706 88.1364 41.8695 87.8636C43.4088 87.357 44.4415 85.8566 44.4415 84.1614V43.9052C51.8069 47.432 60.0101 53.7647 63.7512 62.3576H48.3385V72.1586H48.319Z\" fill=\"white\"><\/path><path d=\"M100.928 75.998C97.2458 75.998 95.3752 76.5241 93.5826 77.0502C91.9653 77.5179 90.426 77.9466 87.2694 77.9466C84.1128 77.9466 82.6125 77.5179 80.9757 77.0502C79.1636 76.5436 77.3125 75.998 73.6299 75.998C69.9472 75.998 68.0766 76.5241 66.284 77.0502C64.6667 77.5179 63.1274 77.9466 59.9903 77.9466C56.8532 77.9466 55.3334 77.5179 53.7161 77.0502C52.7808 76.7775 51.8261 76.5047 50.5595 76.3098C49.4879 76.1344 48.4941 76.8749 48.3187 77.9271C48.1434 78.9987 48.8643 79.9925 49.936 80.1679C50.9687 80.3237 51.7676 80.5576 52.6444 80.8109C54.3591 81.298 56.3076 81.8436 59.9708 81.8436C63.634 81.8436 65.5241 81.3175 67.3167 80.7914C68.934 80.3237 70.4733 79.8951 73.6104 79.8951C76.7475 79.8951 78.2673 80.3237 79.9041 80.7914C81.7162 81.298 83.5673 81.8436 87.2499 81.8436C90.9326 81.8436 92.8227 81.3175 94.6348 80.7914C96.252 80.3237 97.7914 79.8951 100.909 79.8951C101.981 79.8951 102.857 79.0182 102.857 77.9466C102.857 76.8749 101.981 75.998 100.909 75.998H100.928Z\" fill=\"white\"><\/path><path d=\"M34.5428 77.8881C33.9972 77.9271 33.3931 77.9466 32.7306 77.9466C29.5935 77.9466 28.0737 77.5179 26.437 77.0502C24.6248 76.5436 22.7738 75.998 19.0911 75.998C18.0194 75.998 17.1426 76.8749 17.1426 77.9466C17.1426 79.0182 18.0194 79.8951 19.0911 79.8951C22.2282 79.8951 23.748 80.3237 25.3848 80.7914C27.1969 81.298 29.048 81.8436 32.7306 81.8436C33.4906 81.8436 34.192 81.8241 34.8155 81.7851C35.8872 81.7072 36.7056 80.7914 36.6277 79.7197C36.5497 78.648 35.6339 77.8102 34.5622 77.9076L34.5428 77.8881Z\" fill=\"white\"><\/path><\/g><defs><clipPath id=\"clip0_269_2282\"><rect width=\"120\" height=\"120\" fill=\"white\"><\/rect><\/clipPath><\/defs><\/svg>\t\t\t\t\t\t<\/span>\n\t\t\t\t\t\t\t\t\t\t<span class=\"elementor-icon-list-text\">Povos Ribeirinhos<\/span>\n\t\t\t\t\t\t\t\t\t<\/li>\n\t\t\t\t\t\t<\/ul>\n\t\t\t\t\t\t<\/div>\n\t\t\t\t<div class=\"elementor-element elementor-element-33bcccf elementor-widget-divider--view-line elementor-widget elementor-widget-divider\" data-id=\"33bcccf\" data-element_type=\"widget\" data-e-type=\"widget\" data-widget_type=\"divider.default\">\n\t\t\t\t\t\t\t<div class=\"elementor-divider\">\n\t\t\t<span class=\"elementor-divider-separator\">\n\t\t\t\t\t\t<\/span>\n\t\t<\/div>\n\t\t\t\t\t\t<\/div>\n\t\t\t\t<div class=\"elementor-element elementor-element-d5038e6 elementor-widget elementor-widget-text-editor\" data-id=\"d5038e6\" data-element_type=\"widget\" data-e-type=\"widget\" data-widget_type=\"text-editor.default\">\n\t\t\t\t\t\t\t\t\t<p>A ocupa\u00e7\u00e3o dos territ\u00f3rios em MT ocorreu primeiramente pelos rios. As \u00e1guas dos rios eram os espa\u00e7os de circula\u00e7\u00e3o antes da abertura das estradas e, ao longo destes leitos, foram formando?se v\u00e1rias comunidades que deram origem aos centros urbanos. Nessas margens, tamb\u00e9m, estabeleceram?se os povos ribeirinhos.<\/p><p>Associado a pesca, em geral, este grupo desenvolve uma economia de subsist\u00eancia pelo cultivo de hortali\u00e7as, frutas, ra\u00edzes e gr\u00e3os. Alguns t\u00eam a economia complementada pelo extrativismo vegetal. O rio habita a identidade dessa gente que navega pelos caminhos das \u00e1guas nesta imensid\u00e3o do Estado, em particular, suas express\u00f5es de vida se organizam nas din\u00e2micas das cheias e das vazantes. Os ribeirinhos conhecem as artimanhas e os remansos dos rios, deslizam em suas corredeiras como os dias da pr\u00f3pria exist\u00eancia, rememoram em suas narrativas o tempo das fartas \u00e1guas e dos muitos peixes. Os povos ribeirinhos \u00e9, portanto, uma forte express\u00e3o identit\u00e1ria no Araguaia, nos igarap\u00e9s amaz\u00f4nicos, nos corixos pantaneiros e \u00e0s margens dos caudalosos rios do Cerrado mato?grossense.<\/p><p>Os ribeirinhos s\u00e3o uma popula\u00e7\u00e3o que vive \u00e0 beira dos rios, com maior identifica\u00e7\u00e3o com a \u00e1gua do que com a terra, a atividade \u00e9, predominantemente, pesqueira, apoiada pela agricultura de v\u00e1rzea e de terra firme.<\/p><p>Os principais conflitos socioambientais enfrentados por estes povos est\u00e3o relacionados ao acesso aos produtos pesqueiros, de forma peculiar, pela invas\u00e3o dos pescadores profissionais impulsionados pelo turismo da pesca. Relataram durante os semin\u00e1rios que lutam para manter a forma tradicional de viver que, atualmente, o leito do rio est\u00e1 mudando, pois h\u00e1 muita seca nas estiagens, assim como, h\u00e1 falta de peixes nos rios, devido \u00e0 sobrepesca.<\/p><p><strong>Os Fronteiri\u00e7os e Beiradeiros<\/strong><\/p><p>H\u00e1 alguns assentados que vivem de agricultura de subsist\u00eancia pr\u00f3ximos a fronteira com a Bol\u00edvia, estes se autoidentificam como fronteiri\u00e7os. H\u00e1 outro grupo que tamb\u00e9m tem sua identidade ligada \u00e0s beiras do rio Roosevelt e rio Guariba, no extremo noroeste do Estado, no munic\u00edpio de Colniza, s\u00e3o conhecidos na regi\u00e3o como beiradeiros.<\/p>\t\t\t\t\t\t\t\t<\/div>\n\t\t\t\t<\/div>\n\t\t<div class=\"elementor-element elementor-element-a7376a8 e-con-full e-flex e-con e-child\" data-id=\"a7376a8\" data-element_type=\"container\" data-e-type=\"container\">\n\t\t\t\t<div class=\"elementor-element elementor-element-5bdc825 elementor-widget elementor-widget-image\" data-id=\"5bdc825\" data-element_type=\"widget\" data-e-type=\"widget\" data-widget_type=\"image.default\">\n\t\t\t\t\t\t\t\t\t\t\t\t\t\t\t\t<a href=\"https:\/\/mapasocialmt.org.br\/mapa\/#grupo=ribeirinhos\" target=\"_blank\">\n\t\t\t\t\t\t\t<img fetchpriority=\"high\" decoding=\"async\" width=\"885\" height=\"806\" src=\"https:\/\/mapasocialmt.org.br\/site\/wp-content\/uploads\/2025\/10\/Povos-Ribeirinhos.jpg\" class=\"attachment-full size-full wp-image-837\" alt=\"\" srcset=\"https:\/\/mapasocialmt.org.br\/site\/wp-content\/uploads\/2025\/10\/Povos-Ribeirinhos.jpg 885w, https:\/\/mapasocialmt.org.br\/site\/wp-content\/uploads\/2025\/10\/Povos-Ribeirinhos-300x273.jpg 300w, https:\/\/mapasocialmt.org.br\/site\/wp-content\/uploads\/2025\/10\/Povos-Ribeirinhos-768x699.jpg 768w\" sizes=\"(max-width: 885px) 100vw, 885px\" \/>\t\t\t\t\t\t\t\t<\/a>\n\t\t\t\t\t\t\t\t\t\t\t\t\t\t\t<\/div>\n\t\t\t\t<div class=\"elementor-element elementor-element-816b6ef elementor-widget elementor-widget-button\" data-id=\"816b6ef\" data-element_type=\"widget\" data-e-type=\"widget\" data-widget_type=\"button.default\">\n\t\t\t\t\t\t\t\t\t\t<a class=\"elementor-button elementor-button-link elementor-size-sm\" href=\"https:\/\/mapasocialmt.org.br\/site\/mapa\/#grupo=ribeirinhos\" target=\"_blank\">\n\t\t\t\t\t\t<span class=\"elementor-button-content-wrapper\">\n\t\t\t\t\t\t\t\t\t<span class=\"elementor-button-text\">Mapa completo<\/span>\n\t\t\t\t\t<\/span>\n\t\t\t\t\t<\/a>\n\t\t\t\t\t\t\t\t<\/div>\n\t\t\t\t<div class=\"elementor-element elementor-element-52417f1 elementor-widget elementor-widget-text-editor\" data-id=\"52417f1\" data-element_type=\"widget\" data-e-type=\"widget\" data-widget_type=\"text-editor.default\">\n\t\t\t\t\t\t\t\t\t<p>Refer\u00eancia: SILVA, Regina Aparecida da. Do invis\u00edvel ao vis\u00edvel: o mapeamento dos grupos sociais do estado de Mato Grosso &#8211; Brasil. S\u00e3o Carlos: UFscar, 2011.<br \/><br \/><\/p>\t\t\t\t\t\t\t\t<\/div>\n\t\t\t\t<\/div>\n\t\t\t\t\t<\/div>\n\t\t\t\t<\/div>\n\t\t\t\t<\/div>\n\t\t","protected":false},"excerpt":{"rendered":"<p>Povos Ribeirinhos A ocupa\u00e7\u00e3o dos territ\u00f3rios em MT ocorreu primeiramente pelos rios. As \u00e1guas dos rios eram os espa\u00e7os de circula\u00e7\u00e3o antes da abertura das estradas e, ao longo destes leitos, foram formando?se v\u00e1rias comunidades que deram origem aos centros urbanos. Nessas margens, tamb\u00e9m, estabeleceram?se os povos ribeirinhos. Associado a pesca, em geral, este grupo [&hellip;]<\/p>\n","protected":false},"author":1,"featured_media":0,"parent":0,"menu_order":0,"comment_status":"closed","ping_status":"closed","template":"elementor_header_footer","meta":{"footnotes":""},"class_list":["post-828","page","type-page","status-publish","hentry"],"yoast_head":"<!-- This site is optimized with the Yoast SEO plugin v27.5 - https:\/\/yoast.com\/product\/yoast-seo-wordpress\/ -->\n<title>Povos Ribeirinhos - Mapa Social MT<\/title>\n<meta name=\"robots\" content=\"index, follow, max-snippet:-1, max-image-preview:large, max-video-preview:-1\" \/>\n<link rel=\"canonical\" href=\"https:\/\/mapasocialmt.org.br\/site\/povos-ribeirinhos\/\" \/>\n<meta property=\"og:locale\" content=\"pt_BR\" \/>\n<meta property=\"og:type\" content=\"article\" \/>\n<meta property=\"og:title\" content=\"Povos Ribeirinhos - Mapa Social MT\" \/>\n<meta property=\"og:description\" content=\"Povos Ribeirinhos A ocupa\u00e7\u00e3o dos territ\u00f3rios em MT ocorreu primeiramente pelos rios. As \u00e1guas dos rios eram os espa\u00e7os de circula\u00e7\u00e3o antes da abertura das estradas e, ao longo destes leitos, foram formando?se v\u00e1rias comunidades que deram origem aos centros urbanos. Nessas margens, tamb\u00e9m, estabeleceram?se os povos ribeirinhos. Associado a pesca, em geral, este grupo [&hellip;]\" \/>\n<meta property=\"og:url\" content=\"https:\/\/mapasocialmt.org.br\/site\/povos-ribeirinhos\/\" \/>\n<meta property=\"og:site_name\" content=\"Mapa Social MT\" \/>\n<meta property=\"article:modified_time\" content=\"2025-11-18T21:02:18+00:00\" \/>\n<meta property=\"og:image\" content=\"https:\/\/mapasocialmt.org.br\/site\/wp-content\/uploads\/2025\/10\/Povos-Ribeirinhos.jpg\" \/>\n<meta name=\"twitter:card\" content=\"summary_large_image\" \/>\n<meta name=\"twitter:label1\" content=\"Est. tempo de leitura\" \/>\n\t<meta name=\"twitter:data1\" content=\"3 minutos\" \/>\n<script type=\"application\/ld+json\" class=\"yoast-schema-graph\">{\"@context\":\"https:\\\/\\\/schema.org\",\"@graph\":[{\"@type\":\"WebPage\",\"@id\":\"https:\\\/\\\/mapasocialmt.org.br\\\/site\\\/povos-ribeirinhos\\\/\",\"url\":\"https:\\\/\\\/mapasocialmt.org.br\\\/site\\\/povos-ribeirinhos\\\/\",\"name\":\"Povos Ribeirinhos - Mapa Social MT\",\"isPartOf\":{\"@id\":\"https:\\\/\\\/mapasocialmt.org.br\\\/site\\\/#website\"},\"primaryImageOfPage\":{\"@id\":\"https:\\\/\\\/mapasocialmt.org.br\\\/site\\\/povos-ribeirinhos\\\/#primaryimage\"},\"image\":{\"@id\":\"https:\\\/\\\/mapasocialmt.org.br\\\/site\\\/povos-ribeirinhos\\\/#primaryimage\"},\"thumbnailUrl\":\"https:\\\/\\\/mapasocialmt.org.br\\\/site\\\/wp-content\\\/uploads\\\/2025\\\/10\\\/Povos-Ribeirinhos.jpg\",\"datePublished\":\"2025-10-07T20:16:43+00:00\",\"dateModified\":\"2025-11-18T21:02:18+00:00\",\"breadcrumb\":{\"@id\":\"https:\\\/\\\/mapasocialmt.org.br\\\/site\\\/povos-ribeirinhos\\\/#breadcrumb\"},\"inLanguage\":\"pt-BR\",\"potentialAction\":[{\"@type\":\"ReadAction\",\"target\":[\"https:\\\/\\\/mapasocialmt.org.br\\\/site\\\/povos-ribeirinhos\\\/\"]}]},{\"@type\":\"ImageObject\",\"inLanguage\":\"pt-BR\",\"@id\":\"https:\\\/\\\/mapasocialmt.org.br\\\/site\\\/povos-ribeirinhos\\\/#primaryimage\",\"url\":\"https:\\\/\\\/mapasocialmt.org.br\\\/site\\\/wp-content\\\/uploads\\\/2025\\\/10\\\/Povos-Ribeirinhos.jpg\",\"contentUrl\":\"https:\\\/\\\/mapasocialmt.org.br\\\/site\\\/wp-content\\\/uploads\\\/2025\\\/10\\\/Povos-Ribeirinhos.jpg\",\"width\":885,\"height\":806},{\"@type\":\"BreadcrumbList\",\"@id\":\"https:\\\/\\\/mapasocialmt.org.br\\\/site\\\/povos-ribeirinhos\\\/#breadcrumb\",\"itemListElement\":[{\"@type\":\"ListItem\",\"position\":1,\"name\":\"In\u00edcio\",\"item\":\"https:\\\/\\\/mapasocialmt.org.br\\\/site\\\/\"},{\"@type\":\"ListItem\",\"position\":2,\"name\":\"Povos Ribeirinhos &#8211; Mapa Social MT\"}]},{\"@type\":\"WebSite\",\"@id\":\"https:\\\/\\\/mapasocialmt.org.br\\\/site\\\/#website\",\"url\":\"https:\\\/\\\/mapasocialmt.org.br\\\/site\\\/\",\"name\":\"Mapa Social MT\",\"description\":\"\",\"publisher\":{\"@id\":\"https:\\\/\\\/mapasocialmt.org.br\\\/site\\\/#organization\"},\"potentialAction\":[{\"@type\":\"SearchAction\",\"target\":{\"@type\":\"EntryPoint\",\"urlTemplate\":\"https:\\\/\\\/mapasocialmt.org.br\\\/site\\\/?s={search_term_string}\"},\"query-input\":{\"@type\":\"PropertyValueSpecification\",\"valueRequired\":true,\"valueName\":\"search_term_string\"}}],\"inLanguage\":\"pt-BR\"},{\"@type\":\"Organization\",\"@id\":\"https:\\\/\\\/mapasocialmt.org.br\\\/site\\\/#organization\",\"name\":\"Mapa Social MT\",\"url\":\"https:\\\/\\\/mapasocialmt.org.br\\\/site\\\/\",\"logo\":{\"@type\":\"ImageObject\",\"inLanguage\":\"pt-BR\",\"@id\":\"https:\\\/\\\/mapasocialmt.org.br\\\/site\\\/#\\\/schema\\\/logo\\\/image\\\/\",\"url\":\"https:\\\/\\\/mapasocialmt.org.br\\\/site\\\/wp-content\\\/uploads\\\/2025\\\/10\\\/MapaSocial.jpg\",\"contentUrl\":\"https:\\\/\\\/mapasocialmt.org.br\\\/site\\\/wp-content\\\/uploads\\\/2025\\\/10\\\/MapaSocial.jpg\",\"width\":512,\"height\":512,\"caption\":\"Mapa Social MT\"},\"image\":{\"@id\":\"https:\\\/\\\/mapasocialmt.org.br\\\/site\\\/#\\\/schema\\\/logo\\\/image\\\/\"}}]}<\/script>\n<!-- \/ Yoast SEO plugin. -->","yoast_head_json":{"title":"Povos Ribeirinhos - Mapa Social MT","robots":{"index":"index","follow":"follow","max-snippet":"max-snippet:-1","max-image-preview":"max-image-preview:large","max-video-preview":"max-video-preview:-1"},"canonical":"https:\/\/mapasocialmt.org.br\/site\/povos-ribeirinhos\/","og_locale":"pt_BR","og_type":"article","og_title":"Povos Ribeirinhos - Mapa Social MT","og_description":"Povos Ribeirinhos A ocupa\u00e7\u00e3o dos territ\u00f3rios em MT ocorreu primeiramente pelos rios. As \u00e1guas dos rios eram os espa\u00e7os de circula\u00e7\u00e3o antes da abertura das estradas e, ao longo destes leitos, foram formando?se v\u00e1rias comunidades que deram origem aos centros urbanos. Nessas margens, tamb\u00e9m, estabeleceram?se os povos ribeirinhos. Associado a pesca, em geral, este grupo [&hellip;]","og_url":"https:\/\/mapasocialmt.org.br\/site\/povos-ribeirinhos\/","og_site_name":"Mapa Social MT","article_modified_time":"2025-11-18T21:02:18+00:00","og_image":[{"url":"https:\/\/mapasocialmt.org.br\/site\/wp-content\/uploads\/2025\/10\/Povos-Ribeirinhos.jpg","type":"","width":"","height":""}],"twitter_card":"summary_large_image","twitter_misc":{"Est. tempo de leitura":"3 minutos"},"schema":{"@context":"https:\/\/schema.org","@graph":[{"@type":"WebPage","@id":"https:\/\/mapasocialmt.org.br\/site\/povos-ribeirinhos\/","url":"https:\/\/mapasocialmt.org.br\/site\/povos-ribeirinhos\/","name":"Povos Ribeirinhos - Mapa Social MT","isPartOf":{"@id":"https:\/\/mapasocialmt.org.br\/site\/#website"},"primaryImageOfPage":{"@id":"https:\/\/mapasocialmt.org.br\/site\/povos-ribeirinhos\/#primaryimage"},"image":{"@id":"https:\/\/mapasocialmt.org.br\/site\/povos-ribeirinhos\/#primaryimage"},"thumbnailUrl":"https:\/\/mapasocialmt.org.br\/site\/wp-content\/uploads\/2025\/10\/Povos-Ribeirinhos.jpg","datePublished":"2025-10-07T20:16:43+00:00","dateModified":"2025-11-18T21:02:18+00:00","breadcrumb":{"@id":"https:\/\/mapasocialmt.org.br\/site\/povos-ribeirinhos\/#breadcrumb"},"inLanguage":"pt-BR","potentialAction":[{"@type":"ReadAction","target":["https:\/\/mapasocialmt.org.br\/site\/povos-ribeirinhos\/"]}]},{"@type":"ImageObject","inLanguage":"pt-BR","@id":"https:\/\/mapasocialmt.org.br\/site\/povos-ribeirinhos\/#primaryimage","url":"https:\/\/mapasocialmt.org.br\/site\/wp-content\/uploads\/2025\/10\/Povos-Ribeirinhos.jpg","contentUrl":"https:\/\/mapasocialmt.org.br\/site\/wp-content\/uploads\/2025\/10\/Povos-Ribeirinhos.jpg","width":885,"height":806},{"@type":"BreadcrumbList","@id":"https:\/\/mapasocialmt.org.br\/site\/povos-ribeirinhos\/#breadcrumb","itemListElement":[{"@type":"ListItem","position":1,"name":"In\u00edcio","item":"https:\/\/mapasocialmt.org.br\/site\/"},{"@type":"ListItem","position":2,"name":"Povos Ribeirinhos &#8211; Mapa Social MT"}]},{"@type":"WebSite","@id":"https:\/\/mapasocialmt.org.br\/site\/#website","url":"https:\/\/mapasocialmt.org.br\/site\/","name":"Mapa Social MT","description":"","publisher":{"@id":"https:\/\/mapasocialmt.org.br\/site\/#organization"},"potentialAction":[{"@type":"SearchAction","target":{"@type":"EntryPoint","urlTemplate":"https:\/\/mapasocialmt.org.br\/site\/?s={search_term_string}"},"query-input":{"@type":"PropertyValueSpecification","valueRequired":true,"valueName":"search_term_string"}}],"inLanguage":"pt-BR"},{"@type":"Organization","@id":"https:\/\/mapasocialmt.org.br\/site\/#organization","name":"Mapa Social MT","url":"https:\/\/mapasocialmt.org.br\/site\/","logo":{"@type":"ImageObject","inLanguage":"pt-BR","@id":"https:\/\/mapasocialmt.org.br\/site\/#\/schema\/logo\/image\/","url":"https:\/\/mapasocialmt.org.br\/site\/wp-content\/uploads\/2025\/10\/MapaSocial.jpg","contentUrl":"https:\/\/mapasocialmt.org.br\/site\/wp-content\/uploads\/2025\/10\/MapaSocial.jpg","width":512,"height":512,"caption":"Mapa Social MT"},"image":{"@id":"https:\/\/mapasocialmt.org.br\/site\/#\/schema\/logo\/image\/"}}]}},"_links":{"self":[{"href":"https:\/\/mapasocialmt.org.br\/site\/wp-json\/wp\/v2\/pages\/828","targetHints":{"allow":["GET"]}}],"collection":[{"href":"https:\/\/mapasocialmt.org.br\/site\/wp-json\/wp\/v2\/pages"}],"about":[{"href":"https:\/\/mapasocialmt.org.br\/site\/wp-json\/wp\/v2\/types\/page"}],"author":[{"embeddable":true,"href":"https:\/\/mapasocialmt.org.br\/site\/wp-json\/wp\/v2\/users\/1"}],"replies":[{"embeddable":true,"href":"https:\/\/mapasocialmt.org.br\/site\/wp-json\/wp\/v2\/comments?post=828"}],"version-history":[{"count":13,"href":"https:\/\/mapasocialmt.org.br\/site\/wp-json\/wp\/v2\/pages\/828\/revisions"}],"predecessor-version":[{"id":1350,"href":"https:\/\/mapasocialmt.org.br\/site\/wp-json\/wp\/v2\/pages\/828\/revisions\/1350"}],"wp:attachment":[{"href":"https:\/\/mapasocialmt.org.br\/site\/wp-json\/wp\/v2\/media?parent=828"}],"curies":[{"name":"wp","href":"https:\/\/api.w.org\/{rel}","templated":true}]}}