{"id":819,"date":"2025-10-07T17:10:13","date_gmt":"2025-10-07T20:10:13","guid":{"rendered":"https:\/\/mapasocialmt.org.br\/site\/?page_id=819"},"modified":"2025-11-14T09:09:32","modified_gmt":"2025-11-14T12:09:32","slug":"artesaos","status":"publish","type":"page","link":"https:\/\/mapasocialmt.org.br\/site\/artesaos\/","title":{"rendered":"Artes\u00e3os &#8211; Mapa Social MT"},"content":{"rendered":"\t\t<div data-elementor-type=\"wp-page\" data-elementor-id=\"819\" class=\"elementor elementor-819\" data-elementor-post-type=\"page\">\n\t\t\t\t<div class=\"elementor-element elementor-element-864c316 e-flex e-con-boxed e-con e-parent\" data-id=\"864c316\" data-element_type=\"container\" data-e-type=\"container\">\n\t\t\t\t\t<div class=\"e-con-inner\">\n\t\t<div class=\"elementor-element elementor-element-19969b7 e-con-full e-flex e-con e-child\" data-id=\"19969b7\" data-element_type=\"container\" data-e-type=\"container\">\n\t\t\t\t<div class=\"elementor-element elementor-element-7c2c4bc elementor-icon-list--layout-traditional elementor-list-item-link-full_width elementor-widget elementor-widget-icon-list\" data-id=\"7c2c4bc\" data-element_type=\"widget\" data-e-type=\"widget\" data-widget_type=\"icon-list.default\">\n\t\t\t\t\t\t\t<ul class=\"elementor-icon-list-items\">\n\t\t\t\t\t\t\t<li class=\"elementor-icon-list-item\">\n\t\t\t\t\t\t\t\t\t\t\t<span class=\"elementor-icon-list-icon\">\n\t\t\t\t\t\t\t<svg xmlns=\"http:\/\/www.w3.org\/2000\/svg\" width=\"120\" height=\"120\" viewBox=\"0 0 120 120\" fill=\"none\"><g clip-path=\"url(#clip0_269_2278)\"><rect y=\"-0.0839844\" width=\"120\" height=\"120\" rx=\"9.64286\" fill=\"#F59E32\"><\/rect><path d=\"M50.6137 31.1135H69.7068C70.2495 29.5178 71.5783 28.6715 74.1941 27.0705L75.2757 26.4058C76.1251 25.8772 76.5083 24.8855 76.2152 23.9661C75.9222 23.0466 75.0232 22.416 74.0047 22.416H46.3157C45.2973 22.416 44.3981 23.0467 44.1052 23.9661C43.8124 24.8854 44.1954 25.8772 45.0448 26.4058L46.1264 27.0705C48.7424 28.6715 50.071 29.5177 50.6137 31.1135Z\" fill=\"white\"><\/path><path d=\"M75.8464 80.522L83.8232 75.5654L90.8899 80.1483C87.8165 89.0283 75.6475 96.3444 75.6475 96.3444H43.9905C43.9455 96.3174 31.8461 89.0299 28.7602 80.181L35.8742 75.5654L43.8521 80.522L51.8507 75.552L59.8493 80.522L67.8479 75.552L75.8464 80.522Z\" fill=\"white\"><\/path><path d=\"M69.3124 34.8408C69.3124 47.8869 77.9044 49.751 83.8838 55.342C89.5371 60.6281 92.4359 67.6082 91.6555 76.2024L83.8669 71.1511L75.8464 76.1332L67.8479 71.1644L59.8493 76.1332L51.8507 71.1644L43.8521 76.1332L35.8317 71.1511L27.986 76.2388C27.1941 67.628 30.093 60.6356 35.7541 55.342C41.7335 49.7509 50.3255 47.8869 50.3255 34.8408H69.3124Z\" fill=\"white\"><\/path><\/g><defs><clipPath id=\"clip0_269_2278\"><rect width=\"120\" height=\"120\" fill=\"white\"><\/rect><\/clipPath><\/defs><\/svg>\t\t\t\t\t\t<\/span>\n\t\t\t\t\t\t\t\t\t\t<span class=\"elementor-icon-list-text\">Artes\u00e3os<\/span>\n\t\t\t\t\t\t\t\t\t<\/li>\n\t\t\t\t\t\t<\/ul>\n\t\t\t\t\t\t<\/div>\n\t\t\t\t<div class=\"elementor-element elementor-element-abc16f9 elementor-widget-divider--view-line elementor-widget elementor-widget-divider\" data-id=\"abc16f9\" data-element_type=\"widget\" data-e-type=\"widget\" data-widget_type=\"divider.default\">\n\t\t\t\t\t\t\t<div class=\"elementor-divider\">\n\t\t\t<span class=\"elementor-divider-separator\">\n\t\t\t\t\t\t<\/span>\n\t\t<\/div>\n\t\t\t\t\t\t<\/div>\n\t\t\t\t<div class=\"elementor-element elementor-element-ea82207 elementor-widget elementor-widget-text-editor\" data-id=\"ea82207\" data-element_type=\"widget\" data-e-type=\"widget\" data-widget_type=\"text-editor.default\">\n\t\t\t\t\t\t\t\t\t<p>Os artes\u00e3os s\u00e3o homens e mulheres que est\u00e3o presentes em todo o territ\u00f3rio matogrossense. Seus artesanatos, muitas vezes, s\u00e3o importantes refer\u00eancias culturais locais. Produzem artefatos de forma artesanal, tendo como base as mais variadas mat\u00e9rias primas.<\/p><p>Os <strong>canoeiros<\/strong> vivem \u00e0s margens dos rios, principalmente pantaneiros, fabricam canoas e tem profundo conhecimento etnomatem\u00e1tico para esta constru\u00e7\u00e3o. S\u00e3o ribeirinhos, e se autodenominam como canoeiros.<\/p><p>Os <strong>artes\u00e3os de entalhes em madeira<\/strong> produzem gamelas, colheres de pau, pil\u00f5es, canoas, cochos. A produ\u00e7\u00e3o de teares, prensas, engenhos, carretas, carros de boi e violas de cocho s\u00e3o montados sem pregos, utilizando encaixes.<\/p><p>Os <strong>artes\u00e3os de tran\u00e7ados<\/strong> utilizam taquaras, cip\u00f3s, palhas, fibras, etc. Na baixada cuiabana s\u00e3o produzidos os jac\u00e1s, cestos para acondicionar peixes vivos submersos no rio. V\u00e1rias etnias ind\u00edgenas produzem seus tran\u00e7ados com folhas, palmas, cip\u00f3s, talas e fibras resultando em redes, cestos, abanos, baquit\u00e9s e m\u00e1scaras que s\u00e3o utilizadas em suas atividades cotidianas, em seus rituais e ritos de passagem. Os desmatamentos v\u00eam tornando rara a mat\u00e9ria prima destes tran\u00e7ados e comprometendo a continuidade das atividades.<\/p><p>Os <strong>artes\u00e3os de couro e chifres<\/strong> utilizam o couro \u00e9 usado na confec\u00e7\u00e3o de arreios,<\/p><p>la\u00e7os e tran\u00e7ados. Com os chifres s\u00e3o feitos berrantes para atrair o gado e guampas, uma esp\u00e9cie de copo. \u00c9 uma atividade geralmente masculina.<\/p><p>Os <strong>artes\u00e3os de tecelagem<\/strong> fazem as redes para dormir, os \u201ccochonilhos\u201d para<\/p><p>colocar como forros de arreios, faixas para cintura, etc. Em geral s\u00e3o atividades femininas e s\u00e3o produzidas com o algod\u00e3o. S\u00e3o encontradas geralmente nas depress\u00f5es dos rios Cuiab\u00e1 e Paraguai. As redeiras s\u00e3o forte express\u00e3o da comunidade de Limpo Grande, em V\u00e1rzea Grande. H\u00e1 tamb\u00e9m as redes confeccionadas pelos povos ind\u00edgenas feitas de tran\u00e7ados de fibra de buriti e algod\u00e3o nativo.<\/p><p>Os artes\u00e3os de argila, chamados de <strong>oleiros<\/strong> \u00e9 uma atividade masculina que produzem com argila artesanalmente tijolos e telhas. Outra atividade relacionada com a argila \u00e9 a express\u00e3o identit\u00e1ria dos <strong>ceramistas<\/strong>, realizam atividades com argila e moldam as pe\u00e7as \u00e0 m\u00e3o, fun\u00e7\u00e3o realizada, geralmente, por toda a fam\u00edlia. Produzem potes de \u00e1gua, panelas, jarras, moringas, pratos, travessas, etc. Foram citadas as comunidades Cai\u00e7ara e Caramujo, em C\u00e1ceres. As bonecas de cer\u00e2mica do povo ind\u00edgena Karaj\u00e1, na regi\u00e3o Araguaia. As bonecas produzidas em Vila Bela da Sant\u00edssima Trindade.<\/p><p>Os artefatos produzidos pelos Waur\u00e1, etnia do no Alto Xingu. E, S\u00e3o Gon\u00e7alo, uma pequena comunidade com mais de 300 anos localizada a beira do rio Cuiab\u00e1 na capital do Estado.<\/p><p>Como uma identidade ligada aos povos ribeirinhos, mas que expressam uma maior express\u00e3o identit\u00e1ria com o trabalho, podemos citar: Os <strong>pescadores profissionais\/artesanais <\/strong>que, geralmente, se organizam em associa\u00e7\u00f5es e col\u00f4nias e possuem variadas identidades, h\u00e1 uma expressiva organiza\u00e7\u00e3o que fortalece a luta deste grupo, o Movimento dos Pescadores e das Pescadoras Artesanais \u2013 MPP. De acordo com SILVA; SILVA, 1995, as col\u00f4nias dos pescadores profissionais em MT, dividem-se em:<\/p><p>Quadro de Col\u00f4nias dos pescadores profissionais em Mato Grosso<\/p>\t\t\t\t\t\t\t\t<\/div>\n\t\t\t\t<div class=\"elementor-element elementor-element-1d8af1a elementor-widget elementor-widget-html\" data-id=\"1d8af1a\" data-element_type=\"widget\" data-e-type=\"widget\" data-widget_type=\"html.default\">\n\t\t\t\t\t<div class=\"ms-table\">\r\n  <table>\r\n    <thead>\r\n      <tr>\r\n        <th>Col\u00f4nia<\/th>\r\n        <th>Munic\u00edpio<\/th>\r\n        <th>Col\u00f4nia<\/th>\r\n        <th>Munic\u00edpio<\/th>\r\n      <\/tr>\r\n    <\/thead>\r\n    <tbody>\r\n      <tr>\r\n        <td>Z-1<\/td>\r\n        <td>Cuiab\u00e1*<\/td>\r\n        <td>Z-8<\/td>\r\n        <td>Santo Ant\u00f4nio do Leverger<\/td>\r\n      <\/tr>\r\n      <tr>\r\n        <td>Z-2<\/td>\r\n        <td>C\u00e1ceres<\/td>\r\n        <td>Z-9<\/td>\r\n        <td>Barra do Gar\u00e7as<\/td>\r\n      <\/tr>\r\n      <tr>\r\n        <td>Z-3<\/td>\r\n        <td>Rondon\u00f3polis<\/td>\r\n        <td>Z-10<\/td>\r\n        <td>Barra do Bugres<\/td>\r\n      <\/tr>\r\n      <tr>\r\n        <td>Z-4<\/td>\r\n        <td>Nobres<\/td>\r\n        <td>Z-11<\/td>\r\n        <td>Pocon\u00e9<\/td>\r\n      <\/tr>\r\n      <tr>\r\n        <td>Z-5<\/td>\r\n        <td>Bar\u00e3o de Melga\u00e7o<\/td>\r\n        <td>Z-13<\/td>\r\n        <td>Ros\u00e1rio Oeste<\/td>\r\n      <\/tr>\r\n      <tr>\r\n        <td>Z-6<\/td>\r\n        <td>Luciara**<\/td>\r\n        <td>Z-14<\/td>\r\n        <td>V\u00e1rzea Grande<\/td>\r\n      <\/tr>\r\n      <tr>\r\n        <td>Z-7<\/td>\r\n        <td>S\u00e3o Felix do Araguaia<\/td>\r\n        <td colspan=\"2\"><\/td>\r\n      <\/tr>\r\n    <\/tbody>\r\n  <\/table>\r\n\r\n  <div class=\"ms-caption\">Fonte: Mapa Social MT<\/div>\r\n<\/div>\r\n\t\t\t\t<\/div>\n\t\t\t\t<div class=\"elementor-element elementor-element-945554b elementor-widget elementor-widget-text-editor\" data-id=\"945554b\" data-element_type=\"widget\" data-e-type=\"widget\" data-widget_type=\"text-editor.default\">\n\t\t\t\t\t\t\t\t\t<p>* A col\u00f4nia de pescadores Z- 1 (Cuiab\u00e1), dividiu fundando a col\u00f4nia Z-14 de V\u00e1rzea Grande; ** A col\u00f4nia de pescadores Z- 6 (Luciara), fundiu com a col\u00f4nia Z-7 de S\u00e3o Felix.<\/p><p>Os <strong>isqueiros<\/strong> s\u00e3o assim denominados, pois vendem as iscas para a pesca tur\u00edstica [minhoca e pequenos peixes], presentes em quase todo trecho pantaneiro, como atra\u00e7\u00e3o tur\u00edstica ou de pesca de finais de semana;<\/p><p>Os <strong>piloteiros<\/strong> s\u00e3o os residentes em comunidades ribeirinhas do Pantanal, que buscam reconstruir suas identidades nas transforma\u00e7\u00f5es socioambientais, articulando a sobreviv\u00eancia junto com as pousadas e servindo-se como guias tur\u00edsticos nos passeios de barco.<\/p><p>Os <strong>barqueiros<\/strong> s\u00e3o os povos encontrados em v\u00e1rias comunidades, se autodenominam como barqueiros, estes n\u00e3o constroem seus barcos ou canoas, apenas os dirigem para variadas fun\u00e7\u00f5es.<\/p>\t\t\t\t\t\t\t\t<\/div>\n\t\t\t\t<\/div>\n\t\t<div class=\"elementor-element elementor-element-564d962 e-con-full e-flex e-con e-child\" data-id=\"564d962\" data-element_type=\"container\" data-e-type=\"container\">\n\t\t\t\t<div class=\"elementor-element elementor-element-4eaf45e elementor-widget elementor-widget-image\" data-id=\"4eaf45e\" data-element_type=\"widget\" data-e-type=\"widget\" data-widget_type=\"image.default\">\n\t\t\t\t\t\t\t\t\t\t\t\t\t\t\t\t<a href=\"https:\/\/mapasocialmt.org.br\/mapa\/#grupo=artesaos\" target=\"_blank\">\n\t\t\t\t\t\t\t<img fetchpriority=\"high\" decoding=\"async\" width=\"922\" height=\"693\" src=\"https:\/\/mapasocialmt.org.br\/site\/wp-content\/uploads\/2025\/10\/Artesaos.jpg\" class=\"attachment-full size-full wp-image-821\" alt=\"\" srcset=\"https:\/\/mapasocialmt.org.br\/site\/wp-content\/uploads\/2025\/10\/Artesaos.jpg 922w, https:\/\/mapasocialmt.org.br\/site\/wp-content\/uploads\/2025\/10\/Artesaos-300x225.jpg 300w, https:\/\/mapasocialmt.org.br\/site\/wp-content\/uploads\/2025\/10\/Artesaos-768x577.jpg 768w\" sizes=\"(max-width: 922px) 100vw, 922px\" \/>\t\t\t\t\t\t\t\t<\/a>\n\t\t\t\t\t\t\t\t\t\t\t\t\t\t\t<\/div>\n\t\t\t\t<div class=\"elementor-element elementor-element-d914098 elementor-widget elementor-widget-button\" data-id=\"d914098\" data-element_type=\"widget\" data-e-type=\"widget\" data-widget_type=\"button.default\">\n\t\t\t\t\t\t\t\t\t\t<a class=\"elementor-button elementor-button-link elementor-size-sm\" href=\"https:\/\/mapasocialmt.org.br\/mapa\/#grupo=artesaos\" target=\"_blank\">\n\t\t\t\t\t\t<span class=\"elementor-button-content-wrapper\">\n\t\t\t\t\t\t\t\t\t<span class=\"elementor-button-text\">Mapa completo<\/span>\n\t\t\t\t\t<\/span>\n\t\t\t\t\t<\/a>\n\t\t\t\t\t\t\t\t<\/div>\n\t\t\t\t<div class=\"elementor-element elementor-element-a07e9e6 elementor-widget elementor-widget-text-editor\" data-id=\"a07e9e6\" data-element_type=\"widget\" data-e-type=\"widget\" data-widget_type=\"text-editor.default\">\n\t\t\t\t\t\t\t\t\t<p>Refer\u00eancia: SILVA, Regina Aparecida da. Do invis\u00edvel ao vis\u00edvel: o mapeamento dos grupos sociais do estado de Mato Grosso &#8211; Brasil. S\u00e3o Carlos: UFscar, 2011.<br \/><br \/><\/p>\t\t\t\t\t\t\t\t<\/div>\n\t\t\t\t<\/div>\n\t\t\t\t\t<\/div>\n\t\t\t\t<\/div>\n\t\t\t\t<\/div>\n\t\t","protected":false},"excerpt":{"rendered":"<p>Artes\u00e3os Os artes\u00e3os s\u00e3o homens e mulheres que est\u00e3o presentes em todo o territ\u00f3rio matogrossense. Seus artesanatos, muitas vezes, s\u00e3o importantes refer\u00eancias culturais locais. Produzem artefatos de forma artesanal, tendo como base as mais variadas mat\u00e9rias primas. Os canoeiros vivem \u00e0s margens dos rios, principalmente pantaneiros, fabricam canoas e tem profundo conhecimento etnomatem\u00e1tico para esta [&hellip;]<\/p>\n","protected":false},"author":1,"featured_media":0,"parent":0,"menu_order":0,"comment_status":"closed","ping_status":"closed","template":"elementor_header_footer","meta":{"footnotes":""},"class_list":["post-819","page","type-page","status-publish","hentry"],"yoast_head":"<!-- This site is optimized with the Yoast SEO plugin v27.5 - https:\/\/yoast.com\/product\/yoast-seo-wordpress\/ -->\n<title>Artes\u00e3os - Mapa Social MT<\/title>\n<meta name=\"robots\" content=\"noindex, follow\" \/>\n<meta property=\"og:locale\" content=\"pt_BR\" \/>\n<meta property=\"og:type\" content=\"article\" \/>\n<meta property=\"og:title\" content=\"Artes\u00e3os - Mapa Social MT\" \/>\n<meta property=\"og:description\" content=\"Artes\u00e3os Os artes\u00e3os s\u00e3o homens e mulheres que est\u00e3o presentes em todo o territ\u00f3rio matogrossense. Seus artesanatos, muitas vezes, s\u00e3o importantes refer\u00eancias culturais locais. Produzem artefatos de forma artesanal, tendo como base as mais variadas mat\u00e9rias primas. Os canoeiros vivem \u00e0s margens dos rios, principalmente pantaneiros, fabricam canoas e tem profundo conhecimento etnomatem\u00e1tico para esta [&hellip;]\" \/>\n<meta property=\"og:url\" content=\"https:\/\/mapasocialmt.org.br\/site\/artesaos\/\" \/>\n<meta property=\"og:site_name\" content=\"Mapa Social MT\" \/>\n<meta property=\"article:modified_time\" content=\"2025-11-14T12:09:32+00:00\" \/>\n<meta property=\"og:image\" content=\"https:\/\/mapasocialmt.org.br\/site\/wp-content\/uploads\/2025\/10\/Artesaos.jpg\" \/>\n<meta name=\"twitter:card\" content=\"summary_large_image\" \/>\n<meta name=\"twitter:label1\" content=\"Est. tempo de leitura\" \/>\n\t<meta name=\"twitter:data1\" content=\"4 minutos\" \/>\n<script type=\"application\/ld+json\" class=\"yoast-schema-graph\">{\"@context\":\"https:\\\/\\\/schema.org\",\"@graph\":[{\"@type\":\"WebPage\",\"@id\":\"https:\\\/\\\/mapasocialmt.org.br\\\/site\\\/artesaos\\\/\",\"url\":\"https:\\\/\\\/mapasocialmt.org.br\\\/site\\\/artesaos\\\/\",\"name\":\"Artes\u00e3os - Mapa Social MT\",\"isPartOf\":{\"@id\":\"https:\\\/\\\/mapasocialmt.org.br\\\/site\\\/#website\"},\"primaryImageOfPage\":{\"@id\":\"https:\\\/\\\/mapasocialmt.org.br\\\/site\\\/artesaos\\\/#primaryimage\"},\"image\":{\"@id\":\"https:\\\/\\\/mapasocialmt.org.br\\\/site\\\/artesaos\\\/#primaryimage\"},\"thumbnailUrl\":\"https:\\\/\\\/mapasocialmt.org.br\\\/site\\\/wp-content\\\/uploads\\\/2025\\\/10\\\/Artesaos.jpg\",\"datePublished\":\"2025-10-07T20:10:13+00:00\",\"dateModified\":\"2025-11-14T12:09:32+00:00\",\"breadcrumb\":{\"@id\":\"https:\\\/\\\/mapasocialmt.org.br\\\/site\\\/artesaos\\\/#breadcrumb\"},\"inLanguage\":\"pt-BR\",\"potentialAction\":[{\"@type\":\"ReadAction\",\"target\":[\"https:\\\/\\\/mapasocialmt.org.br\\\/site\\\/artesaos\\\/\"]}]},{\"@type\":\"ImageObject\",\"inLanguage\":\"pt-BR\",\"@id\":\"https:\\\/\\\/mapasocialmt.org.br\\\/site\\\/artesaos\\\/#primaryimage\",\"url\":\"https:\\\/\\\/mapasocialmt.org.br\\\/site\\\/wp-content\\\/uploads\\\/2025\\\/10\\\/Artesaos.jpg\",\"contentUrl\":\"https:\\\/\\\/mapasocialmt.org.br\\\/site\\\/wp-content\\\/uploads\\\/2025\\\/10\\\/Artesaos.jpg\",\"width\":922,\"height\":693},{\"@type\":\"BreadcrumbList\",\"@id\":\"https:\\\/\\\/mapasocialmt.org.br\\\/site\\\/artesaos\\\/#breadcrumb\",\"itemListElement\":[{\"@type\":\"ListItem\",\"position\":1,\"name\":\"In\u00edcio\",\"item\":\"https:\\\/\\\/mapasocialmt.org.br\\\/site\\\/\"},{\"@type\":\"ListItem\",\"position\":2,\"name\":\"Artes\u00e3os &#8211; Mapa Social MT\"}]},{\"@type\":\"WebSite\",\"@id\":\"https:\\\/\\\/mapasocialmt.org.br\\\/site\\\/#website\",\"url\":\"https:\\\/\\\/mapasocialmt.org.br\\\/site\\\/\",\"name\":\"Mapa Social MT\",\"description\":\"\",\"publisher\":{\"@id\":\"https:\\\/\\\/mapasocialmt.org.br\\\/site\\\/#organization\"},\"potentialAction\":[{\"@type\":\"SearchAction\",\"target\":{\"@type\":\"EntryPoint\",\"urlTemplate\":\"https:\\\/\\\/mapasocialmt.org.br\\\/site\\\/?s={search_term_string}\"},\"query-input\":{\"@type\":\"PropertyValueSpecification\",\"valueRequired\":true,\"valueName\":\"search_term_string\"}}],\"inLanguage\":\"pt-BR\"},{\"@type\":\"Organization\",\"@id\":\"https:\\\/\\\/mapasocialmt.org.br\\\/site\\\/#organization\",\"name\":\"Mapa Social MT\",\"url\":\"https:\\\/\\\/mapasocialmt.org.br\\\/site\\\/\",\"logo\":{\"@type\":\"ImageObject\",\"inLanguage\":\"pt-BR\",\"@id\":\"https:\\\/\\\/mapasocialmt.org.br\\\/site\\\/#\\\/schema\\\/logo\\\/image\\\/\",\"url\":\"https:\\\/\\\/mapasocialmt.org.br\\\/site\\\/wp-content\\\/uploads\\\/2025\\\/10\\\/MapaSocial.jpg\",\"contentUrl\":\"https:\\\/\\\/mapasocialmt.org.br\\\/site\\\/wp-content\\\/uploads\\\/2025\\\/10\\\/MapaSocial.jpg\",\"width\":512,\"height\":512,\"caption\":\"Mapa Social MT\"},\"image\":{\"@id\":\"https:\\\/\\\/mapasocialmt.org.br\\\/site\\\/#\\\/schema\\\/logo\\\/image\\\/\"}}]}<\/script>\n<!-- \/ Yoast SEO plugin. -->","yoast_head_json":{"title":"Artes\u00e3os - Mapa Social MT","robots":{"index":"noindex","follow":"follow"},"og_locale":"pt_BR","og_type":"article","og_title":"Artes\u00e3os - Mapa Social MT","og_description":"Artes\u00e3os Os artes\u00e3os s\u00e3o homens e mulheres que est\u00e3o presentes em todo o territ\u00f3rio matogrossense. Seus artesanatos, muitas vezes, s\u00e3o importantes refer\u00eancias culturais locais. Produzem artefatos de forma artesanal, tendo como base as mais variadas mat\u00e9rias primas. Os canoeiros vivem \u00e0s margens dos rios, principalmente pantaneiros, fabricam canoas e tem profundo conhecimento etnomatem\u00e1tico para esta [&hellip;]","og_url":"https:\/\/mapasocialmt.org.br\/site\/artesaos\/","og_site_name":"Mapa Social MT","article_modified_time":"2025-11-14T12:09:32+00:00","og_image":[{"url":"https:\/\/mapasocialmt.org.br\/site\/wp-content\/uploads\/2025\/10\/Artesaos.jpg","type":"","width":"","height":""}],"twitter_card":"summary_large_image","twitter_misc":{"Est. tempo de leitura":"4 minutos"},"schema":{"@context":"https:\/\/schema.org","@graph":[{"@type":"WebPage","@id":"https:\/\/mapasocialmt.org.br\/site\/artesaos\/","url":"https:\/\/mapasocialmt.org.br\/site\/artesaos\/","name":"Artes\u00e3os - Mapa Social MT","isPartOf":{"@id":"https:\/\/mapasocialmt.org.br\/site\/#website"},"primaryImageOfPage":{"@id":"https:\/\/mapasocialmt.org.br\/site\/artesaos\/#primaryimage"},"image":{"@id":"https:\/\/mapasocialmt.org.br\/site\/artesaos\/#primaryimage"},"thumbnailUrl":"https:\/\/mapasocialmt.org.br\/site\/wp-content\/uploads\/2025\/10\/Artesaos.jpg","datePublished":"2025-10-07T20:10:13+00:00","dateModified":"2025-11-14T12:09:32+00:00","breadcrumb":{"@id":"https:\/\/mapasocialmt.org.br\/site\/artesaos\/#breadcrumb"},"inLanguage":"pt-BR","potentialAction":[{"@type":"ReadAction","target":["https:\/\/mapasocialmt.org.br\/site\/artesaos\/"]}]},{"@type":"ImageObject","inLanguage":"pt-BR","@id":"https:\/\/mapasocialmt.org.br\/site\/artesaos\/#primaryimage","url":"https:\/\/mapasocialmt.org.br\/site\/wp-content\/uploads\/2025\/10\/Artesaos.jpg","contentUrl":"https:\/\/mapasocialmt.org.br\/site\/wp-content\/uploads\/2025\/10\/Artesaos.jpg","width":922,"height":693},{"@type":"BreadcrumbList","@id":"https:\/\/mapasocialmt.org.br\/site\/artesaos\/#breadcrumb","itemListElement":[{"@type":"ListItem","position":1,"name":"In\u00edcio","item":"https:\/\/mapasocialmt.org.br\/site\/"},{"@type":"ListItem","position":2,"name":"Artes\u00e3os &#8211; Mapa Social MT"}]},{"@type":"WebSite","@id":"https:\/\/mapasocialmt.org.br\/site\/#website","url":"https:\/\/mapasocialmt.org.br\/site\/","name":"Mapa Social MT","description":"","publisher":{"@id":"https:\/\/mapasocialmt.org.br\/site\/#organization"},"potentialAction":[{"@type":"SearchAction","target":{"@type":"EntryPoint","urlTemplate":"https:\/\/mapasocialmt.org.br\/site\/?s={search_term_string}"},"query-input":{"@type":"PropertyValueSpecification","valueRequired":true,"valueName":"search_term_string"}}],"inLanguage":"pt-BR"},{"@type":"Organization","@id":"https:\/\/mapasocialmt.org.br\/site\/#organization","name":"Mapa Social MT","url":"https:\/\/mapasocialmt.org.br\/site\/","logo":{"@type":"ImageObject","inLanguage":"pt-BR","@id":"https:\/\/mapasocialmt.org.br\/site\/#\/schema\/logo\/image\/","url":"https:\/\/mapasocialmt.org.br\/site\/wp-content\/uploads\/2025\/10\/MapaSocial.jpg","contentUrl":"https:\/\/mapasocialmt.org.br\/site\/wp-content\/uploads\/2025\/10\/MapaSocial.jpg","width":512,"height":512,"caption":"Mapa Social MT"},"image":{"@id":"https:\/\/mapasocialmt.org.br\/site\/#\/schema\/logo\/image\/"}}]}},"_links":{"self":[{"href":"https:\/\/mapasocialmt.org.br\/site\/wp-json\/wp\/v2\/pages\/819","targetHints":{"allow":["GET"]}}],"collection":[{"href":"https:\/\/mapasocialmt.org.br\/site\/wp-json\/wp\/v2\/pages"}],"about":[{"href":"https:\/\/mapasocialmt.org.br\/site\/wp-json\/wp\/v2\/types\/page"}],"author":[{"embeddable":true,"href":"https:\/\/mapasocialmt.org.br\/site\/wp-json\/wp\/v2\/users\/1"}],"replies":[{"embeddable":true,"href":"https:\/\/mapasocialmt.org.br\/site\/wp-json\/wp\/v2\/comments?post=819"}],"version-history":[{"count":19,"href":"https:\/\/mapasocialmt.org.br\/site\/wp-json\/wp\/v2\/pages\/819\/revisions"}],"predecessor-version":[{"id":1263,"href":"https:\/\/mapasocialmt.org.br\/site\/wp-json\/wp\/v2\/pages\/819\/revisions\/1263"}],"wp:attachment":[{"href":"https:\/\/mapasocialmt.org.br\/site\/wp-json\/wp\/v2\/media?parent=819"}],"curies":[{"name":"wp","href":"https:\/\/api.w.org\/{rel}","templated":true}]}}