{"id":810,"date":"2025-10-07T16:58:38","date_gmt":"2025-10-07T19:58:38","guid":{"rendered":"https:\/\/mapasocialmt.org.br\/site\/?page_id=810"},"modified":"2025-11-14T09:10:18","modified_gmt":"2025-11-14T12:10:18","slug":"assentados","status":"publish","type":"page","link":"https:\/\/mapasocialmt.org.br\/site\/assentados\/","title":{"rendered":"Assentados &#8211; Mapa Social MT"},"content":{"rendered":"\t\t<div data-elementor-type=\"wp-page\" data-elementor-id=\"810\" class=\"elementor elementor-810\" data-elementor-post-type=\"page\">\n\t\t\t\t<div class=\"elementor-element elementor-element-1e9e4ae e-flex e-con-boxed e-con e-parent\" data-id=\"1e9e4ae\" data-element_type=\"container\" data-e-type=\"container\">\n\t\t\t\t\t<div class=\"e-con-inner\">\n\t\t<div class=\"elementor-element elementor-element-d2fb756 e-con-full e-flex e-con e-child\" data-id=\"d2fb756\" data-element_type=\"container\" data-e-type=\"container\">\n\t\t\t\t<div class=\"elementor-element elementor-element-70aacf7 elementor-icon-list--layout-traditional elementor-list-item-link-full_width elementor-widget elementor-widget-icon-list\" data-id=\"70aacf7\" data-element_type=\"widget\" data-e-type=\"widget\" data-widget_type=\"icon-list.default\">\n\t\t\t\t\t\t\t<ul class=\"elementor-icon-list-items\">\n\t\t\t\t\t\t\t<li class=\"elementor-icon-list-item\">\n\t\t\t\t\t\t\t\t\t\t\t<span class=\"elementor-icon-list-icon\">\n\t\t\t\t\t\t\t<svg xmlns=\"http:\/\/www.w3.org\/2000\/svg\" width=\"120\" height=\"120\" viewBox=\"0 0 120 120\" fill=\"none\"><g clip-path=\"url(#clip0_269_2268)\"><rect width=\"120\" height=\"120\" rx=\"9.64286\" fill=\"#25A141\"><\/rect><path fill-rule=\"evenodd\" clip-rule=\"evenodd\" d=\"M100.645 49.5528H95.428L95.3475 33.2377L87.4633 17.1426L78.9925 33.2377L79.0729 49.5528H68.2297L68.1224 33.2377L60.5201 17.1426L52.376 33.2377L52.4994 49.5528H41.4474L41.2918 33.2377L33.6895 17.1426L25.5454 33.2377L25.6688 49.5528H20.4808L20.4969 54.8033H25.6849L25.7493 81.7967L20.3574 81.5231V86.9385H25.6849V102.983H41.4313V86.9385H52.4994V102.983H68.2619L68.2619 86.9385H79.0729V102.983H95.4441L95.3421 86.9385H100.559V81.5231H95.3421V54.8033H100.565L100.645 49.5528ZM41.5225 54.5485H52.5638V81.7967H41.3937L41.5225 54.5485ZM79.5285 81.5231H68.2189L68.1599 54.3116H79.5285V81.5231Z\" fill=\"white\"><\/path><\/g><defs><clipPath id=\"clip0_269_2268\"><rect width=\"120\" height=\"120\" fill=\"white\"><\/rect><\/clipPath><\/defs><\/svg>\t\t\t\t\t\t<\/span>\n\t\t\t\t\t\t\t\t\t\t<span class=\"elementor-icon-list-text\">Assentados<\/span>\n\t\t\t\t\t\t\t\t\t<\/li>\n\t\t\t\t\t\t<\/ul>\n\t\t\t\t\t\t<\/div>\n\t\t\t\t<div class=\"elementor-element elementor-element-ff6a0ab elementor-widget-divider--view-line elementor-widget elementor-widget-divider\" data-id=\"ff6a0ab\" data-element_type=\"widget\" data-e-type=\"widget\" data-widget_type=\"divider.default\">\n\t\t\t\t\t\t\t<div class=\"elementor-divider\">\n\t\t\t<span class=\"elementor-divider-separator\">\n\t\t\t\t\t\t<\/span>\n\t\t<\/div>\n\t\t\t\t\t\t<\/div>\n\t\t\t\t<div class=\"elementor-element elementor-element-1706f33 elementor-widget elementor-widget-text-editor\" data-id=\"1706f33\" data-element_type=\"widget\" data-e-type=\"widget\" data-widget_type=\"text-editor.default\">\n\t\t\t\t\t\t\t\t\t<p>Os assentados est\u00e3o localizados em diversos pontos do territ\u00f3rio de MT. Ao todo, temos 405 projetos de assentamentos oficializados pelo INCRA-MT. H\u00e1 tamb\u00e9m alguns projetos que foram implantados pelo Instituto de Terras de Mato Grosso (INTERMAT). Os assentados s\u00e3o agricultores familiares que constroem seus significados e identidades, muitas vezes, por meio da economia solid\u00e1ria; geralmente vivem de agricultura de subsist\u00eancia e se autodenominam como MST na luta identit\u00e1ria. Mas, h\u00e1 tamb\u00e9m, frentes de luta como o MPA, o MMC, etc.<\/p>\t\t\t\t\t\t\t\t<\/div>\n\t\t\t\t<\/div>\n\t\t<div class=\"elementor-element elementor-element-52ad2d7 e-con-full e-flex e-con e-child\" data-id=\"52ad2d7\" data-element_type=\"container\" data-e-type=\"container\">\n\t\t\t\t<div class=\"elementor-element elementor-element-8b0ba99 elementor-widget elementor-widget-image\" data-id=\"8b0ba99\" data-element_type=\"widget\" data-e-type=\"widget\" data-widget_type=\"image.default\">\n\t\t\t\t\t\t\t\t\t\t\t\t\t\t\t\t<a href=\"https:\/\/mapasocialmt.org.br\/mapa\/#grupo=assentados\" target=\"_blank\">\n\t\t\t\t\t\t\t<img fetchpriority=\"high\" decoding=\"async\" width=\"1031\" height=\"827\" src=\"https:\/\/mapasocialmt.org.br\/site\/wp-content\/uploads\/2025\/10\/Assentados.jpg\" class=\"attachment-full size-full wp-image-812\" alt=\"\" srcset=\"https:\/\/mapasocialmt.org.br\/site\/wp-content\/uploads\/2025\/10\/Assentados.jpg 1031w, https:\/\/mapasocialmt.org.br\/site\/wp-content\/uploads\/2025\/10\/Assentados-300x241.jpg 300w, https:\/\/mapasocialmt.org.br\/site\/wp-content\/uploads\/2025\/10\/Assentados-1024x821.jpg 1024w, https:\/\/mapasocialmt.org.br\/site\/wp-content\/uploads\/2025\/10\/Assentados-768x616.jpg 768w\" sizes=\"(max-width: 1031px) 100vw, 1031px\" \/>\t\t\t\t\t\t\t\t<\/a>\n\t\t\t\t\t\t\t\t\t\t\t\t\t\t\t<\/div>\n\t\t\t\t<div class=\"elementor-element elementor-element-889b6ea elementor-widget elementor-widget-button\" data-id=\"889b6ea\" data-element_type=\"widget\" data-e-type=\"widget\" data-widget_type=\"button.default\">\n\t\t\t\t\t\t\t\t\t\t<a class=\"elementor-button elementor-button-link elementor-size-sm\" href=\"https:\/\/mapasocialmt.org.br\/mapa\/#grupo=assentados\" target=\"_blank\">\n\t\t\t\t\t\t<span class=\"elementor-button-content-wrapper\">\n\t\t\t\t\t\t\t\t\t<span class=\"elementor-button-text\">Mapa completo<\/span>\n\t\t\t\t\t<\/span>\n\t\t\t\t\t<\/a>\n\t\t\t\t\t\t\t\t<\/div>\n\t\t\t\t<div class=\"elementor-element elementor-element-fd408df elementor-widget elementor-widget-text-editor\" data-id=\"fd408df\" data-element_type=\"widget\" data-e-type=\"widget\" data-widget_type=\"text-editor.default\">\n\t\t\t\t\t\t\t\t\t<p>Refer\u00eancia: SILVA, Regina Aparecida da. Do invis\u00edvel ao vis\u00edvel: o mapeamento dos grupos sociais do estado de Mato Grosso &#8211; Brasil. S\u00e3o Carlos: UFscar, 2011.<br \/><br \/><\/p>\t\t\t\t\t\t\t\t<\/div>\n\t\t\t\t<\/div>\n\t\t\t\t\t<\/div>\n\t\t\t\t<\/div>\n\t\t\t\t<\/div>\n\t\t","protected":false},"excerpt":{"rendered":"<p>Assentados Os assentados est\u00e3o localizados em diversos pontos do territ\u00f3rio de MT. Ao todo, temos 405 projetos de assentamentos oficializados pelo INCRA-MT. H\u00e1 tamb\u00e9m alguns projetos que foram implantados pelo Instituto de Terras de Mato Grosso (INTERMAT). Os assentados s\u00e3o agricultores familiares que constroem seus significados e identidades, muitas vezes, por meio da economia solid\u00e1ria; [&hellip;]<\/p>\n","protected":false},"author":1,"featured_media":0,"parent":0,"menu_order":0,"comment_status":"closed","ping_status":"closed","template":"elementor_header_footer","meta":{"footnotes":""},"class_list":["post-810","page","type-page","status-publish","hentry"],"yoast_head":"<!-- This site is optimized with the Yoast SEO plugin v27.5 - https:\/\/yoast.com\/product\/yoast-seo-wordpress\/ -->\n<title>Assentados - Mapa Social MT<\/title>\n<meta name=\"robots\" content=\"noindex, follow\" \/>\n<meta property=\"og:locale\" content=\"pt_BR\" \/>\n<meta property=\"og:type\" content=\"article\" \/>\n<meta property=\"og:title\" content=\"Assentados - Mapa Social MT\" \/>\n<meta property=\"og:description\" content=\"Assentados Os assentados est\u00e3o localizados em diversos pontos do territ\u00f3rio de MT. Ao todo, temos 405 projetos de assentamentos oficializados pelo INCRA-MT. H\u00e1 tamb\u00e9m alguns projetos que foram implantados pelo Instituto de Terras de Mato Grosso (INTERMAT). Os assentados s\u00e3o agricultores familiares que constroem seus significados e identidades, muitas vezes, por meio da economia solid\u00e1ria; [&hellip;]\" \/>\n<meta property=\"og:url\" content=\"https:\/\/mapasocialmt.org.br\/site\/assentados\/\" \/>\n<meta property=\"og:site_name\" content=\"Mapa Social MT\" \/>\n<meta property=\"article:modified_time\" content=\"2025-11-14T12:10:18+00:00\" \/>\n<meta property=\"og:image\" content=\"https:\/\/mapasocialmt.org.br\/site\/wp-content\/uploads\/2025\/10\/Assentados.jpg\" \/>\n<meta name=\"twitter:card\" content=\"summary_large_image\" \/>\n<meta name=\"twitter:label1\" content=\"Est. tempo de leitura\" \/>\n\t<meta name=\"twitter:data1\" content=\"1 minuto\" \/>\n<script type=\"application\/ld+json\" class=\"yoast-schema-graph\">{\"@context\":\"https:\\\/\\\/schema.org\",\"@graph\":[{\"@type\":\"WebPage\",\"@id\":\"https:\\\/\\\/mapasocialmt.org.br\\\/site\\\/assentados\\\/\",\"url\":\"https:\\\/\\\/mapasocialmt.org.br\\\/site\\\/assentados\\\/\",\"name\":\"Assentados - Mapa Social MT\",\"isPartOf\":{\"@id\":\"https:\\\/\\\/mapasocialmt.org.br\\\/site\\\/#website\"},\"primaryImageOfPage\":{\"@id\":\"https:\\\/\\\/mapasocialmt.org.br\\\/site\\\/assentados\\\/#primaryimage\"},\"image\":{\"@id\":\"https:\\\/\\\/mapasocialmt.org.br\\\/site\\\/assentados\\\/#primaryimage\"},\"thumbnailUrl\":\"https:\\\/\\\/mapasocialmt.org.br\\\/site\\\/wp-content\\\/uploads\\\/2025\\\/10\\\/Assentados.jpg\",\"datePublished\":\"2025-10-07T19:58:38+00:00\",\"dateModified\":\"2025-11-14T12:10:18+00:00\",\"breadcrumb\":{\"@id\":\"https:\\\/\\\/mapasocialmt.org.br\\\/site\\\/assentados\\\/#breadcrumb\"},\"inLanguage\":\"pt-BR\",\"potentialAction\":[{\"@type\":\"ReadAction\",\"target\":[\"https:\\\/\\\/mapasocialmt.org.br\\\/site\\\/assentados\\\/\"]}]},{\"@type\":\"ImageObject\",\"inLanguage\":\"pt-BR\",\"@id\":\"https:\\\/\\\/mapasocialmt.org.br\\\/site\\\/assentados\\\/#primaryimage\",\"url\":\"https:\\\/\\\/mapasocialmt.org.br\\\/site\\\/wp-content\\\/uploads\\\/2025\\\/10\\\/Assentados.jpg\",\"contentUrl\":\"https:\\\/\\\/mapasocialmt.org.br\\\/site\\\/wp-content\\\/uploads\\\/2025\\\/10\\\/Assentados.jpg\",\"width\":1031,\"height\":827},{\"@type\":\"BreadcrumbList\",\"@id\":\"https:\\\/\\\/mapasocialmt.org.br\\\/site\\\/assentados\\\/#breadcrumb\",\"itemListElement\":[{\"@type\":\"ListItem\",\"position\":1,\"name\":\"In\u00edcio\",\"item\":\"https:\\\/\\\/mapasocialmt.org.br\\\/site\\\/\"},{\"@type\":\"ListItem\",\"position\":2,\"name\":\"Assentados &#8211; Mapa Social MT\"}]},{\"@type\":\"WebSite\",\"@id\":\"https:\\\/\\\/mapasocialmt.org.br\\\/site\\\/#website\",\"url\":\"https:\\\/\\\/mapasocialmt.org.br\\\/site\\\/\",\"name\":\"Mapa Social MT\",\"description\":\"\",\"publisher\":{\"@id\":\"https:\\\/\\\/mapasocialmt.org.br\\\/site\\\/#organization\"},\"potentialAction\":[{\"@type\":\"SearchAction\",\"target\":{\"@type\":\"EntryPoint\",\"urlTemplate\":\"https:\\\/\\\/mapasocialmt.org.br\\\/site\\\/?s={search_term_string}\"},\"query-input\":{\"@type\":\"PropertyValueSpecification\",\"valueRequired\":true,\"valueName\":\"search_term_string\"}}],\"inLanguage\":\"pt-BR\"},{\"@type\":\"Organization\",\"@id\":\"https:\\\/\\\/mapasocialmt.org.br\\\/site\\\/#organization\",\"name\":\"Mapa Social MT\",\"url\":\"https:\\\/\\\/mapasocialmt.org.br\\\/site\\\/\",\"logo\":{\"@type\":\"ImageObject\",\"inLanguage\":\"pt-BR\",\"@id\":\"https:\\\/\\\/mapasocialmt.org.br\\\/site\\\/#\\\/schema\\\/logo\\\/image\\\/\",\"url\":\"https:\\\/\\\/mapasocialmt.org.br\\\/site\\\/wp-content\\\/uploads\\\/2025\\\/10\\\/MapaSocial.jpg\",\"contentUrl\":\"https:\\\/\\\/mapasocialmt.org.br\\\/site\\\/wp-content\\\/uploads\\\/2025\\\/10\\\/MapaSocial.jpg\",\"width\":512,\"height\":512,\"caption\":\"Mapa Social MT\"},\"image\":{\"@id\":\"https:\\\/\\\/mapasocialmt.org.br\\\/site\\\/#\\\/schema\\\/logo\\\/image\\\/\"}}]}<\/script>\n<!-- \/ Yoast SEO plugin. -->","yoast_head_json":{"title":"Assentados - Mapa Social MT","robots":{"index":"noindex","follow":"follow"},"og_locale":"pt_BR","og_type":"article","og_title":"Assentados - Mapa Social MT","og_description":"Assentados Os assentados est\u00e3o localizados em diversos pontos do territ\u00f3rio de MT. Ao todo, temos 405 projetos de assentamentos oficializados pelo INCRA-MT. H\u00e1 tamb\u00e9m alguns projetos que foram implantados pelo Instituto de Terras de Mato Grosso (INTERMAT). Os assentados s\u00e3o agricultores familiares que constroem seus significados e identidades, muitas vezes, por meio da economia solid\u00e1ria; [&hellip;]","og_url":"https:\/\/mapasocialmt.org.br\/site\/assentados\/","og_site_name":"Mapa Social MT","article_modified_time":"2025-11-14T12:10:18+00:00","og_image":[{"url":"https:\/\/mapasocialmt.org.br\/site\/wp-content\/uploads\/2025\/10\/Assentados.jpg","type":"","width":"","height":""}],"twitter_card":"summary_large_image","twitter_misc":{"Est. tempo de leitura":"1 minuto"},"schema":{"@context":"https:\/\/schema.org","@graph":[{"@type":"WebPage","@id":"https:\/\/mapasocialmt.org.br\/site\/assentados\/","url":"https:\/\/mapasocialmt.org.br\/site\/assentados\/","name":"Assentados - Mapa Social MT","isPartOf":{"@id":"https:\/\/mapasocialmt.org.br\/site\/#website"},"primaryImageOfPage":{"@id":"https:\/\/mapasocialmt.org.br\/site\/assentados\/#primaryimage"},"image":{"@id":"https:\/\/mapasocialmt.org.br\/site\/assentados\/#primaryimage"},"thumbnailUrl":"https:\/\/mapasocialmt.org.br\/site\/wp-content\/uploads\/2025\/10\/Assentados.jpg","datePublished":"2025-10-07T19:58:38+00:00","dateModified":"2025-11-14T12:10:18+00:00","breadcrumb":{"@id":"https:\/\/mapasocialmt.org.br\/site\/assentados\/#breadcrumb"},"inLanguage":"pt-BR","potentialAction":[{"@type":"ReadAction","target":["https:\/\/mapasocialmt.org.br\/site\/assentados\/"]}]},{"@type":"ImageObject","inLanguage":"pt-BR","@id":"https:\/\/mapasocialmt.org.br\/site\/assentados\/#primaryimage","url":"https:\/\/mapasocialmt.org.br\/site\/wp-content\/uploads\/2025\/10\/Assentados.jpg","contentUrl":"https:\/\/mapasocialmt.org.br\/site\/wp-content\/uploads\/2025\/10\/Assentados.jpg","width":1031,"height":827},{"@type":"BreadcrumbList","@id":"https:\/\/mapasocialmt.org.br\/site\/assentados\/#breadcrumb","itemListElement":[{"@type":"ListItem","position":1,"name":"In\u00edcio","item":"https:\/\/mapasocialmt.org.br\/site\/"},{"@type":"ListItem","position":2,"name":"Assentados &#8211; Mapa Social MT"}]},{"@type":"WebSite","@id":"https:\/\/mapasocialmt.org.br\/site\/#website","url":"https:\/\/mapasocialmt.org.br\/site\/","name":"Mapa Social MT","description":"","publisher":{"@id":"https:\/\/mapasocialmt.org.br\/site\/#organization"},"potentialAction":[{"@type":"SearchAction","target":{"@type":"EntryPoint","urlTemplate":"https:\/\/mapasocialmt.org.br\/site\/?s={search_term_string}"},"query-input":{"@type":"PropertyValueSpecification","valueRequired":true,"valueName":"search_term_string"}}],"inLanguage":"pt-BR"},{"@type":"Organization","@id":"https:\/\/mapasocialmt.org.br\/site\/#organization","name":"Mapa Social MT","url":"https:\/\/mapasocialmt.org.br\/site\/","logo":{"@type":"ImageObject","inLanguage":"pt-BR","@id":"https:\/\/mapasocialmt.org.br\/site\/#\/schema\/logo\/image\/","url":"https:\/\/mapasocialmt.org.br\/site\/wp-content\/uploads\/2025\/10\/MapaSocial.jpg","contentUrl":"https:\/\/mapasocialmt.org.br\/site\/wp-content\/uploads\/2025\/10\/MapaSocial.jpg","width":512,"height":512,"caption":"Mapa Social MT"},"image":{"@id":"https:\/\/mapasocialmt.org.br\/site\/#\/schema\/logo\/image\/"}}]}},"_links":{"self":[{"href":"https:\/\/mapasocialmt.org.br\/site\/wp-json\/wp\/v2\/pages\/810","targetHints":{"allow":["GET"]}}],"collection":[{"href":"https:\/\/mapasocialmt.org.br\/site\/wp-json\/wp\/v2\/pages"}],"about":[{"href":"https:\/\/mapasocialmt.org.br\/site\/wp-json\/wp\/v2\/types\/page"}],"author":[{"embeddable":true,"href":"https:\/\/mapasocialmt.org.br\/site\/wp-json\/wp\/v2\/users\/1"}],"replies":[{"embeddable":true,"href":"https:\/\/mapasocialmt.org.br\/site\/wp-json\/wp\/v2\/comments?post=810"}],"version-history":[{"count":19,"href":"https:\/\/mapasocialmt.org.br\/site\/wp-json\/wp\/v2\/pages\/810\/revisions"}],"predecessor-version":[{"id":1275,"href":"https:\/\/mapasocialmt.org.br\/site\/wp-json\/wp\/v2\/pages\/810\/revisions\/1275"}],"wp:attachment":[{"href":"https:\/\/mapasocialmt.org.br\/site\/wp-json\/wp\/v2\/media?parent=810"}],"curies":[{"name":"wp","href":"https:\/\/api.w.org\/{rel}","templated":true}]}}