{"id":801,"date":"2025-10-07T16:54:27","date_gmt":"2025-10-07T19:54:27","guid":{"rendered":"https:\/\/mapasocialmt.org.br\/site\/?page_id=801"},"modified":"2025-11-14T09:10:52","modified_gmt":"2025-11-14T12:10:52","slug":"atingidos-por-barragem","status":"publish","type":"page","link":"https:\/\/mapasocialmt.org.br\/site\/atingidos-por-barragem\/","title":{"rendered":"Atingidos por Barragem (MAB) &#8211; Mapa Social MT"},"content":{"rendered":"\t\t<div data-elementor-type=\"wp-page\" data-elementor-id=\"801\" class=\"elementor elementor-801\" data-elementor-post-type=\"page\">\n\t\t\t\t<div class=\"elementor-element elementor-element-deb6367 e-flex e-con-boxed e-con e-parent\" data-id=\"deb6367\" data-element_type=\"container\" data-e-type=\"container\">\n\t\t\t\t\t<div class=\"e-con-inner\">\n\t\t<div class=\"elementor-element elementor-element-21f7df5 e-con-full e-flex e-con e-child\" data-id=\"21f7df5\" data-element_type=\"container\" data-e-type=\"container\">\n\t\t\t\t<div class=\"elementor-element elementor-element-eab0f82 elementor-icon-list--layout-traditional elementor-list-item-link-full_width elementor-widget elementor-widget-icon-list\" data-id=\"eab0f82\" data-element_type=\"widget\" data-e-type=\"widget\" data-widget_type=\"icon-list.default\">\n\t\t\t\t\t\t\t<ul class=\"elementor-icon-list-items\">\n\t\t\t\t\t\t\t<li class=\"elementor-icon-list-item\">\n\t\t\t\t\t\t\t\t\t\t\t<span class=\"elementor-icon-list-icon\">\n\t\t\t\t\t\t\t<svg xmlns=\"http:\/\/www.w3.org\/2000\/svg\" width=\"120\" height=\"120\" viewBox=\"0 0 120 120\" fill=\"none\"><g clip-path=\"url(#clip0_269_1903)\"><rect y=\"-0.0839844\" width=\"120.084\" height=\"120.084\" rx=\"9.64961\" fill=\"#2559A6\"><\/rect><path d=\"M42.4965 28.7783L38.5984 24.5762L34.7002 28.7783C30.3122 33.5085 24.1167 36.4562 17.2358 36.4792H17.1548V61.0302C24.068 61.0302 30.295 58.078 34.7002 53.3292L38.5984 49.1271L42.4965 53.3292C46.9017 58.078 53.1287 61.0302 60.0419 61.0302C66.9551 61.0302 73.182 58.078 77.5876 53.3292L81.4855 49.1271L85.3834 53.3292C89.789 58.078 96.0156 61.0302 102.929 61.0302V36.4793L102.848 36.4792C95.9674 36.4562 89.7718 33.5085 85.3834 28.7783L81.4855 24.5762L77.5876 28.7783C73.1992 33.5085 67.0038 36.4562 60.123 36.4792H59.9609C53.0801 36.4562 46.8845 33.5085 42.4965 28.7783Z\" fill=\"white\"><\/path><path fill-rule=\"evenodd\" clip-rule=\"evenodd\" d=\"M102.929 71.5284C94.8432 71.5284 87.3959 68.8055 81.4855 64.2461C75.5751 68.8055 68.1278 71.5284 60.0419 71.5284C51.9561 71.5284 44.509 68.8055 38.5984 64.2461C32.6878 68.8055 25.2406 71.5284 17.1548 71.5284V84.7566V95.3393C25.2406 95.3393 32.6878 92.6163 38.5984 88.0568C44.509 92.6163 51.9561 95.3393 60.0419 95.3393C68.1278 95.3393 75.5751 92.6163 81.4855 88.0568C87.3959 92.6163 94.8432 95.3393 102.929 95.3393V71.5284ZM60.0419 84.7566H59.9609H60.123H60.0419Z\" fill=\"white\"><\/path><\/g><defs><clipPath id=\"clip0_269_1903\"><rect width=\"120\" height=\"120\" fill=\"white\"><\/rect><\/clipPath><\/defs><\/svg>\t\t\t\t\t\t<\/span>\n\t\t\t\t\t\t\t\t\t\t<span class=\"elementor-icon-list-text\">Atingido por Barragem (MAB)<\/span>\n\t\t\t\t\t\t\t\t\t<\/li>\n\t\t\t\t\t\t<\/ul>\n\t\t\t\t\t\t<\/div>\n\t\t\t\t<div class=\"elementor-element elementor-element-fca60c6 elementor-widget-divider--view-line elementor-widget elementor-widget-divider\" data-id=\"fca60c6\" data-element_type=\"widget\" data-e-type=\"widget\" data-widget_type=\"divider.default\">\n\t\t\t\t\t\t\t<div class=\"elementor-divider\">\n\t\t\t<span class=\"elementor-divider-separator\">\n\t\t\t\t\t\t<\/span>\n\t\t<\/div>\n\t\t\t\t\t\t<\/div>\n\t\t\t\t<div class=\"elementor-element elementor-element-73d2c2c elementor-widget elementor-widget-text-editor\" data-id=\"73d2c2c\" data-element_type=\"widget\" data-e-type=\"widget\" data-widget_type=\"text-editor.default\">\n\t\t\t\t\t\t\t\t\t<p>No Brasil, as constru\u00e7\u00f5es de barragens t\u00eam levado a desterritorializa\u00e7\u00e3o de milhares de pessoas. Esses deslocamentos v\u00eam alterando significativamente as vidas e os meios de subsist\u00eancia de v\u00e1rios grupos sociais, povos ind\u00edgenas e comunidades tradicionais. Em geral, os processos hist\u00f3ricos destes empreendimentos v\u00eam demonstrando que, os reassentamentos v\u00eam sendo feitos sem respeito aos modos de vida dos grupos atingidos, os quais s\u00e3o deslocados em \u00e1reas que carecem de infraestruturas necess\u00e1rias para manuten\u00e7\u00e3o de uma vida digna para essas popula\u00e7\u00f5es.<\/p><p>O MAB se consolidou em um movimento nacional no I Congresso Nacional de Atingidos por Barragens no ano de 1992. Em MT, o MAB nasceu em decorr\u00eancia da constru\u00e7\u00e3o da barragem do rio Manso, principal afluente do rio Cuiab\u00e1. A Usina Hidrel\u00e9trica de Manso (Figura 5.11) foi inaugurada em 1998. \u00c9 uma heran\u00e7a das obras fara\u00f4nicas de infraestrutura planejadas pelo governo militar (ARINI, 2005). A \u00e1rea de alagamento \u00e9 de 427 Km. Apesar do grande reservat\u00f3rio que, segundo dados de Furnas, tem capacidade de gera\u00e7\u00e3o de at\u00e9 212 megawats, a usina produz de forma fixa apenas 97 megawats de energia, ou o equivalente a tr\u00eas pequenas centrais el\u00e9tricas com represamento de \u00e1reas at\u00e9 cem vezes menores (CASTRILLON et al., 2006).<\/p><p>Em 2004 o MAB informava que dezoito comunidades foram atingidas pela Usina de Manso totalizando 1.065 fam\u00edlias, mas, somente 422 fam\u00edlias foram reassentadas em cinco diferentes \u00e1reas, 60 fam\u00edlias foram deslocadas para as periferias das cidades pr\u00f3ximas (LEROY, 2005). \u201cLevantamentos t\u00e9cnicos de uma comiss\u00e3o independente revelaram que 92% do solo dos reassentamentos era formado por areia, impr\u00f3prio para a agricultura\u201d (CASTRILLON et al., 2006, p. 51).<\/p><p>Os impactos socioambientais produzidos por essa barragem v\u00eam sendo denunciados por ambientalistas e pesquisadores, desde o in\u00edcio da obra, tanto pelas mudan\u00e7as no sistema de inunda\u00e7\u00e3o do Pantanal e na bacia onde est\u00e1 inserida, como na destrui\u00e7\u00e3o de habitats, extin\u00e7\u00e3o de esp\u00e9cies, diminui\u00e7\u00e3o de popula\u00e7\u00f5es de peixes; ou ainda, por meio dos impactos sociais na \u00e1rea de alagamento e a jusante onde moradores dependem do ciclo natural das \u00e1guas para sobreviver (CASTRILLON et al., 2006).<\/p><p>Sobretudo, para esse grupo social, perder seu territ\u00f3rio pode significar, por vezes desaparecer. Muitas fam\u00edlias foram desconectados, ou melhor, arrancados \u00e0 for\u00e7a do seu territ\u00f3rio. Os atingidos por barragem \u00e9 um exemplo de uma identidade que surge por meio de uma driving force. Pessoas que antes eram agricultores familiares, pescadores, extrativistas, que foram impedidos a manter seus h\u00e1bitos pela destrui\u00e7\u00e3o de seus habitats. Suas identidades n\u00e3o apenas sofreram interfer\u00eancias, mas foram destru\u00eddas. E, nesta perda identit\u00e1ria passaram por um fen\u00f4meno paradoxo da reconstru\u00e7\u00e3o de sentidos, que pode ser identificado quando se autodenominam atingidos por barragens e, encontram na for\u00e7a coletiva deste movimento, motivos para continuar a lutar pelos seus direitos.<\/p><p>S\u00e3o muitos os grupos de atingidos pelos projetos hidrel\u00e9tricos, e pelos demais projetos de expans\u00e3o das fronteiras capitalistas, pelas commodities, tais como a soja, a extra\u00e7\u00e3o de madeira, a celulose, o alum\u00ednio, o min\u00e9rio de ferro, etc.. A apropria\u00e7\u00e3o privada dos territ\u00f3rios e de seus bens naturais (as florestas, as \u00e1reas de pesca, as \u00e1reas de cultivo) extermina a identidade sociocultural, fazendo deles uma massa que tende \u00e0 uniformidade, desenraizada de sua hist\u00f3ria e de seu territ\u00f3rio, sem perspectiva (LEROY, 2010).<\/p><p>Os estudos de casos apresentados por este cap\u00edtulo nos apontam que as driving forces e os projetos de des?envolvimento t\u00eam interferido nas identidades dos grupos pesquisados. Especialmente, a destrui\u00e7\u00e3o e a fragmenta\u00e7\u00e3o dos habitats v\u00eam descaracterizando os ambientes e destruindo as bases naturais que s\u00e3o fontes de vida destes grupos, como tamb\u00e9m, importante pelo seu papel m\u00edtico na constru\u00e7\u00e3o das identidades. Os bens e os servi\u00e7os ambientais s\u00e3o imprescind\u00edveis para a manuten\u00e7\u00e3o da vida, das identidades e dos h\u00e1bitos dos grupos sociais. A conserva\u00e7\u00e3o dos habitats \u00e9, portanto, essencial para a continuidade das identidades destes grupos.<\/p><p>O fortalecimento dos movimentos de resist\u00eancia de diversos protagonistas sociais que buscam defender suas identidades, seus modos de vida e seus ambientes frente \u00e0 expans\u00e3o da especula\u00e7\u00e3o fundi\u00e1ria, das monoculturas e dos grandes projetos desenvolvimentistas nos mostram outros caminhos poss\u00edveis. Estes modos alternativos de organiza\u00e7\u00e3o social devem ser considerados nos programas e na constru\u00e7\u00e3o de pol\u00edticas p\u00fablicas. N\u00e3o se pode mais invisibilizar o protagonismo destes in\u00fameros grupos e movimentos que se fortalecem na luta pelo reconhecimento de suas identidades, seus territ\u00f3rios e seus direitos coletivos, porque nestas resist\u00eancias, est\u00e3o as possibilidades de assegurar a vis\u00e3o de que esses bens s\u00e3o coletivos e n\u00e3o pass\u00edveis de domina\u00e7\u00e3o privada. E devem ser apropriados pela maioria para uma vida mais digna a todos com mais sustentabilidade aos ambientes naturais.<\/p>\t\t\t\t\t\t\t\t<\/div>\n\t\t\t\t<\/div>\n\t\t<div class=\"elementor-element elementor-element-e07c62d e-con-full e-flex e-con e-child\" data-id=\"e07c62d\" data-element_type=\"container\" data-e-type=\"container\">\n\t\t\t\t<div class=\"elementor-element elementor-element-2ef54d7 elementor-widget elementor-widget-image\" data-id=\"2ef54d7\" data-element_type=\"widget\" data-e-type=\"widget\" data-widget_type=\"image.default\">\n\t\t\t\t\t\t\t\t\t\t\t\t\t\t\t\t<a href=\"https:\/\/mapasocialmt.org.br\/mapa\/#grupo=atingido\" target=\"_blank\">\n\t\t\t\t\t\t\t<img fetchpriority=\"high\" decoding=\"async\" width=\"874\" height=\"730\" src=\"https:\/\/mapasocialmt.org.br\/site\/wp-content\/uploads\/2025\/10\/Atingidos-por-barragem.jpg\" class=\"attachment-full size-full wp-image-803\" alt=\"\" srcset=\"https:\/\/mapasocialmt.org.br\/site\/wp-content\/uploads\/2025\/10\/Atingidos-por-barragem.jpg 874w, https:\/\/mapasocialmt.org.br\/site\/wp-content\/uploads\/2025\/10\/Atingidos-por-barragem-300x251.jpg 300w, https:\/\/mapasocialmt.org.br\/site\/wp-content\/uploads\/2025\/10\/Atingidos-por-barragem-768x641.jpg 768w\" sizes=\"(max-width: 874px) 100vw, 874px\" \/>\t\t\t\t\t\t\t\t<\/a>\n\t\t\t\t\t\t\t\t\t\t\t\t\t\t\t<\/div>\n\t\t\t\t<div class=\"elementor-element elementor-element-b55dd4f elementor-widget elementor-widget-button\" data-id=\"b55dd4f\" data-element_type=\"widget\" data-e-type=\"widget\" data-widget_type=\"button.default\">\n\t\t\t\t\t\t\t\t\t\t<a class=\"elementor-button elementor-button-link elementor-size-sm\" href=\"https:\/\/mapasocialmt.org.br\/mapa\/#grupo=atingido\" target=\"_blank\">\n\t\t\t\t\t\t<span class=\"elementor-button-content-wrapper\">\n\t\t\t\t\t\t\t\t\t<span class=\"elementor-button-text\">Mapa completo<\/span>\n\t\t\t\t\t<\/span>\n\t\t\t\t\t<\/a>\n\t\t\t\t\t\t\t\t<\/div>\n\t\t\t\t<div class=\"elementor-element elementor-element-248dcb7 elementor-widget elementor-widget-text-editor\" data-id=\"248dcb7\" data-element_type=\"widget\" data-e-type=\"widget\" data-widget_type=\"text-editor.default\">\n\t\t\t\t\t\t\t\t\t<p>Refer\u00eancia: SILVA, Regina Aparecida da. Do invis\u00edvel ao vis\u00edvel: o mapeamento dos grupos sociais do estado de Mato Grosso &#8211; Brasil. S\u00e3o Carlos: UFscar, 2011.<br \/><br \/><\/p>\t\t\t\t\t\t\t\t<\/div>\n\t\t\t\t<\/div>\n\t\t\t\t\t<\/div>\n\t\t\t\t<\/div>\n\t\t\t\t<\/div>\n\t\t","protected":false},"excerpt":{"rendered":"<p>Atingido por Barragem (MAB) No Brasil, as constru\u00e7\u00f5es de barragens t\u00eam levado a desterritorializa\u00e7\u00e3o de milhares de pessoas. Esses deslocamentos v\u00eam alterando significativamente as vidas e os meios de subsist\u00eancia de v\u00e1rios grupos sociais, povos ind\u00edgenas e comunidades tradicionais. Em geral, os processos hist\u00f3ricos destes empreendimentos v\u00eam demonstrando que, os reassentamentos v\u00eam sendo feitos sem [&hellip;]<\/p>\n","protected":false},"author":1,"featured_media":0,"parent":0,"menu_order":0,"comment_status":"closed","ping_status":"closed","template":"elementor_header_footer","meta":{"footnotes":""},"class_list":["post-801","page","type-page","status-publish","hentry"],"yoast_head":"<!-- This site is optimized with the Yoast SEO plugin v27.5 - https:\/\/yoast.com\/product\/yoast-seo-wordpress\/ -->\n<title>Atingidos por Barragem (MAB) - Mapa Social MT<\/title>\n<meta name=\"robots\" content=\"noindex, follow\" \/>\n<meta property=\"og:locale\" content=\"pt_BR\" \/>\n<meta property=\"og:type\" content=\"article\" \/>\n<meta property=\"og:title\" content=\"Atingidos por Barragem (MAB) - Mapa Social MT\" \/>\n<meta property=\"og:description\" content=\"Atingido por Barragem (MAB) No Brasil, as constru\u00e7\u00f5es de barragens t\u00eam levado a desterritorializa\u00e7\u00e3o de milhares de pessoas. Esses deslocamentos v\u00eam alterando significativamente as vidas e os meios de subsist\u00eancia de v\u00e1rios grupos sociais, povos ind\u00edgenas e comunidades tradicionais. Em geral, os processos hist\u00f3ricos destes empreendimentos v\u00eam demonstrando que, os reassentamentos v\u00eam sendo feitos sem [&hellip;]\" \/>\n<meta property=\"og:url\" content=\"https:\/\/mapasocialmt.org.br\/site\/atingidos-por-barragem\/\" \/>\n<meta property=\"og:site_name\" content=\"Mapa Social MT\" \/>\n<meta property=\"article:modified_time\" content=\"2025-11-14T12:10:52+00:00\" \/>\n<meta property=\"og:image\" content=\"https:\/\/mapasocialmt.org.br\/site\/wp-content\/uploads\/2025\/10\/Atingidos-por-barragem.jpg\" \/>\n<meta name=\"twitter:card\" content=\"summary_large_image\" \/>\n<meta name=\"twitter:label1\" content=\"Est. tempo de leitura\" \/>\n\t<meta name=\"twitter:data1\" content=\"5 minutos\" \/>\n<script type=\"application\/ld+json\" class=\"yoast-schema-graph\">{\"@context\":\"https:\\\/\\\/schema.org\",\"@graph\":[{\"@type\":\"WebPage\",\"@id\":\"https:\\\/\\\/mapasocialmt.org.br\\\/site\\\/atingidos-por-barragem\\\/\",\"url\":\"https:\\\/\\\/mapasocialmt.org.br\\\/site\\\/atingidos-por-barragem\\\/\",\"name\":\"Atingidos por Barragem (MAB) - Mapa Social MT\",\"isPartOf\":{\"@id\":\"https:\\\/\\\/mapasocialmt.org.br\\\/site\\\/#website\"},\"primaryImageOfPage\":{\"@id\":\"https:\\\/\\\/mapasocialmt.org.br\\\/site\\\/atingidos-por-barragem\\\/#primaryimage\"},\"image\":{\"@id\":\"https:\\\/\\\/mapasocialmt.org.br\\\/site\\\/atingidos-por-barragem\\\/#primaryimage\"},\"thumbnailUrl\":\"https:\\\/\\\/mapasocialmt.org.br\\\/site\\\/wp-content\\\/uploads\\\/2025\\\/10\\\/Atingidos-por-barragem.jpg\",\"datePublished\":\"2025-10-07T19:54:27+00:00\",\"dateModified\":\"2025-11-14T12:10:52+00:00\",\"breadcrumb\":{\"@id\":\"https:\\\/\\\/mapasocialmt.org.br\\\/site\\\/atingidos-por-barragem\\\/#breadcrumb\"},\"inLanguage\":\"pt-BR\",\"potentialAction\":[{\"@type\":\"ReadAction\",\"target\":[\"https:\\\/\\\/mapasocialmt.org.br\\\/site\\\/atingidos-por-barragem\\\/\"]}]},{\"@type\":\"ImageObject\",\"inLanguage\":\"pt-BR\",\"@id\":\"https:\\\/\\\/mapasocialmt.org.br\\\/site\\\/atingidos-por-barragem\\\/#primaryimage\",\"url\":\"https:\\\/\\\/mapasocialmt.org.br\\\/site\\\/wp-content\\\/uploads\\\/2025\\\/10\\\/Atingidos-por-barragem.jpg\",\"contentUrl\":\"https:\\\/\\\/mapasocialmt.org.br\\\/site\\\/wp-content\\\/uploads\\\/2025\\\/10\\\/Atingidos-por-barragem.jpg\",\"width\":874,\"height\":730},{\"@type\":\"BreadcrumbList\",\"@id\":\"https:\\\/\\\/mapasocialmt.org.br\\\/site\\\/atingidos-por-barragem\\\/#breadcrumb\",\"itemListElement\":[{\"@type\":\"ListItem\",\"position\":1,\"name\":\"In\u00edcio\",\"item\":\"https:\\\/\\\/mapasocialmt.org.br\\\/site\\\/\"},{\"@type\":\"ListItem\",\"position\":2,\"name\":\"Atingidos por Barragem (MAB) &#8211; Mapa Social MT\"}]},{\"@type\":\"WebSite\",\"@id\":\"https:\\\/\\\/mapasocialmt.org.br\\\/site\\\/#website\",\"url\":\"https:\\\/\\\/mapasocialmt.org.br\\\/site\\\/\",\"name\":\"Mapa Social MT\",\"description\":\"\",\"publisher\":{\"@id\":\"https:\\\/\\\/mapasocialmt.org.br\\\/site\\\/#organization\"},\"potentialAction\":[{\"@type\":\"SearchAction\",\"target\":{\"@type\":\"EntryPoint\",\"urlTemplate\":\"https:\\\/\\\/mapasocialmt.org.br\\\/site\\\/?s={search_term_string}\"},\"query-input\":{\"@type\":\"PropertyValueSpecification\",\"valueRequired\":true,\"valueName\":\"search_term_string\"}}],\"inLanguage\":\"pt-BR\"},{\"@type\":\"Organization\",\"@id\":\"https:\\\/\\\/mapasocialmt.org.br\\\/site\\\/#organization\",\"name\":\"Mapa Social MT\",\"url\":\"https:\\\/\\\/mapasocialmt.org.br\\\/site\\\/\",\"logo\":{\"@type\":\"ImageObject\",\"inLanguage\":\"pt-BR\",\"@id\":\"https:\\\/\\\/mapasocialmt.org.br\\\/site\\\/#\\\/schema\\\/logo\\\/image\\\/\",\"url\":\"https:\\\/\\\/mapasocialmt.org.br\\\/site\\\/wp-content\\\/uploads\\\/2025\\\/10\\\/MapaSocial.jpg\",\"contentUrl\":\"https:\\\/\\\/mapasocialmt.org.br\\\/site\\\/wp-content\\\/uploads\\\/2025\\\/10\\\/MapaSocial.jpg\",\"width\":512,\"height\":512,\"caption\":\"Mapa Social MT\"},\"image\":{\"@id\":\"https:\\\/\\\/mapasocialmt.org.br\\\/site\\\/#\\\/schema\\\/logo\\\/image\\\/\"}}]}<\/script>\n<!-- \/ Yoast SEO plugin. -->","yoast_head_json":{"title":"Atingidos por Barragem (MAB) - Mapa Social MT","robots":{"index":"noindex","follow":"follow"},"og_locale":"pt_BR","og_type":"article","og_title":"Atingidos por Barragem (MAB) - Mapa Social MT","og_description":"Atingido por Barragem (MAB) No Brasil, as constru\u00e7\u00f5es de barragens t\u00eam levado a desterritorializa\u00e7\u00e3o de milhares de pessoas. Esses deslocamentos v\u00eam alterando significativamente as vidas e os meios de subsist\u00eancia de v\u00e1rios grupos sociais, povos ind\u00edgenas e comunidades tradicionais. Em geral, os processos hist\u00f3ricos destes empreendimentos v\u00eam demonstrando que, os reassentamentos v\u00eam sendo feitos sem [&hellip;]","og_url":"https:\/\/mapasocialmt.org.br\/site\/atingidos-por-barragem\/","og_site_name":"Mapa Social MT","article_modified_time":"2025-11-14T12:10:52+00:00","og_image":[{"url":"https:\/\/mapasocialmt.org.br\/site\/wp-content\/uploads\/2025\/10\/Atingidos-por-barragem.jpg","type":"","width":"","height":""}],"twitter_card":"summary_large_image","twitter_misc":{"Est. tempo de leitura":"5 minutos"},"schema":{"@context":"https:\/\/schema.org","@graph":[{"@type":"WebPage","@id":"https:\/\/mapasocialmt.org.br\/site\/atingidos-por-barragem\/","url":"https:\/\/mapasocialmt.org.br\/site\/atingidos-por-barragem\/","name":"Atingidos por Barragem (MAB) - Mapa Social MT","isPartOf":{"@id":"https:\/\/mapasocialmt.org.br\/site\/#website"},"primaryImageOfPage":{"@id":"https:\/\/mapasocialmt.org.br\/site\/atingidos-por-barragem\/#primaryimage"},"image":{"@id":"https:\/\/mapasocialmt.org.br\/site\/atingidos-por-barragem\/#primaryimage"},"thumbnailUrl":"https:\/\/mapasocialmt.org.br\/site\/wp-content\/uploads\/2025\/10\/Atingidos-por-barragem.jpg","datePublished":"2025-10-07T19:54:27+00:00","dateModified":"2025-11-14T12:10:52+00:00","breadcrumb":{"@id":"https:\/\/mapasocialmt.org.br\/site\/atingidos-por-barragem\/#breadcrumb"},"inLanguage":"pt-BR","potentialAction":[{"@type":"ReadAction","target":["https:\/\/mapasocialmt.org.br\/site\/atingidos-por-barragem\/"]}]},{"@type":"ImageObject","inLanguage":"pt-BR","@id":"https:\/\/mapasocialmt.org.br\/site\/atingidos-por-barragem\/#primaryimage","url":"https:\/\/mapasocialmt.org.br\/site\/wp-content\/uploads\/2025\/10\/Atingidos-por-barragem.jpg","contentUrl":"https:\/\/mapasocialmt.org.br\/site\/wp-content\/uploads\/2025\/10\/Atingidos-por-barragem.jpg","width":874,"height":730},{"@type":"BreadcrumbList","@id":"https:\/\/mapasocialmt.org.br\/site\/atingidos-por-barragem\/#breadcrumb","itemListElement":[{"@type":"ListItem","position":1,"name":"In\u00edcio","item":"https:\/\/mapasocialmt.org.br\/site\/"},{"@type":"ListItem","position":2,"name":"Atingidos por Barragem (MAB) &#8211; Mapa Social MT"}]},{"@type":"WebSite","@id":"https:\/\/mapasocialmt.org.br\/site\/#website","url":"https:\/\/mapasocialmt.org.br\/site\/","name":"Mapa Social MT","description":"","publisher":{"@id":"https:\/\/mapasocialmt.org.br\/site\/#organization"},"potentialAction":[{"@type":"SearchAction","target":{"@type":"EntryPoint","urlTemplate":"https:\/\/mapasocialmt.org.br\/site\/?s={search_term_string}"},"query-input":{"@type":"PropertyValueSpecification","valueRequired":true,"valueName":"search_term_string"}}],"inLanguage":"pt-BR"},{"@type":"Organization","@id":"https:\/\/mapasocialmt.org.br\/site\/#organization","name":"Mapa Social MT","url":"https:\/\/mapasocialmt.org.br\/site\/","logo":{"@type":"ImageObject","inLanguage":"pt-BR","@id":"https:\/\/mapasocialmt.org.br\/site\/#\/schema\/logo\/image\/","url":"https:\/\/mapasocialmt.org.br\/site\/wp-content\/uploads\/2025\/10\/MapaSocial.jpg","contentUrl":"https:\/\/mapasocialmt.org.br\/site\/wp-content\/uploads\/2025\/10\/MapaSocial.jpg","width":512,"height":512,"caption":"Mapa Social MT"},"image":{"@id":"https:\/\/mapasocialmt.org.br\/site\/#\/schema\/logo\/image\/"}}]}},"_links":{"self":[{"href":"https:\/\/mapasocialmt.org.br\/site\/wp-json\/wp\/v2\/pages\/801","targetHints":{"allow":["GET"]}}],"collection":[{"href":"https:\/\/mapasocialmt.org.br\/site\/wp-json\/wp\/v2\/pages"}],"about":[{"href":"https:\/\/mapasocialmt.org.br\/site\/wp-json\/wp\/v2\/types\/page"}],"author":[{"embeddable":true,"href":"https:\/\/mapasocialmt.org.br\/site\/wp-json\/wp\/v2\/users\/1"}],"replies":[{"embeddable":true,"href":"https:\/\/mapasocialmt.org.br\/site\/wp-json\/wp\/v2\/comments?post=801"}],"version-history":[{"count":16,"href":"https:\/\/mapasocialmt.org.br\/site\/wp-json\/wp\/v2\/pages\/801\/revisions"}],"predecessor-version":[{"id":1281,"href":"https:\/\/mapasocialmt.org.br\/site\/wp-json\/wp\/v2\/pages\/801\/revisions\/1281"}],"wp:attachment":[{"href":"https:\/\/mapasocialmt.org.br\/site\/wp-json\/wp\/v2\/media?parent=801"}],"curies":[{"name":"wp","href":"https:\/\/api.w.org\/{rel}","templated":true}]}}