{"id":753,"date":"2025-10-07T15:30:20","date_gmt":"2025-10-07T18:30:20","guid":{"rendered":"https:\/\/mapasocialmt.org.br\/site\/?page_id=753"},"modified":"2025-11-14T09:08:24","modified_gmt":"2025-11-14T12:08:24","slug":"agricultores-familiares","status":"publish","type":"page","link":"https:\/\/mapasocialmt.org.br\/site\/agricultores-familiares\/","title":{"rendered":"Agricultores Familiares &#8211; Mapa Social MT"},"content":{"rendered":"\t\t<div data-elementor-type=\"wp-page\" data-elementor-id=\"753\" class=\"elementor elementor-753\" data-elementor-post-type=\"page\">\n\t\t\t\t<div class=\"elementor-element elementor-element-4b0d3791 e-flex e-con-boxed e-con e-parent\" data-id=\"4b0d3791\" data-element_type=\"container\" data-e-type=\"container\">\n\t\t\t\t\t<div class=\"e-con-inner\">\n\t\t<div class=\"elementor-element elementor-element-1b8bc1a2 e-con-full e-flex e-con e-child\" data-id=\"1b8bc1a2\" data-element_type=\"container\" data-e-type=\"container\">\n\t\t\t\t<div class=\"elementor-element elementor-element-3b2769df elementor-icon-list--layout-traditional elementor-list-item-link-full_width elementor-widget elementor-widget-icon-list\" data-id=\"3b2769df\" data-element_type=\"widget\" data-e-type=\"widget\" data-widget_type=\"icon-list.default\">\n\t\t\t\t\t\t\t<ul class=\"elementor-icon-list-items\">\n\t\t\t\t\t\t\t<li class=\"elementor-icon-list-item\">\n\t\t\t\t\t\t\t\t\t\t\t<span class=\"elementor-icon-list-icon\">\n\t\t\t\t\t\t\t<svg xmlns=\"http:\/\/www.w3.org\/2000\/svg\" width=\"120\" height=\"120\" viewBox=\"0 0 120 120\" fill=\"none\"><g clip-path=\"url(#clip0_269_2280)\"><rect x=\"0.0839844\" width=\"119.916\" height=\"119.916\" rx=\"9.63611\" fill=\"#85BD32\"><\/rect><path d=\"M32.2715 87.5617H42.9341L40.3273 79.4282C40.0921 78.72 39.9672 77.9332 39.9672 77.1319V76.7938C38.2009 76.2667 36.3889 75.4595 34.9027 74.4385L32.2715 74.9644V87.5617Z\" fill=\"white\"><\/path><path d=\"M32.2715 92.5801H67.5704V102.785H32.2715V92.5801Z\" fill=\"white\"><\/path><path d=\"M60.042 76.7938C60.0371 77.8181 59.8754 78.8328 59.5617 79.8081L57.0752 87.5617H67.5702V74.9644L64.9392 74.4385C63.4529 75.4595 61.8083 76.2667 60.042 76.7938Z\" fill=\"white\"><\/path><path d=\"M72.5889 75.9727V102.785H80.2844C81.6714 102.785 82.7938 101.663 82.7938 100.276V88.2625C82.7938 82.3199 78.4075 77.1614 72.5889 75.9727Z\" fill=\"white\"><\/path><path d=\"M19.7242 102.785H27.2525V75.9727C21.4338 77.1614 17.2148 82.3199 17.2148 88.2627V100.276C17.2148 101.663 18.3372 102.785 19.7242 102.785Z\" fill=\"white\"><\/path><path d=\"M18.8495 39.7259C19.4154 39.9366 33.1174 42.3921 50.0044 42.3921C66.8913 42.3921 80.5933 39.9366 81.1593 39.7258C82.1421 39.3582 82.7939 38.4222 82.7939 37.3733C82.7939 36.3244 82.1421 35.3884 81.1593 35.0206C80.5933 34.81 66.8913 32.3545 50.0044 32.3545C33.1174 32.3545 19.4154 34.81 18.8495 35.0208C17.8666 35.3884 17.2148 36.3244 17.2148 37.3733C17.2148 38.4222 17.8666 39.3582 18.8495 39.7259Z\" fill=\"white\"><\/path><path d=\"M100.36 47.4102C98.9725 47.4102 97.8501 48.5325 97.8501 49.9196V64.976C97.8501 66.3605 96.7252 67.4854 95.3407 67.4854H92.8313V49.9196C92.8313 48.5325 91.7089 47.4102 90.3219 47.4102C88.9349 47.4102 87.8125 48.5325 87.8125 49.9196V67.4854H85.3031C83.9186 67.4854 82.7937 66.3605 82.7937 64.976V49.9196C82.7937 48.5325 81.6713 47.4102 80.2843 47.4102C78.8973 47.4102 77.7749 48.5325 77.7749 49.9196V64.976C77.7749 69.1272 81.1519 72.5042 85.3031 72.5042H87.8125V100.275C87.8125 101.662 88.9349 102.784 90.3219 102.784C91.7089 102.784 92.8313 101.662 92.8313 100.275V72.5042H95.3407C99.4919 72.5042 102.869 69.1272 102.869 64.976V49.9196C102.869 48.5325 101.747 47.4102 100.36 47.4102Z\" fill=\"white\"><\/path><path d=\"M67.3971 28.1312C66.5516 22.029 61.3545 17.1309 55.0234 17.1309H44.9858C38.6548 17.1309 33.2903 22.0287 32.4448 28.1312C37.5314 27.676 43.6799 27.3358 50.0046 27.3358C56.3297 27.3358 62.3112 27.676 67.3971 28.1312Z\" fill=\"white\"><\/path><path d=\"M32.2715 59.9577C32.2715 66.8873 38.0562 72.5047 44.9858 72.5047V77.1309C44.9858 77.3912 45.0263 77.6498 45.1056 77.8973L47.7602 86.1741C48.685 88.0234 51.3242 88.0234 52.249 86.1741L54.7835 78.2713C54.9424 77.7756 55.0234 77.2587 55.0234 76.7384V72.5047C61.953 72.5047 67.5704 66.8873 67.5704 59.9577V46.5986C64.4517 46.8807 60.9667 47.1084 57.2948 47.2526C56.1889 53.0486 51.0989 57.4483 44.9858 57.4483H32.2715V59.9577Z\" fill=\"white\"><\/path><path d=\"M59.3676 47.0931C58.4313 47.1094 57.5143 47.1484 56.5655 47.1484C47.8415 47.1484 39.9773 47.0931 32.3898 46.8066L32.2763 57.5977H49.7233C54.191 57.5977 57.9611 53.1902 59.3676 47.0931Z\" fill=\"white\"><\/path><\/g><defs><clipPath id=\"clip0_269_2280\"><rect width=\"120\" height=\"120\" fill=\"white\"><\/rect><\/clipPath><\/defs><\/svg>\t\t\t\t\t\t<\/span>\n\t\t\t\t\t\t\t\t\t\t<span class=\"elementor-icon-list-text\">Agricultores Familiares<\/span>\n\t\t\t\t\t\t\t\t\t<\/li>\n\t\t\t\t\t\t<\/ul>\n\t\t\t\t\t\t<\/div>\n\t\t\t\t<div class=\"elementor-element elementor-element-575886 elementor-widget-divider--view-line elementor-widget elementor-widget-divider\" data-id=\"575886\" data-element_type=\"widget\" data-e-type=\"widget\" data-widget_type=\"divider.default\">\n\t\t\t\t\t\t\t<div class=\"elementor-divider\">\n\t\t\t<span class=\"elementor-divider-separator\">\n\t\t\t\t\t\t<\/span>\n\t\t<\/div>\n\t\t\t\t\t\t<\/div>\n\t\t\t\t<div class=\"elementor-element elementor-element-10971988 elementor-widget elementor-widget-text-editor\" data-id=\"10971988\" data-element_type=\"widget\" data-e-type=\"widget\" data-widget_type=\"text-editor.default\">\n\t\t\t\t\t\t\t\t\t<p>O campon\u00eas n\u00e3o trabalha, labuta&#8217; s\u00e3o palavras do fil\u00f3sofo\u00a0 Arist\u00f3teles. \u00c9 nesta via que\u00a0 apresentamos os agricultores\u00a0 familiares que s\u00e3o tamb\u00e9m\u00a0 chamados de camponeses,\u00a0 colonos, pequenos produtores\u00a0 familiares, trabalhadores\u00a0 rurais, entre outras\u00a0 denomina\u00e7\u00f5es. Em MT, este\u00a0 grupo est\u00e1 presente em diversos pontos do Estado.<\/p><p>Variando no tipo de produ\u00e7\u00e3o\u00a0 agr\u00edcola, t\u00eam prefer\u00eancia aos\u00a0 insumos com defensivos\u00a0 naturais e ao controle biol\u00f3gico das pragas, numa pr\u00e1tica\u00a0 agr\u00edcola que busca ser mais\u00a0 cuidadosa com o ambiente e\u00a0 com a sa\u00fade humana.<\/p><p>Uma extensa lista de viol\u00eancias tem caracterizado a luta destes\u00a0 povos na defesa de seus modos\u00a0 de vida e de seus territ\u00f3rios.\u00a0 Scolese (2008), ao avaliar os\u00a0 dados em conjunto do INPE,\u00a0 do IBGE, do Minist\u00e9rio do\u00a0 Trabalho e da CPT evidencia\u00a0 que os munic\u00edpios que mais\u00a0 desmatam na regi\u00e3o amaz\u00f4nica s\u00e3o tamb\u00e9m os que mais\u00a0 registram trabalho escravo e\u00a0 viol\u00eancia no campo.<\/p><p>Os conflitos sociais no campo,\u00a0 no Brasil, n\u00e3o s\u00e3o de\u00a0 exclusividade dos nossos\u00a0 tempos.<\/p><p>S\u00e3o marcas do desenvolvimento e do processo\u00a0 de ocupa\u00e7\u00e3o do campo no pa\u00eds (OLIVEIRA, 1994). Nesta luta,\u00a0 desde os anos 80, o MST??? MT, se destaca como uma for\u00e7a\u00a0 organizativa que\u00a0 representa os agricultores\u00a0 familiares na acirrada luta em\u00a0 favor da reforma agr\u00e1ria no\u00a0 Estado de MT.<\/p><p>Associado as atividades de agricultura, em sua maioria,\u00a0 estes povos s\u00e3o tamb\u00e9m\u00a0 extrativistas, com intensa\u00a0 rela\u00e7\u00e3o \u00e0s atividades da\u00a0 agricultura familiar. Alguns agricultores familiares\u00a0 desenvolvem pequenas\u00a0 atividades, como: a produ\u00e7\u00e3o\u00a0 de farinha de mandioca que\u00a0 utilizam em seu fazer o ralo,\u00a0 caititu, prensa, o sucuri, p\u00e1,\u00a0 peneira, pil\u00e3o e tachos para\u00a0 torrar.<\/p><p>A produ\u00e7\u00e3o de rapadura que \u00e9 feita do caldo de cana de\u00a0 a\u00e7\u00facar, configura???se como\u00a0 forte express\u00e3o das\u00a0 comunidades ao longo do Rio\u00a0 Cuiab\u00e1, nos munic\u00edpios de\u00a0 Bar\u00e3o de Melga\u00e7o e Pocon\u00e9.\u00a0 Em seu fazer utilizam o\u00a0 engenho artesanal, a fornalha,\u00a0 gamela, mesa e grade para a\u00a0 secagem. Alguns t\u00eam tamb\u00e9m\u00a0 como parte de suas atividades a\u00a0 produ\u00e7\u00e3o do mel,\u00a0 geralmente, em pequena escala\u00a0 para a subsist\u00eancia\u00a0 familiar.\u00a0<\/p>\t\t\t\t\t\t\t\t<\/div>\n\t\t\t\t<\/div>\n\t\t<div class=\"elementor-element elementor-element-e682fca e-con-full e-flex e-con e-child\" data-id=\"e682fca\" data-element_type=\"container\" data-e-type=\"container\">\n\t\t\t\t<div class=\"elementor-element elementor-element-6afd593d elementor-widget elementor-widget-image\" data-id=\"6afd593d\" data-element_type=\"widget\" data-e-type=\"widget\" data-widget_type=\"image.default\">\n\t\t\t\t\t\t\t\t\t\t\t\t\t\t\t\t<a href=\"https:\/\/mapasocialmt.org.br\/mapa\/#grupo=agricultores\" target=\"_blank\">\n\t\t\t\t\t\t\t<img fetchpriority=\"high\" decoding=\"async\" width=\"1108\" height=\"834\" src=\"https:\/\/mapasocialmt.org.br\/site\/wp-content\/uploads\/2025\/10\/Agricultores-Familiares.jpg\" class=\"attachment-full size-full wp-image-759\" alt=\"\" srcset=\"https:\/\/mapasocialmt.org.br\/site\/wp-content\/uploads\/2025\/10\/Agricultores-Familiares.jpg 1108w, https:\/\/mapasocialmt.org.br\/site\/wp-content\/uploads\/2025\/10\/Agricultores-Familiares-300x226.jpg 300w, https:\/\/mapasocialmt.org.br\/site\/wp-content\/uploads\/2025\/10\/Agricultores-Familiares-1024x771.jpg 1024w, https:\/\/mapasocialmt.org.br\/site\/wp-content\/uploads\/2025\/10\/Agricultores-Familiares-768x578.jpg 768w\" sizes=\"(max-width: 1108px) 100vw, 1108px\" \/>\t\t\t\t\t\t\t\t<\/a>\n\t\t\t\t\t\t\t\t\t\t\t\t\t\t\t<\/div>\n\t\t\t\t<div class=\"elementor-element elementor-element-78f5d0e7 elementor-widget elementor-widget-button\" data-id=\"78f5d0e7\" data-element_type=\"widget\" data-e-type=\"widget\" data-widget_type=\"button.default\">\n\t\t\t\t\t\t\t\t\t\t<a class=\"elementor-button elementor-button-link elementor-size-sm\" href=\"https:\/\/mapasocialmt.org.br\/mapa\/#grupo=agricultores\" target=\"_blank\">\n\t\t\t\t\t\t<span class=\"elementor-button-content-wrapper\">\n\t\t\t\t\t\t\t\t\t<span class=\"elementor-button-text\">Mapa completo<\/span>\n\t\t\t\t\t<\/span>\n\t\t\t\t\t<\/a>\n\t\t\t\t\t\t\t\t<\/div>\n\t\t\t\t<div class=\"elementor-element elementor-element-de28c1f elementor-widget elementor-widget-text-editor\" data-id=\"de28c1f\" data-element_type=\"widget\" data-e-type=\"widget\" data-widget_type=\"text-editor.default\">\n\t\t\t\t\t\t\t\t\t<p>Refer\u00eancia: SILVA, Regina Aparecida da. Do invis\u00edvel ao vis\u00edvel: o mapeamento dos grupos sociais do estado de Mato Grosso &#8211; Brasil. S\u00e3o Carlos: UFscar, 2011.<br \/><br \/><\/p>\t\t\t\t\t\t\t\t<\/div>\n\t\t\t\t<\/div>\n\t\t\t\t\t<\/div>\n\t\t\t\t<\/div>\n\t\t\t\t<\/div>\n\t\t","protected":false},"excerpt":{"rendered":"<p>Agricultores Familiares O campon\u00eas n\u00e3o trabalha, labuta&#8217; s\u00e3o palavras do fil\u00f3sofo\u00a0 Arist\u00f3teles. \u00c9 nesta via que\u00a0 apresentamos os agricultores\u00a0 familiares que s\u00e3o tamb\u00e9m\u00a0 chamados de camponeses,\u00a0 colonos, pequenos produtores\u00a0 familiares, trabalhadores\u00a0 rurais, entre outras\u00a0 denomina\u00e7\u00f5es. Em MT, este\u00a0 grupo est\u00e1 presente em diversos pontos do Estado. Variando no tipo de produ\u00e7\u00e3o\u00a0 agr\u00edcola, t\u00eam prefer\u00eancia aos\u00a0 [&hellip;]<\/p>\n","protected":false},"author":1,"featured_media":0,"parent":0,"menu_order":0,"comment_status":"closed","ping_status":"closed","template":"elementor_header_footer","meta":{"footnotes":""},"class_list":["post-753","page","type-page","status-publish","hentry"],"yoast_head":"<!-- This site is optimized with the Yoast SEO plugin v27.5 - https:\/\/yoast.com\/product\/yoast-seo-wordpress\/ -->\n<title>Agricultores Familiares - Mapa Social MT<\/title>\n<meta name=\"robots\" content=\"noindex, follow\" \/>\n<meta property=\"og:locale\" content=\"pt_BR\" \/>\n<meta property=\"og:type\" content=\"article\" \/>\n<meta property=\"og:title\" content=\"Agricultores Familiares - Mapa Social MT\" \/>\n<meta property=\"og:description\" content=\"Agricultores Familiares O campon\u00eas n\u00e3o trabalha, labuta&#8217; s\u00e3o palavras do fil\u00f3sofo\u00a0 Arist\u00f3teles. \u00c9 nesta via que\u00a0 apresentamos os agricultores\u00a0 familiares que s\u00e3o tamb\u00e9m\u00a0 chamados de camponeses,\u00a0 colonos, pequenos produtores\u00a0 familiares, trabalhadores\u00a0 rurais, entre outras\u00a0 denomina\u00e7\u00f5es. Em MT, este\u00a0 grupo est\u00e1 presente em diversos pontos do Estado. Variando no tipo de produ\u00e7\u00e3o\u00a0 agr\u00edcola, t\u00eam prefer\u00eancia aos\u00a0 [&hellip;]\" \/>\n<meta property=\"og:url\" content=\"https:\/\/mapasocialmt.org.br\/site\/agricultores-familiares\/\" \/>\n<meta property=\"og:site_name\" content=\"Mapa Social MT\" \/>\n<meta property=\"article:modified_time\" content=\"2025-11-14T12:08:24+00:00\" \/>\n<meta property=\"og:image\" content=\"https:\/\/mapasocialmt.org.br\/site\/wp-content\/uploads\/2025\/10\/Agricultores-Familiares.jpg\" \/>\n<meta name=\"twitter:card\" content=\"summary_large_image\" \/>\n<meta name=\"twitter:label1\" content=\"Est. tempo de leitura\" \/>\n\t<meta name=\"twitter:data1\" content=\"3 minutos\" \/>\n<script type=\"application\/ld+json\" class=\"yoast-schema-graph\">{\"@context\":\"https:\\\/\\\/schema.org\",\"@graph\":[{\"@type\":\"WebPage\",\"@id\":\"https:\\\/\\\/mapasocialmt.org.br\\\/site\\\/agricultores-familiares\\\/\",\"url\":\"https:\\\/\\\/mapasocialmt.org.br\\\/site\\\/agricultores-familiares\\\/\",\"name\":\"Agricultores Familiares - Mapa Social MT\",\"isPartOf\":{\"@id\":\"https:\\\/\\\/mapasocialmt.org.br\\\/site\\\/#website\"},\"primaryImageOfPage\":{\"@id\":\"https:\\\/\\\/mapasocialmt.org.br\\\/site\\\/agricultores-familiares\\\/#primaryimage\"},\"image\":{\"@id\":\"https:\\\/\\\/mapasocialmt.org.br\\\/site\\\/agricultores-familiares\\\/#primaryimage\"},\"thumbnailUrl\":\"https:\\\/\\\/mapasocialmt.org.br\\\/site\\\/wp-content\\\/uploads\\\/2025\\\/10\\\/Agricultores-Familiares.jpg\",\"datePublished\":\"2025-10-07T18:30:20+00:00\",\"dateModified\":\"2025-11-14T12:08:24+00:00\",\"breadcrumb\":{\"@id\":\"https:\\\/\\\/mapasocialmt.org.br\\\/site\\\/agricultores-familiares\\\/#breadcrumb\"},\"inLanguage\":\"pt-BR\",\"potentialAction\":[{\"@type\":\"ReadAction\",\"target\":[\"https:\\\/\\\/mapasocialmt.org.br\\\/site\\\/agricultores-familiares\\\/\"]}]},{\"@type\":\"ImageObject\",\"inLanguage\":\"pt-BR\",\"@id\":\"https:\\\/\\\/mapasocialmt.org.br\\\/site\\\/agricultores-familiares\\\/#primaryimage\",\"url\":\"https:\\\/\\\/mapasocialmt.org.br\\\/site\\\/wp-content\\\/uploads\\\/2025\\\/10\\\/Agricultores-Familiares.jpg\",\"contentUrl\":\"https:\\\/\\\/mapasocialmt.org.br\\\/site\\\/wp-content\\\/uploads\\\/2025\\\/10\\\/Agricultores-Familiares.jpg\",\"width\":1108,\"height\":834},{\"@type\":\"BreadcrumbList\",\"@id\":\"https:\\\/\\\/mapasocialmt.org.br\\\/site\\\/agricultores-familiares\\\/#breadcrumb\",\"itemListElement\":[{\"@type\":\"ListItem\",\"position\":1,\"name\":\"In\u00edcio\",\"item\":\"https:\\\/\\\/mapasocialmt.org.br\\\/site\\\/\"},{\"@type\":\"ListItem\",\"position\":2,\"name\":\"Agricultores Familiares &#8211; Mapa Social MT\"}]},{\"@type\":\"WebSite\",\"@id\":\"https:\\\/\\\/mapasocialmt.org.br\\\/site\\\/#website\",\"url\":\"https:\\\/\\\/mapasocialmt.org.br\\\/site\\\/\",\"name\":\"Mapa Social MT\",\"description\":\"\",\"publisher\":{\"@id\":\"https:\\\/\\\/mapasocialmt.org.br\\\/site\\\/#organization\"},\"potentialAction\":[{\"@type\":\"SearchAction\",\"target\":{\"@type\":\"EntryPoint\",\"urlTemplate\":\"https:\\\/\\\/mapasocialmt.org.br\\\/site\\\/?s={search_term_string}\"},\"query-input\":{\"@type\":\"PropertyValueSpecification\",\"valueRequired\":true,\"valueName\":\"search_term_string\"}}],\"inLanguage\":\"pt-BR\"},{\"@type\":\"Organization\",\"@id\":\"https:\\\/\\\/mapasocialmt.org.br\\\/site\\\/#organization\",\"name\":\"Mapa Social MT\",\"url\":\"https:\\\/\\\/mapasocialmt.org.br\\\/site\\\/\",\"logo\":{\"@type\":\"ImageObject\",\"inLanguage\":\"pt-BR\",\"@id\":\"https:\\\/\\\/mapasocialmt.org.br\\\/site\\\/#\\\/schema\\\/logo\\\/image\\\/\",\"url\":\"https:\\\/\\\/mapasocialmt.org.br\\\/site\\\/wp-content\\\/uploads\\\/2025\\\/10\\\/MapaSocial.jpg\",\"contentUrl\":\"https:\\\/\\\/mapasocialmt.org.br\\\/site\\\/wp-content\\\/uploads\\\/2025\\\/10\\\/MapaSocial.jpg\",\"width\":512,\"height\":512,\"caption\":\"Mapa Social MT\"},\"image\":{\"@id\":\"https:\\\/\\\/mapasocialmt.org.br\\\/site\\\/#\\\/schema\\\/logo\\\/image\\\/\"}}]}<\/script>\n<!-- \/ Yoast SEO plugin. -->","yoast_head_json":{"title":"Agricultores Familiares - Mapa Social MT","robots":{"index":"noindex","follow":"follow"},"og_locale":"pt_BR","og_type":"article","og_title":"Agricultores Familiares - Mapa Social MT","og_description":"Agricultores Familiares O campon\u00eas n\u00e3o trabalha, labuta&#8217; s\u00e3o palavras do fil\u00f3sofo\u00a0 Arist\u00f3teles. \u00c9 nesta via que\u00a0 apresentamos os agricultores\u00a0 familiares que s\u00e3o tamb\u00e9m\u00a0 chamados de camponeses,\u00a0 colonos, pequenos produtores\u00a0 familiares, trabalhadores\u00a0 rurais, entre outras\u00a0 denomina\u00e7\u00f5es. Em MT, este\u00a0 grupo est\u00e1 presente em diversos pontos do Estado. Variando no tipo de produ\u00e7\u00e3o\u00a0 agr\u00edcola, t\u00eam prefer\u00eancia aos\u00a0 [&hellip;]","og_url":"https:\/\/mapasocialmt.org.br\/site\/agricultores-familiares\/","og_site_name":"Mapa Social MT","article_modified_time":"2025-11-14T12:08:24+00:00","og_image":[{"url":"https:\/\/mapasocialmt.org.br\/site\/wp-content\/uploads\/2025\/10\/Agricultores-Familiares.jpg","type":"","width":"","height":""}],"twitter_card":"summary_large_image","twitter_misc":{"Est. tempo de leitura":"3 minutos"},"schema":{"@context":"https:\/\/schema.org","@graph":[{"@type":"WebPage","@id":"https:\/\/mapasocialmt.org.br\/site\/agricultores-familiares\/","url":"https:\/\/mapasocialmt.org.br\/site\/agricultores-familiares\/","name":"Agricultores Familiares - Mapa Social MT","isPartOf":{"@id":"https:\/\/mapasocialmt.org.br\/site\/#website"},"primaryImageOfPage":{"@id":"https:\/\/mapasocialmt.org.br\/site\/agricultores-familiares\/#primaryimage"},"image":{"@id":"https:\/\/mapasocialmt.org.br\/site\/agricultores-familiares\/#primaryimage"},"thumbnailUrl":"https:\/\/mapasocialmt.org.br\/site\/wp-content\/uploads\/2025\/10\/Agricultores-Familiares.jpg","datePublished":"2025-10-07T18:30:20+00:00","dateModified":"2025-11-14T12:08:24+00:00","breadcrumb":{"@id":"https:\/\/mapasocialmt.org.br\/site\/agricultores-familiares\/#breadcrumb"},"inLanguage":"pt-BR","potentialAction":[{"@type":"ReadAction","target":["https:\/\/mapasocialmt.org.br\/site\/agricultores-familiares\/"]}]},{"@type":"ImageObject","inLanguage":"pt-BR","@id":"https:\/\/mapasocialmt.org.br\/site\/agricultores-familiares\/#primaryimage","url":"https:\/\/mapasocialmt.org.br\/site\/wp-content\/uploads\/2025\/10\/Agricultores-Familiares.jpg","contentUrl":"https:\/\/mapasocialmt.org.br\/site\/wp-content\/uploads\/2025\/10\/Agricultores-Familiares.jpg","width":1108,"height":834},{"@type":"BreadcrumbList","@id":"https:\/\/mapasocialmt.org.br\/site\/agricultores-familiares\/#breadcrumb","itemListElement":[{"@type":"ListItem","position":1,"name":"In\u00edcio","item":"https:\/\/mapasocialmt.org.br\/site\/"},{"@type":"ListItem","position":2,"name":"Agricultores Familiares &#8211; Mapa Social MT"}]},{"@type":"WebSite","@id":"https:\/\/mapasocialmt.org.br\/site\/#website","url":"https:\/\/mapasocialmt.org.br\/site\/","name":"Mapa Social MT","description":"","publisher":{"@id":"https:\/\/mapasocialmt.org.br\/site\/#organization"},"potentialAction":[{"@type":"SearchAction","target":{"@type":"EntryPoint","urlTemplate":"https:\/\/mapasocialmt.org.br\/site\/?s={search_term_string}"},"query-input":{"@type":"PropertyValueSpecification","valueRequired":true,"valueName":"search_term_string"}}],"inLanguage":"pt-BR"},{"@type":"Organization","@id":"https:\/\/mapasocialmt.org.br\/site\/#organization","name":"Mapa Social MT","url":"https:\/\/mapasocialmt.org.br\/site\/","logo":{"@type":"ImageObject","inLanguage":"pt-BR","@id":"https:\/\/mapasocialmt.org.br\/site\/#\/schema\/logo\/image\/","url":"https:\/\/mapasocialmt.org.br\/site\/wp-content\/uploads\/2025\/10\/MapaSocial.jpg","contentUrl":"https:\/\/mapasocialmt.org.br\/site\/wp-content\/uploads\/2025\/10\/MapaSocial.jpg","width":512,"height":512,"caption":"Mapa Social MT"},"image":{"@id":"https:\/\/mapasocialmt.org.br\/site\/#\/schema\/logo\/image\/"}}]}},"_links":{"self":[{"href":"https:\/\/mapasocialmt.org.br\/site\/wp-json\/wp\/v2\/pages\/753","targetHints":{"allow":["GET"]}}],"collection":[{"href":"https:\/\/mapasocialmt.org.br\/site\/wp-json\/wp\/v2\/pages"}],"about":[{"href":"https:\/\/mapasocialmt.org.br\/site\/wp-json\/wp\/v2\/types\/page"}],"author":[{"embeddable":true,"href":"https:\/\/mapasocialmt.org.br\/site\/wp-json\/wp\/v2\/users\/1"}],"replies":[{"embeddable":true,"href":"https:\/\/mapasocialmt.org.br\/site\/wp-json\/wp\/v2\/comments?post=753"}],"version-history":[{"count":31,"href":"https:\/\/mapasocialmt.org.br\/site\/wp-json\/wp\/v2\/pages\/753\/revisions"}],"predecessor-version":[{"id":1248,"href":"https:\/\/mapasocialmt.org.br\/site\/wp-json\/wp\/v2\/pages\/753\/revisions\/1248"}],"wp:attachment":[{"href":"https:\/\/mapasocialmt.org.br\/site\/wp-json\/wp\/v2\/media?parent=753"}],"curies":[{"name":"wp","href":"https:\/\/api.w.org\/{rel}","templated":true}]}}