{"id":656,"date":"2025-10-07T12:07:28","date_gmt":"2025-10-07T15:07:28","guid":{"rendered":"https:\/\/mapasocialmt.org.br\/site\/?page_id=656"},"modified":"2025-11-14T09:07:13","modified_gmt":"2025-11-14T12:07:13","slug":"acampados","status":"publish","type":"page","link":"https:\/\/mapasocialmt.org.br\/site\/acampados\/","title":{"rendered":"Acampados &#8211; Mapa Social MT"},"content":{"rendered":"\t\t<div data-elementor-type=\"wp-page\" data-elementor-id=\"656\" class=\"elementor elementor-656\" data-elementor-post-type=\"page\">\n\t\t\t\t<div class=\"elementor-element elementor-element-4d36c3d e-flex e-con-boxed e-con e-parent\" data-id=\"4d36c3d\" data-element_type=\"container\" data-e-type=\"container\">\n\t\t\t\t\t<div class=\"e-con-inner\">\n\t\t<div class=\"elementor-element elementor-element-80946aa e-con-full e-flex e-con e-child\" data-id=\"80946aa\" data-element_type=\"container\" data-e-type=\"container\">\n\t\t\t\t<div class=\"elementor-element elementor-element-c020e80 elementor-icon-list--layout-traditional elementor-list-item-link-full_width elementor-widget elementor-widget-icon-list\" data-id=\"c020e80\" data-element_type=\"widget\" data-e-type=\"widget\" data-widget_type=\"icon-list.default\">\n\t\t\t\t\t\t\t<ul class=\"elementor-icon-list-items\">\n\t\t\t\t\t\t\t<li class=\"elementor-icon-list-item\">\n\t\t\t\t\t\t\t\t\t\t\t<span class=\"elementor-icon-list-icon\">\n\t\t\t\t\t\t\t<svg xmlns=\"http:\/\/www.w3.org\/2000\/svg\" width=\"120\" height=\"120\" viewBox=\"0 0 120 120\" fill=\"none\"><g clip-path=\"url(#clip0_269_2276)\"><rect y=\"-0.0839844\" width=\"120\" height=\"120\" rx=\"9.64286\" fill=\"#D8324D\"><\/rect><path d=\"M17.1469 96.4538C17.1469 97.9209 17.6611 99.1623 18.6896 100.178C19.7182 101.194 21.0038 101.701 22.5466 101.701C24.0894 101.701 25.3465 101.194 26.3178 100.178C27.2892 99.1623 27.8035 97.9209 27.8606 96.4538V22.3949C27.8606 20.9278 27.3464 19.6864 26.3178 18.6708C25.2893 17.6551 24.0322 17.1191 22.5466 17.0626C21.061 17.0062 19.7753 17.5422 18.6896 18.6708C17.604 19.7993 17.0897 21.0406 17.1469 22.3949V96.4538ZM33.2603 64.7143H60.0019C64.0131 80.9624 102.857 75.2941 102.857 75.2941L92.1431 54.1344L102.857 32.9747H70.7156C66.7395 18.8983 33.2603 22.3949 33.2603 22.3949V64.7143Z\" fill=\"white\"><\/path><\/g><defs><clipPath id=\"clip0_269_2276\"><rect width=\"120\" height=\"120\" fill=\"white\"><\/rect><\/clipPath><\/defs><\/svg>\t\t\t\t\t\t<\/span>\n\t\t\t\t\t\t\t\t\t\t<span class=\"elementor-icon-list-text\">Acampados<\/span>\n\t\t\t\t\t\t\t\t\t<\/li>\n\t\t\t\t\t\t<\/ul>\n\t\t\t\t\t\t<\/div>\n\t\t\t\t<div class=\"elementor-element elementor-element-5f805d1 elementor-widget-divider--view-line elementor-widget elementor-widget-divider\" data-id=\"5f805d1\" data-element_type=\"widget\" data-e-type=\"widget\" data-widget_type=\"divider.default\">\n\t\t\t\t\t\t\t<div class=\"elementor-divider\">\n\t\t\t<span class=\"elementor-divider-separator\">\n\t\t\t\t\t\t<\/span>\n\t\t<\/div>\n\t\t\t\t\t\t<\/div>\n\t\t\t\t<div class=\"elementor-element elementor-element-5ac0ab2 elementor-widget elementor-widget-text-editor\" data-id=\"5ac0ab2\" data-element_type=\"widget\" data-e-type=\"widget\" data-widget_type=\"text-editor.default\">\n\t\t\t\t\t\t\t\t\t<p>O Estado de MT possui uma intensa concentra\u00e7\u00e3o fundi\u00e1ria e os acampamentos s\u00e3o express\u00f5es de resist\u00eancia a este modelo implantado. Atualmente, os acampados est\u00e3o em mais de 500 acampamentos que lutam pela reforma agr\u00e1ria. De acordo com a coordena\u00e7\u00e3o estadual do MST-MT, somente neste movimento, s\u00e3o mais de 3.000 fam\u00edlias buscando ser assentados. Na regi\u00e3o Araguaia, destacamos a atua\u00e7\u00e3o do bispo Dom Pedro Casald\u00e1liga como parceiro importante nestas lutas camponesas.<br \/><br \/>Participaram dos semin\u00e1rios de mapeamento representantes de acampamentos nos munic\u00edpios de Terra Nova do Norte, Marcel\u00e2ndia, Col\u00edder, C\u00e1ceres, Jaciara, Nova Cana\u00e3 do Norte, Rondon\u00f3polis, Nova Santa Helena, Cl\u00e1udia, Gl\u00f3ria do Oeste, Porto Esperidi\u00e3o, Tangar\u00e1 da Serra, etc. De acordo com SARDINHA (2011), atualmente, o estado de MT apresenta 144 acampamentos com mais de 14.000 fam\u00edlias apoiadas por diversas organiza\u00e7\u00f5es:<\/p>\t\t\t\t\t\t\t\t<\/div>\n\t\t\t\t<div class=\"elementor-element elementor-element-56c248b elementor-widget elementor-widget-html\" data-id=\"56c248b\" data-element_type=\"widget\" data-e-type=\"widget\" data-widget_type=\"html.default\">\n\t\t\t\t\t<div class=\"ms-table\">\r\n  <table>\r\n    <thead>\r\n      <tr>\r\n        <th>Organiza\u00e7\u00e3o<\/th>\r\n        <th>N\u00famero de<br>Acampamentos<\/th>\r\n        <th>N\u00famero de Fam\u00edlias\r\n\r\n<\/th>\r\n      <\/tr>\r\n    <\/thead>\r\n    <tbody>\r\n      <tr><td>MST<\/td><td>28<\/td><td>3.000<\/td><\/tr>\r\n      <tr><td>MTA<\/td><td>16<\/td><td>2.183<\/td><\/tr>\r\n      <tr><td>FETAGRI<\/td><td>32<\/td><td>3.208<\/td><\/tr>\r\n      <tr><td>CPT<\/td><td>36<\/td><td>4.875<\/td><\/tr>\r\n      <tr><td>ASSOCIA\u00c7\u00d5ES<\/td><td>32<\/td><td>1.566<\/td><\/tr>\r\n    <\/tbody>\r\n  <\/table>\r\n  <p class=\"ms-caption\">Fonte: INCRA SR-15\/MT 2011.<\/p>\r\n<\/div>\r\n\t\t\t\t<\/div>\n\t\t\t\t<\/div>\n\t\t<div class=\"elementor-element elementor-element-b38664f e-con-full e-flex e-con e-child\" data-id=\"b38664f\" data-element_type=\"container\" data-e-type=\"container\">\n\t\t\t\t<div class=\"elementor-element elementor-element-1dfa0f1 elementor-widget elementor-widget-image\" data-id=\"1dfa0f1\" data-element_type=\"widget\" data-e-type=\"widget\" data-widget_type=\"image.default\">\n\t\t\t\t\t\t\t\t\t\t\t\t\t\t\t\t<a href=\"https:\/\/mapasocialmt.org.br\/mapa\/#grupo=acampados\" target=\"_blank\">\n\t\t\t\t\t\t\t<img fetchpriority=\"high\" decoding=\"async\" width=\"1023\" height=\"816\" src=\"https:\/\/mapasocialmt.org.br\/site\/wp-content\/uploads\/2025\/10\/acampados.jpg\" class=\"attachment-full size-full wp-image-703\" alt=\"\" srcset=\"https:\/\/mapasocialmt.org.br\/site\/wp-content\/uploads\/2025\/10\/acampados.jpg 1023w, https:\/\/mapasocialmt.org.br\/site\/wp-content\/uploads\/2025\/10\/acampados-300x239.jpg 300w, https:\/\/mapasocialmt.org.br\/site\/wp-content\/uploads\/2025\/10\/acampados-768x613.jpg 768w\" sizes=\"(max-width: 1023px) 100vw, 1023px\" \/>\t\t\t\t\t\t\t\t<\/a>\n\t\t\t\t\t\t\t\t\t\t\t\t\t\t\t<\/div>\n\t\t\t\t<div class=\"elementor-element elementor-element-a7d9353 elementor-widget elementor-widget-button\" data-id=\"a7d9353\" data-element_type=\"widget\" data-e-type=\"widget\" data-widget_type=\"button.default\">\n\t\t\t\t\t\t\t\t\t\t<a class=\"elementor-button elementor-button-link elementor-size-sm\" href=\"https:\/\/mapasocialmt.org.br\/mapa\/#grupo=acampados\" target=\"_blank\">\n\t\t\t\t\t\t<span class=\"elementor-button-content-wrapper\">\n\t\t\t\t\t\t\t\t\t<span class=\"elementor-button-text\">Mapa completo<\/span>\n\t\t\t\t\t<\/span>\n\t\t\t\t\t<\/a>\n\t\t\t\t\t\t\t\t<\/div>\n\t\t\t\t<div class=\"elementor-element elementor-element-c3ffc83 elementor-widget elementor-widget-text-editor\" data-id=\"c3ffc83\" data-element_type=\"widget\" data-e-type=\"widget\" data-widget_type=\"text-editor.default\">\n\t\t\t\t\t\t\t\t\t<p>Refer\u00eancia: SILVA, Regina Aparecida da. Do invis\u00edvel ao vis\u00edvel: o mapeamento dos grupos sociais do estado de Mato Grosso &#8211; Brasil. S\u00e3o Carlos: UFscar, 2011.<\/p><p>\u00a0<\/p>\t\t\t\t\t\t\t\t<\/div>\n\t\t\t\t<\/div>\n\t\t\t\t\t<\/div>\n\t\t\t\t<\/div>\n\t\t\t\t<\/div>\n\t\t","protected":false},"excerpt":{"rendered":"<p>Acampados O Estado de MT possui uma intensa concentra\u00e7\u00e3o fundi\u00e1ria e os acampamentos s\u00e3o express\u00f5es de resist\u00eancia a este modelo implantado. Atualmente, os acampados est\u00e3o em mais de 500 acampamentos que lutam pela reforma agr\u00e1ria. De acordo com a coordena\u00e7\u00e3o estadual do MST-MT, somente neste movimento, s\u00e3o mais de 3.000 fam\u00edlias buscando ser assentados. Na [&hellip;]<\/p>\n","protected":false},"author":1,"featured_media":0,"parent":0,"menu_order":0,"comment_status":"closed","ping_status":"closed","template":"elementor_header_footer","meta":{"footnotes":""},"class_list":["post-656","page","type-page","status-publish","hentry"],"yoast_head":"<!-- This site is optimized with the Yoast SEO plugin v27.5 - https:\/\/yoast.com\/product\/yoast-seo-wordpress\/ -->\n<title>Acampados - Mapa Social MT<\/title>\n<meta name=\"robots\" content=\"noindex, follow\" \/>\n<meta property=\"og:locale\" content=\"pt_BR\" \/>\n<meta property=\"og:type\" content=\"article\" \/>\n<meta property=\"og:title\" content=\"Acampados - Mapa Social MT\" \/>\n<meta property=\"og:description\" content=\"Acampados O Estado de MT possui uma intensa concentra\u00e7\u00e3o fundi\u00e1ria e os acampamentos s\u00e3o express\u00f5es de resist\u00eancia a este modelo implantado. Atualmente, os acampados est\u00e3o em mais de 500 acampamentos que lutam pela reforma agr\u00e1ria. De acordo com a coordena\u00e7\u00e3o estadual do MST-MT, somente neste movimento, s\u00e3o mais de 3.000 fam\u00edlias buscando ser assentados. Na [&hellip;]\" \/>\n<meta property=\"og:url\" content=\"https:\/\/mapasocialmt.org.br\/site\/acampados\/\" \/>\n<meta property=\"og:site_name\" content=\"Mapa Social MT\" \/>\n<meta property=\"article:modified_time\" content=\"2025-11-14T12:07:13+00:00\" \/>\n<meta property=\"og:image\" content=\"https:\/\/mapasocialmt.org.br\/site\/wp-content\/uploads\/2025\/10\/acampados.jpg\" \/>\n<meta name=\"twitter:card\" content=\"summary_large_image\" \/>\n<meta name=\"twitter:label1\" content=\"Est. tempo de leitura\" \/>\n\t<meta name=\"twitter:data1\" content=\"2 minutos\" \/>\n<script type=\"application\/ld+json\" class=\"yoast-schema-graph\">{\"@context\":\"https:\\\/\\\/schema.org\",\"@graph\":[{\"@type\":\"WebPage\",\"@id\":\"https:\\\/\\\/mapasocialmt.org.br\\\/site\\\/acampados\\\/\",\"url\":\"https:\\\/\\\/mapasocialmt.org.br\\\/site\\\/acampados\\\/\",\"name\":\"Acampados - Mapa Social MT\",\"isPartOf\":{\"@id\":\"https:\\\/\\\/mapasocialmt.org.br\\\/site\\\/#website\"},\"primaryImageOfPage\":{\"@id\":\"https:\\\/\\\/mapasocialmt.org.br\\\/site\\\/acampados\\\/#primaryimage\"},\"image\":{\"@id\":\"https:\\\/\\\/mapasocialmt.org.br\\\/site\\\/acampados\\\/#primaryimage\"},\"thumbnailUrl\":\"https:\\\/\\\/mapasocialmt.org.br\\\/site\\\/wp-content\\\/uploads\\\/2025\\\/10\\\/acampados.jpg\",\"datePublished\":\"2025-10-07T15:07:28+00:00\",\"dateModified\":\"2025-11-14T12:07:13+00:00\",\"breadcrumb\":{\"@id\":\"https:\\\/\\\/mapasocialmt.org.br\\\/site\\\/acampados\\\/#breadcrumb\"},\"inLanguage\":\"pt-BR\",\"potentialAction\":[{\"@type\":\"ReadAction\",\"target\":[\"https:\\\/\\\/mapasocialmt.org.br\\\/site\\\/acampados\\\/\"]}]},{\"@type\":\"ImageObject\",\"inLanguage\":\"pt-BR\",\"@id\":\"https:\\\/\\\/mapasocialmt.org.br\\\/site\\\/acampados\\\/#primaryimage\",\"url\":\"https:\\\/\\\/mapasocialmt.org.br\\\/site\\\/wp-content\\\/uploads\\\/2025\\\/10\\\/acampados.jpg\",\"contentUrl\":\"https:\\\/\\\/mapasocialmt.org.br\\\/site\\\/wp-content\\\/uploads\\\/2025\\\/10\\\/acampados.jpg\",\"width\":1023,\"height\":816},{\"@type\":\"BreadcrumbList\",\"@id\":\"https:\\\/\\\/mapasocialmt.org.br\\\/site\\\/acampados\\\/#breadcrumb\",\"itemListElement\":[{\"@type\":\"ListItem\",\"position\":1,\"name\":\"In\u00edcio\",\"item\":\"https:\\\/\\\/mapasocialmt.org.br\\\/site\\\/\"},{\"@type\":\"ListItem\",\"position\":2,\"name\":\"Acampados &#8211; Mapa Social MT\"}]},{\"@type\":\"WebSite\",\"@id\":\"https:\\\/\\\/mapasocialmt.org.br\\\/site\\\/#website\",\"url\":\"https:\\\/\\\/mapasocialmt.org.br\\\/site\\\/\",\"name\":\"Mapa Social MT\",\"description\":\"\",\"publisher\":{\"@id\":\"https:\\\/\\\/mapasocialmt.org.br\\\/site\\\/#organization\"},\"potentialAction\":[{\"@type\":\"SearchAction\",\"target\":{\"@type\":\"EntryPoint\",\"urlTemplate\":\"https:\\\/\\\/mapasocialmt.org.br\\\/site\\\/?s={search_term_string}\"},\"query-input\":{\"@type\":\"PropertyValueSpecification\",\"valueRequired\":true,\"valueName\":\"search_term_string\"}}],\"inLanguage\":\"pt-BR\"},{\"@type\":\"Organization\",\"@id\":\"https:\\\/\\\/mapasocialmt.org.br\\\/site\\\/#organization\",\"name\":\"Mapa Social MT\",\"url\":\"https:\\\/\\\/mapasocialmt.org.br\\\/site\\\/\",\"logo\":{\"@type\":\"ImageObject\",\"inLanguage\":\"pt-BR\",\"@id\":\"https:\\\/\\\/mapasocialmt.org.br\\\/site\\\/#\\\/schema\\\/logo\\\/image\\\/\",\"url\":\"https:\\\/\\\/mapasocialmt.org.br\\\/site\\\/wp-content\\\/uploads\\\/2025\\\/10\\\/MapaSocial.jpg\",\"contentUrl\":\"https:\\\/\\\/mapasocialmt.org.br\\\/site\\\/wp-content\\\/uploads\\\/2025\\\/10\\\/MapaSocial.jpg\",\"width\":512,\"height\":512,\"caption\":\"Mapa Social MT\"},\"image\":{\"@id\":\"https:\\\/\\\/mapasocialmt.org.br\\\/site\\\/#\\\/schema\\\/logo\\\/image\\\/\"}}]}<\/script>\n<!-- \/ Yoast SEO plugin. -->","yoast_head_json":{"title":"Acampados - Mapa Social MT","robots":{"index":"noindex","follow":"follow"},"og_locale":"pt_BR","og_type":"article","og_title":"Acampados - Mapa Social MT","og_description":"Acampados O Estado de MT possui uma intensa concentra\u00e7\u00e3o fundi\u00e1ria e os acampamentos s\u00e3o express\u00f5es de resist\u00eancia a este modelo implantado. Atualmente, os acampados est\u00e3o em mais de 500 acampamentos que lutam pela reforma agr\u00e1ria. De acordo com a coordena\u00e7\u00e3o estadual do MST-MT, somente neste movimento, s\u00e3o mais de 3.000 fam\u00edlias buscando ser assentados. Na [&hellip;]","og_url":"https:\/\/mapasocialmt.org.br\/site\/acampados\/","og_site_name":"Mapa Social MT","article_modified_time":"2025-11-14T12:07:13+00:00","og_image":[{"url":"https:\/\/mapasocialmt.org.br\/site\/wp-content\/uploads\/2025\/10\/acampados.jpg","type":"","width":"","height":""}],"twitter_card":"summary_large_image","twitter_misc":{"Est. tempo de leitura":"2 minutos"},"schema":{"@context":"https:\/\/schema.org","@graph":[{"@type":"WebPage","@id":"https:\/\/mapasocialmt.org.br\/site\/acampados\/","url":"https:\/\/mapasocialmt.org.br\/site\/acampados\/","name":"Acampados - Mapa Social MT","isPartOf":{"@id":"https:\/\/mapasocialmt.org.br\/site\/#website"},"primaryImageOfPage":{"@id":"https:\/\/mapasocialmt.org.br\/site\/acampados\/#primaryimage"},"image":{"@id":"https:\/\/mapasocialmt.org.br\/site\/acampados\/#primaryimage"},"thumbnailUrl":"https:\/\/mapasocialmt.org.br\/site\/wp-content\/uploads\/2025\/10\/acampados.jpg","datePublished":"2025-10-07T15:07:28+00:00","dateModified":"2025-11-14T12:07:13+00:00","breadcrumb":{"@id":"https:\/\/mapasocialmt.org.br\/site\/acampados\/#breadcrumb"},"inLanguage":"pt-BR","potentialAction":[{"@type":"ReadAction","target":["https:\/\/mapasocialmt.org.br\/site\/acampados\/"]}]},{"@type":"ImageObject","inLanguage":"pt-BR","@id":"https:\/\/mapasocialmt.org.br\/site\/acampados\/#primaryimage","url":"https:\/\/mapasocialmt.org.br\/site\/wp-content\/uploads\/2025\/10\/acampados.jpg","contentUrl":"https:\/\/mapasocialmt.org.br\/site\/wp-content\/uploads\/2025\/10\/acampados.jpg","width":1023,"height":816},{"@type":"BreadcrumbList","@id":"https:\/\/mapasocialmt.org.br\/site\/acampados\/#breadcrumb","itemListElement":[{"@type":"ListItem","position":1,"name":"In\u00edcio","item":"https:\/\/mapasocialmt.org.br\/site\/"},{"@type":"ListItem","position":2,"name":"Acampados &#8211; Mapa Social MT"}]},{"@type":"WebSite","@id":"https:\/\/mapasocialmt.org.br\/site\/#website","url":"https:\/\/mapasocialmt.org.br\/site\/","name":"Mapa Social MT","description":"","publisher":{"@id":"https:\/\/mapasocialmt.org.br\/site\/#organization"},"potentialAction":[{"@type":"SearchAction","target":{"@type":"EntryPoint","urlTemplate":"https:\/\/mapasocialmt.org.br\/site\/?s={search_term_string}"},"query-input":{"@type":"PropertyValueSpecification","valueRequired":true,"valueName":"search_term_string"}}],"inLanguage":"pt-BR"},{"@type":"Organization","@id":"https:\/\/mapasocialmt.org.br\/site\/#organization","name":"Mapa Social MT","url":"https:\/\/mapasocialmt.org.br\/site\/","logo":{"@type":"ImageObject","inLanguage":"pt-BR","@id":"https:\/\/mapasocialmt.org.br\/site\/#\/schema\/logo\/image\/","url":"https:\/\/mapasocialmt.org.br\/site\/wp-content\/uploads\/2025\/10\/MapaSocial.jpg","contentUrl":"https:\/\/mapasocialmt.org.br\/site\/wp-content\/uploads\/2025\/10\/MapaSocial.jpg","width":512,"height":512,"caption":"Mapa Social MT"},"image":{"@id":"https:\/\/mapasocialmt.org.br\/site\/#\/schema\/logo\/image\/"}}]}},"_links":{"self":[{"href":"https:\/\/mapasocialmt.org.br\/site\/wp-json\/wp\/v2\/pages\/656","targetHints":{"allow":["GET"]}}],"collection":[{"href":"https:\/\/mapasocialmt.org.br\/site\/wp-json\/wp\/v2\/pages"}],"about":[{"href":"https:\/\/mapasocialmt.org.br\/site\/wp-json\/wp\/v2\/types\/page"}],"author":[{"embeddable":true,"href":"https:\/\/mapasocialmt.org.br\/site\/wp-json\/wp\/v2\/users\/1"}],"replies":[{"embeddable":true,"href":"https:\/\/mapasocialmt.org.br\/site\/wp-json\/wp\/v2\/comments?post=656"}],"version-history":[{"count":88,"href":"https:\/\/mapasocialmt.org.br\/site\/wp-json\/wp\/v2\/pages\/656\/revisions"}],"predecessor-version":[{"id":1242,"href":"https:\/\/mapasocialmt.org.br\/site\/wp-json\/wp\/v2\/pages\/656\/revisions\/1242"}],"wp:attachment":[{"href":"https:\/\/mapasocialmt.org.br\/site\/wp-json\/wp\/v2\/media?parent=656"}],"curies":[{"name":"wp","href":"https:\/\/api.w.org\/{rel}","templated":true}]}}