{"id":1790,"date":"2026-04-28T10:14:30","date_gmt":"2026-04-28T13:14:30","guid":{"rendered":"https:\/\/mapasocialmt.org.br\/site\/?page_id=1790"},"modified":"2026-04-28T15:12:00","modified_gmt":"2026-04-28T18:12:00","slug":"povos-quilombolas-mapa-social-mt","status":"publish","type":"page","link":"https:\/\/mapasocialmt.org.br\/site\/povos-quilombolas-mapa-social-mt\/","title":{"rendered":"Povos Quilombolas &#8211; Mapa Social MT"},"content":{"rendered":"\t\t<div data-elementor-type=\"wp-page\" data-elementor-id=\"1790\" class=\"elementor elementor-1790\" data-elementor-post-type=\"page\">\n\t\t\t\t<div class=\"elementor-element elementor-element-26c7662 e-flex e-con-boxed e-con e-parent\" data-id=\"26c7662\" data-element_type=\"container\" data-e-type=\"container\">\n\t\t\t\t\t<div class=\"e-con-inner\">\n\t\t<div class=\"elementor-element elementor-element-73f61a5 e-con-full e-flex e-con e-child\" data-id=\"73f61a5\" data-element_type=\"container\" data-e-type=\"container\">\n\t\t\t\t<div class=\"elementor-element elementor-element-7e79da5 elementor-icon-list--layout-traditional elementor-list-item-link-full_width elementor-widget elementor-widget-icon-list\" data-id=\"7e79da5\" data-element_type=\"widget\" data-e-type=\"widget\" data-widget_type=\"icon-list.default\">\n\t\t\t\t\t\t\t<ul class=\"elementor-icon-list-items\">\n\t\t\t\t\t\t\t<li class=\"elementor-icon-list-item\">\n\t\t\t\t\t\t\t\t\t\t<span class=\"elementor-icon-list-text\">Povos Quilombolas<\/span>\n\t\t\t\t\t\t\t\t\t<\/li>\n\t\t\t\t\t\t<\/ul>\n\t\t\t\t\t\t<\/div>\n\t\t\t\t<div class=\"elementor-element elementor-element-0f8088c elementor-widget elementor-widget-text-editor\" data-id=\"0f8088c\" data-element_type=\"widget\" data-e-type=\"widget\" data-widget_type=\"text-editor.default\">\n\t\t\t\t\t\t\t\t\t<p>Atualmente, estima\u2010se que existam mais de 4.500 comunidades remanescentes no Brasil, tanto urbanas quanto rurais. E, at\u00e9 o momento, somente 1.418 delas foram certificadas pela Funda\u00e7\u00e3o Cultural Palmares (FCP)13 ligada ao Minist\u00e9rio da Cultura. Segundo a FCP, MT tem mais de 60 comunidades reconhecidas. (&#8230;) O reconhecimento destas comunidades \u00e9 um processo din\u00e2mico e reconhecemos que podem existir comunidades n\u00e3o registradas pela pesquisa. Assim, \u00e9 relevante frisar que este estudo n\u00e3o se trata de um censo e nem mesmo de um levantamento exaustivo, mas de um panorama da situa\u00e7\u00e3o atual, um retrato \u2013 ainda que tempor\u00e1rio \u2013 das atuais Comunidades Quilombolas reconhecidas no Estado.<\/p>\t\t\t\t\t\t\t\t<\/div>\n\t\t\t\t<div class=\"elementor-element elementor-element-a7999b5 elementor-widget-divider--view-line elementor-widget elementor-widget-divider\" data-id=\"a7999b5\" data-element_type=\"widget\" data-e-type=\"widget\" data-widget_type=\"divider.default\">\n\t\t\t\t\t\t\t<div class=\"elementor-divider\">\n\t\t\t<span class=\"elementor-divider-separator\">\n\t\t\t\t\t\t<\/span>\n\t\t<\/div>\n\t\t\t\t\t\t<\/div>\n\t\t\t\t<\/div>\n\t\t<div class=\"elementor-element elementor-element-73d3066 e-con-full e-flex e-con e-child\" data-id=\"73d3066\" data-element_type=\"container\" data-e-type=\"container\">\n\t\t\t\t<div class=\"elementor-element elementor-element-e789795 elementor-widget elementor-widget-image\" data-id=\"e789795\" data-element_type=\"widget\" data-e-type=\"widget\" data-widget_type=\"image.default\">\n\t\t\t\t\t\t\t\t\t\t\t\t\t\t\t<img fetchpriority=\"high\" decoding=\"async\" width=\"517\" height=\"458\" src=\"https:\/\/mapasocialmt.org.br\/site\/wp-content\/uploads\/2026\/04\/quilombolas.jpg\" class=\"attachment-full size-full wp-image-1792\" alt=\"\" srcset=\"https:\/\/mapasocialmt.org.br\/site\/wp-content\/uploads\/2026\/04\/quilombolas.jpg 517w, https:\/\/mapasocialmt.org.br\/site\/wp-content\/uploads\/2026\/04\/quilombolas-300x266.jpg 300w\" sizes=\"(max-width: 517px) 100vw, 517px\" \/>\t\t\t\t\t\t\t\t\t\t\t\t\t\t\t<\/div>\n\t\t\t\t<div class=\"elementor-element elementor-element-1c60d51 elementor-widget elementor-widget-button\" data-id=\"1c60d51\" data-element_type=\"widget\" data-e-type=\"widget\" data-widget_type=\"button.default\">\n\t\t\t\t\t\t\t\t\t\t<a class=\"elementor-button elementor-button-link elementor-size-sm\" href=\"https:\/\/mapasocialmt.org.br\/mapa\/#grupo=quilombolas\" target=\"_blank\">\n\t\t\t\t\t\t<span class=\"elementor-button-content-wrapper\">\n\t\t\t\t\t\t\t\t\t<span class=\"elementor-button-text\">Mapa completo<\/span>\n\t\t\t\t\t<\/span>\n\t\t\t\t\t<\/a>\n\t\t\t\t\t\t\t\t<\/div>\n\t\t\t\t<div class=\"elementor-element elementor-element-8a8140e elementor-widget elementor-widget-text-editor\" data-id=\"8a8140e\" data-element_type=\"widget\" data-e-type=\"widget\" data-widget_type=\"text-editor.default\">\n\t\t\t\t\t\t\t\t\t<p>Refer\u00eancia: SILVA, Regina Aparecida da. Do invis\u00edvel ao vis\u00edvel: o mapeamento dos grupos sociais do estado de Mato Grosso &#8211; Brasil. S\u00e3o Carlos: UFscar, 2011.<\/p><p>\u00a0<\/p>\t\t\t\t\t\t\t\t<\/div>\n\t\t\t\t<\/div>\n\t\t\t\t\t<\/div>\n\t\t\t\t<\/div>\n\t\t\t\t<\/div>\n\t\t","protected":false},"excerpt":{"rendered":"<p>Povos Quilombolas Atualmente, estima\u2010se que existam mais de 4.500 comunidades remanescentes no Brasil, tanto urbanas quanto rurais. E, at\u00e9 o momento, somente 1.418 delas foram certificadas pela Funda\u00e7\u00e3o Cultural Palmares (FCP)13 ligada ao Minist\u00e9rio da Cultura. Segundo a FCP, MT tem mais de 60 comunidades reconhecidas. (&#8230;) O reconhecimento destas comunidades \u00e9 um processo din\u00e2mico [&hellip;]<\/p>\n","protected":false},"author":1,"featured_media":0,"parent":0,"menu_order":0,"comment_status":"closed","ping_status":"closed","template":"elementor_header_footer","meta":{"footnotes":""},"class_list":["post-1790","page","type-page","status-publish","hentry"],"yoast_head":"<!-- This site is optimized with the Yoast SEO plugin v27.5 - https:\/\/yoast.com\/product\/yoast-seo-wordpress\/ -->\n<title>Povos Quilombolas - Mapa Social MT<\/title>\n<meta name=\"robots\" content=\"index, follow, max-snippet:-1, max-image-preview:large, max-video-preview:-1\" \/>\n<link rel=\"canonical\" href=\"https:\/\/mapasocialmt.org.br\/site\/povos-quilombolas-mapa-social-mt\/\" \/>\n<meta property=\"og:locale\" content=\"pt_BR\" \/>\n<meta property=\"og:type\" content=\"article\" \/>\n<meta property=\"og:title\" content=\"Povos Quilombolas - Mapa Social MT\" \/>\n<meta property=\"og:description\" content=\"Povos Quilombolas Atualmente, estima\u2010se que existam mais de 4.500 comunidades remanescentes no Brasil, tanto urbanas quanto rurais. E, at\u00e9 o momento, somente 1.418 delas foram certificadas pela Funda\u00e7\u00e3o Cultural Palmares (FCP)13 ligada ao Minist\u00e9rio da Cultura. Segundo a FCP, MT tem mais de 60 comunidades reconhecidas. (&#8230;) O reconhecimento destas comunidades \u00e9 um processo din\u00e2mico [&hellip;]\" \/>\n<meta property=\"og:url\" content=\"https:\/\/mapasocialmt.org.br\/site\/povos-quilombolas-mapa-social-mt\/\" \/>\n<meta property=\"og:site_name\" content=\"Mapa Social MT\" \/>\n<meta property=\"article:modified_time\" content=\"2026-04-28T18:12:00+00:00\" \/>\n<meta property=\"og:image\" content=\"https:\/\/mapasocialmt.org.br\/site\/wp-content\/uploads\/2026\/04\/quilombolas.jpg\" \/>\n<meta name=\"twitter:card\" content=\"summary_large_image\" \/>\n<meta name=\"twitter:label1\" content=\"Est. tempo de leitura\" \/>\n\t<meta name=\"twitter:data1\" content=\"1 minuto\" \/>\n<script type=\"application\/ld+json\" class=\"yoast-schema-graph\">{\"@context\":\"https:\\\/\\\/schema.org\",\"@graph\":[{\"@type\":\"WebPage\",\"@id\":\"https:\\\/\\\/mapasocialmt.org.br\\\/site\\\/povos-quilombolas-mapa-social-mt\\\/\",\"url\":\"https:\\\/\\\/mapasocialmt.org.br\\\/site\\\/povos-quilombolas-mapa-social-mt\\\/\",\"name\":\"Povos Quilombolas - Mapa Social MT\",\"isPartOf\":{\"@id\":\"https:\\\/\\\/mapasocialmt.org.br\\\/site\\\/#website\"},\"primaryImageOfPage\":{\"@id\":\"https:\\\/\\\/mapasocialmt.org.br\\\/site\\\/povos-quilombolas-mapa-social-mt\\\/#primaryimage\"},\"image\":{\"@id\":\"https:\\\/\\\/mapasocialmt.org.br\\\/site\\\/povos-quilombolas-mapa-social-mt\\\/#primaryimage\"},\"thumbnailUrl\":\"https:\\\/\\\/mapasocialmt.org.br\\\/site\\\/wp-content\\\/uploads\\\/2026\\\/04\\\/quilombolas.jpg\",\"datePublished\":\"2026-04-28T13:14:30+00:00\",\"dateModified\":\"2026-04-28T18:12:00+00:00\",\"breadcrumb\":{\"@id\":\"https:\\\/\\\/mapasocialmt.org.br\\\/site\\\/povos-quilombolas-mapa-social-mt\\\/#breadcrumb\"},\"inLanguage\":\"pt-BR\",\"potentialAction\":[{\"@type\":\"ReadAction\",\"target\":[\"https:\\\/\\\/mapasocialmt.org.br\\\/site\\\/povos-quilombolas-mapa-social-mt\\\/\"]}]},{\"@type\":\"ImageObject\",\"inLanguage\":\"pt-BR\",\"@id\":\"https:\\\/\\\/mapasocialmt.org.br\\\/site\\\/povos-quilombolas-mapa-social-mt\\\/#primaryimage\",\"url\":\"https:\\\/\\\/mapasocialmt.org.br\\\/site\\\/wp-content\\\/uploads\\\/2026\\\/04\\\/quilombolas.jpg\",\"contentUrl\":\"https:\\\/\\\/mapasocialmt.org.br\\\/site\\\/wp-content\\\/uploads\\\/2026\\\/04\\\/quilombolas.jpg\",\"width\":517,\"height\":458},{\"@type\":\"BreadcrumbList\",\"@id\":\"https:\\\/\\\/mapasocialmt.org.br\\\/site\\\/povos-quilombolas-mapa-social-mt\\\/#breadcrumb\",\"itemListElement\":[{\"@type\":\"ListItem\",\"position\":1,\"name\":\"In\u00edcio\",\"item\":\"https:\\\/\\\/mapasocialmt.org.br\\\/site\\\/\"},{\"@type\":\"ListItem\",\"position\":2,\"name\":\"Povos Quilombolas &#8211; Mapa Social MT\"}]},{\"@type\":\"WebSite\",\"@id\":\"https:\\\/\\\/mapasocialmt.org.br\\\/site\\\/#website\",\"url\":\"https:\\\/\\\/mapasocialmt.org.br\\\/site\\\/\",\"name\":\"Mapa Social MT\",\"description\":\"\",\"publisher\":{\"@id\":\"https:\\\/\\\/mapasocialmt.org.br\\\/site\\\/#organization\"},\"potentialAction\":[{\"@type\":\"SearchAction\",\"target\":{\"@type\":\"EntryPoint\",\"urlTemplate\":\"https:\\\/\\\/mapasocialmt.org.br\\\/site\\\/?s={search_term_string}\"},\"query-input\":{\"@type\":\"PropertyValueSpecification\",\"valueRequired\":true,\"valueName\":\"search_term_string\"}}],\"inLanguage\":\"pt-BR\"},{\"@type\":\"Organization\",\"@id\":\"https:\\\/\\\/mapasocialmt.org.br\\\/site\\\/#organization\",\"name\":\"Mapa Social MT\",\"url\":\"https:\\\/\\\/mapasocialmt.org.br\\\/site\\\/\",\"logo\":{\"@type\":\"ImageObject\",\"inLanguage\":\"pt-BR\",\"@id\":\"https:\\\/\\\/mapasocialmt.org.br\\\/site\\\/#\\\/schema\\\/logo\\\/image\\\/\",\"url\":\"https:\\\/\\\/mapasocialmt.org.br\\\/site\\\/wp-content\\\/uploads\\\/2025\\\/10\\\/MapaSocial.jpg\",\"contentUrl\":\"https:\\\/\\\/mapasocialmt.org.br\\\/site\\\/wp-content\\\/uploads\\\/2025\\\/10\\\/MapaSocial.jpg\",\"width\":512,\"height\":512,\"caption\":\"Mapa Social MT\"},\"image\":{\"@id\":\"https:\\\/\\\/mapasocialmt.org.br\\\/site\\\/#\\\/schema\\\/logo\\\/image\\\/\"}}]}<\/script>\n<!-- \/ Yoast SEO plugin. -->","yoast_head_json":{"title":"Povos Quilombolas - Mapa Social MT","robots":{"index":"index","follow":"follow","max-snippet":"max-snippet:-1","max-image-preview":"max-image-preview:large","max-video-preview":"max-video-preview:-1"},"canonical":"https:\/\/mapasocialmt.org.br\/site\/povos-quilombolas-mapa-social-mt\/","og_locale":"pt_BR","og_type":"article","og_title":"Povos Quilombolas - Mapa Social MT","og_description":"Povos Quilombolas Atualmente, estima\u2010se que existam mais de 4.500 comunidades remanescentes no Brasil, tanto urbanas quanto rurais. E, at\u00e9 o momento, somente 1.418 delas foram certificadas pela Funda\u00e7\u00e3o Cultural Palmares (FCP)13 ligada ao Minist\u00e9rio da Cultura. Segundo a FCP, MT tem mais de 60 comunidades reconhecidas. (&#8230;) O reconhecimento destas comunidades \u00e9 um processo din\u00e2mico [&hellip;]","og_url":"https:\/\/mapasocialmt.org.br\/site\/povos-quilombolas-mapa-social-mt\/","og_site_name":"Mapa Social MT","article_modified_time":"2026-04-28T18:12:00+00:00","og_image":[{"url":"https:\/\/mapasocialmt.org.br\/site\/wp-content\/uploads\/2026\/04\/quilombolas.jpg","type":"","width":"","height":""}],"twitter_card":"summary_large_image","twitter_misc":{"Est. tempo de leitura":"1 minuto"},"schema":{"@context":"https:\/\/schema.org","@graph":[{"@type":"WebPage","@id":"https:\/\/mapasocialmt.org.br\/site\/povos-quilombolas-mapa-social-mt\/","url":"https:\/\/mapasocialmt.org.br\/site\/povos-quilombolas-mapa-social-mt\/","name":"Povos Quilombolas - Mapa Social MT","isPartOf":{"@id":"https:\/\/mapasocialmt.org.br\/site\/#website"},"primaryImageOfPage":{"@id":"https:\/\/mapasocialmt.org.br\/site\/povos-quilombolas-mapa-social-mt\/#primaryimage"},"image":{"@id":"https:\/\/mapasocialmt.org.br\/site\/povos-quilombolas-mapa-social-mt\/#primaryimage"},"thumbnailUrl":"https:\/\/mapasocialmt.org.br\/site\/wp-content\/uploads\/2026\/04\/quilombolas.jpg","datePublished":"2026-04-28T13:14:30+00:00","dateModified":"2026-04-28T18:12:00+00:00","breadcrumb":{"@id":"https:\/\/mapasocialmt.org.br\/site\/povos-quilombolas-mapa-social-mt\/#breadcrumb"},"inLanguage":"pt-BR","potentialAction":[{"@type":"ReadAction","target":["https:\/\/mapasocialmt.org.br\/site\/povos-quilombolas-mapa-social-mt\/"]}]},{"@type":"ImageObject","inLanguage":"pt-BR","@id":"https:\/\/mapasocialmt.org.br\/site\/povos-quilombolas-mapa-social-mt\/#primaryimage","url":"https:\/\/mapasocialmt.org.br\/site\/wp-content\/uploads\/2026\/04\/quilombolas.jpg","contentUrl":"https:\/\/mapasocialmt.org.br\/site\/wp-content\/uploads\/2026\/04\/quilombolas.jpg","width":517,"height":458},{"@type":"BreadcrumbList","@id":"https:\/\/mapasocialmt.org.br\/site\/povos-quilombolas-mapa-social-mt\/#breadcrumb","itemListElement":[{"@type":"ListItem","position":1,"name":"In\u00edcio","item":"https:\/\/mapasocialmt.org.br\/site\/"},{"@type":"ListItem","position":2,"name":"Povos Quilombolas &#8211; Mapa Social MT"}]},{"@type":"WebSite","@id":"https:\/\/mapasocialmt.org.br\/site\/#website","url":"https:\/\/mapasocialmt.org.br\/site\/","name":"Mapa Social MT","description":"","publisher":{"@id":"https:\/\/mapasocialmt.org.br\/site\/#organization"},"potentialAction":[{"@type":"SearchAction","target":{"@type":"EntryPoint","urlTemplate":"https:\/\/mapasocialmt.org.br\/site\/?s={search_term_string}"},"query-input":{"@type":"PropertyValueSpecification","valueRequired":true,"valueName":"search_term_string"}}],"inLanguage":"pt-BR"},{"@type":"Organization","@id":"https:\/\/mapasocialmt.org.br\/site\/#organization","name":"Mapa Social MT","url":"https:\/\/mapasocialmt.org.br\/site\/","logo":{"@type":"ImageObject","inLanguage":"pt-BR","@id":"https:\/\/mapasocialmt.org.br\/site\/#\/schema\/logo\/image\/","url":"https:\/\/mapasocialmt.org.br\/site\/wp-content\/uploads\/2025\/10\/MapaSocial.jpg","contentUrl":"https:\/\/mapasocialmt.org.br\/site\/wp-content\/uploads\/2025\/10\/MapaSocial.jpg","width":512,"height":512,"caption":"Mapa Social MT"},"image":{"@id":"https:\/\/mapasocialmt.org.br\/site\/#\/schema\/logo\/image\/"}}]}},"_links":{"self":[{"href":"https:\/\/mapasocialmt.org.br\/site\/wp-json\/wp\/v2\/pages\/1790","targetHints":{"allow":["GET"]}}],"collection":[{"href":"https:\/\/mapasocialmt.org.br\/site\/wp-json\/wp\/v2\/pages"}],"about":[{"href":"https:\/\/mapasocialmt.org.br\/site\/wp-json\/wp\/v2\/types\/page"}],"author":[{"embeddable":true,"href":"https:\/\/mapasocialmt.org.br\/site\/wp-json\/wp\/v2\/users\/1"}],"replies":[{"embeddable":true,"href":"https:\/\/mapasocialmt.org.br\/site\/wp-json\/wp\/v2\/comments?post=1790"}],"version-history":[{"count":13,"href":"https:\/\/mapasocialmt.org.br\/site\/wp-json\/wp\/v2\/pages\/1790\/revisions"}],"predecessor-version":[{"id":1842,"href":"https:\/\/mapasocialmt.org.br\/site\/wp-json\/wp\/v2\/pages\/1790\/revisions\/1842"}],"wp:attachment":[{"href":"https:\/\/mapasocialmt.org.br\/site\/wp-json\/wp\/v2\/media?parent=1790"}],"curies":[{"name":"wp","href":"https:\/\/api.w.org\/{rel}","templated":true}]}}